{"id":17886,"date":"2025-07-16T10:31:44","date_gmt":"2025-07-16T08:31:44","guid":{"rendered":"https:\/\/uj.adatbank.ro\/lexikon\/termek\/pernyeszi-zsigmond-osztopani\/"},"modified":"2025-07-16T10:31:44","modified_gmt":"2025-07-16T08:31:44","slug":"pernyeszi-zsigmond-osztopani","status":"publish","type":"product","link":"https:\/\/uj.adatbank.ro\/lexikon\/termek\/pernyeszi-zsigmond-osztopani\/","title":{"rendered":"PERNYESZI Zsigmond, osztop\u00e1ni"},"content":{"rendered":"<p>? \u2020\u00a0?\u00a0: el\u0151kel\u0151 erd\u00e9lyi nemes birtokos Kir\u00e1lyfalv\u00e1n (Kisk\u00fck\u00fcll\u0151m.). \u2013 A szult\u00e1n t\u00e1bor\u00e1ba \u00e9l\u00e9st szolg\u00e1ltat\u00f3 f\u0151k\u00f6vets\u00e9g sz\u00e1m\u00e1ra kivetett ad\u00f3 perceptora (1674). K\u00fck\u00fcll\u0151 vm. f\u0151b\u00edr\u00e1ja (1681\u2013), aludvarmester (1681\u201390). R\u00e9szt vett az orsz\u00e1gos \u00fcgyekben is, egyik k\u00f6vet volt az erd\u00e9lyi fejedelem r\u00e9sz\u00e9r\u0151l a b\u00e9csi udvarral k\u00f6tend\u0151 szerz\u0151d\u00e9s \u00fcgy\u00e9ben (1686). Igen vall\u00e1sos, istenf\u00e9l\u0151 ref. ember volt. A magyarkir\u00e1lyfalvi ref. egyh\u00e1znak \u00f3n boroskann\u00e1t aj\u00e1nd\u00e9kozott (1683). Ezt \u00edrja r\u00f3la Bod P\u00e9ter: \u00bbEz a Pernyeszi Zsigmond \u00f6reg idej\u00e9ben kegyess\u00e9g\u00e9t szorgalmatoson gyakorl\u00f3 ember volt mind egyebekben, s mind nevezetesen abban, hogy nem csak k\u00f6ny\u00f6rg\u00e9st tett maga H\u00e1z\u00e1ban csel\u00e9di k\u00f6z\u00f6tt; hanem minden Vas\u00e1rnap reggel rendes Isteni tiszteletnek el\u0151tte az Isten besz\u00e9d\u00e9t magyar\u00e1zta a maga H\u00e1z\u00e1n\u00e1l maganoson Tsel\u00e9dinek\u00ab. Kassai Borb\u00e1l\u00e1t\u00f3l (Keresztessy S\u00e1mueln\u00e9t\u0151l) a b\u00e1tosi j\u00f3sz\u00e1got kapta, mely hal\u00e1la ut\u00e1n L\u00e1z\u00e1r Gy\u00f6rgyh\u00f6z ker\u00fclt. \u2013 <strong>F. m.:<\/strong> A Kegyes L\u00e9leknek lelki vigasztal\u00e1st szerz\u0151 Idvess\u00e9g Paissa. Mellyet: Az Isten Anyaszentegyh\u00e1z\u00e1nak a Magyar Nemzetben l\u00e9v\u0151 igaz tagjainak lelki hasznokra ford\u00edtott Avenarius J\u00e1nosb\u00f3l&#8230; (Kv, 1676). (Az aj\u00e1nl\u00e1s \u00bbIstennek igaz h\u00edveinek\u00ab sz\u00f3l; al\u00e1\u00edrva: \u00bbAz nyomorusagok szenved\u00e9s\u00e9ben t\u00e1rsotok, a Christus ismeretiben egy\u00fcgy\u00fc aty\u00e1tokfia, az Politiaban penig al\u00e1zatos szolgatok O. P. S.\u00ab 2. kiad\u00e1s. L\u0151cse, 1693.); Az Isten Anyaszentegyhazaban Lelki harczot tart\u00f3 Vit\u00e9zeknek lelki sebek f\u00e1jdalm\u00e1t enyhit\u0151 Lelki Flastrom. Mellyet: Egy tud\u00f3s Doctornac Lelkek sebeit enyhiteni kiv\u00e1n\u00f3 hivek sz\u00e1m\u00e1ra, nagy tan\u00e1tsal, \u00e9s munk\u00e1val \u00e1llitott, Lelki Patik\u00e1j\u00e1bol k\u00e9sz\u00edtett&#8230; (Kv., 1678); Vil\u00e1gi Bujdoso, \u00c9let\u00fcnknek Kedves Utit\u00e1rsa, Mellyet: szerzett mennyei \u00e9des egy Christus Szolg\u00e1ja Haz\u00e1j\u00e1ra siet\u0151 vil\u00e1gi bujdos\u00e1s\u00e1ban val\u00f3 lelki Uti t\u00e1rsul, hogy m\u00edg el-\u00e9ri b\u00f3ldog cz\u00e9lj\u00e1t, \u00e9s lelk\u00e9nek \u00e9des mennyei Atya orsz\u00e1g\u00e1ban val\u00f3 tsendes meg-nyugov\u00e1s\u00e1t, legyen mind mag\u00e1nak, s mind m\u00e1s Idvess\u00e9geket szomjuhoz\u00f3 feleinek s nemzet\u00e9nek vigasztal\u00e1s\u00e1ra. (Szeben, 1709). <br \/><strong>Irod.:<\/strong> Hor\u00e1nyi; Szinnyei; Teleki Mih\u00e1ly udvartart\u00e1si napl\u00f3ja (1673\u20131681) (Kv., 2007)<\/br><\/p>\n","protected":false},"excerpt":{"rendered":"<p>? \u2020\u00a0?\u00a0: el\u0151kel\u0151 erd\u00e9lyi nemes birtokos Kir\u00e1lyfalv\u00e1n (Kisk\u00fck\u00fcll\u0151m.). \u2013 A szult\u00e1n t\u00e1bor\u00e1ba \u00e9l\u00e9st szolg\u00e1ltat\u00f3 f\u0151k\u00f6vets\u00e9g sz\u00e1m\u00e1ra kivetett ad\u00f3 perceptora (1674). K\u00fck\u00fcll\u0151 vm. f\u0151b\u00edr\u00e1ja (1681\u2013), aludvarmester (1681\u201390). R\u00e9szt vett az orsz\u00e1gos \u00fcgyekben is, egyik k\u00f6vet volt az erd\u00e9lyi fejedelem r\u00e9sz\u00e9r\u0151l a b\u00e9csi udvarral k\u00f6tend\u0151 szerz\u0151d\u00e9s \u00fcgy\u00e9ben (1686). Igen vall\u00e1sos, istenf\u00e9l\u0151 ref. ember volt. A magyarkir\u00e1lyfalvi ref. [&hellip;]<\/p>\n","protected":false},"featured_media":0,"comment_status":"open","ping_status":"closed","template":"","meta":[],"product_brand":[],"product_cat":[137],"product_tag":[],"class_list":{"0":"post-17886","1":"product","2":"type-product","3":"status-publish","5":"product_cat-maros-megyei-eletrajzi-lexikon","7":"first","8":"instock","9":"shipping-taxable","10":"product-type-simple"},"_links":{"self":[{"href":"https:\/\/uj.adatbank.ro\/lexikon\/wp-json\/wp\/v2\/product\/17886","targetHints":{"allow":["GET"]}}],"collection":[{"href":"https:\/\/uj.adatbank.ro\/lexikon\/wp-json\/wp\/v2\/product"}],"about":[{"href":"https:\/\/uj.adatbank.ro\/lexikon\/wp-json\/wp\/v2\/types\/product"}],"replies":[{"embeddable":true,"href":"https:\/\/uj.adatbank.ro\/lexikon\/wp-json\/wp\/v2\/comments?post=17886"}],"wp:attachment":[{"href":"https:\/\/uj.adatbank.ro\/lexikon\/wp-json\/wp\/v2\/media?parent=17886"}],"wp:term":[{"taxonomy":"product_brand","embeddable":true,"href":"https:\/\/uj.adatbank.ro\/lexikon\/wp-json\/wp\/v2\/product_brand?post=17886"},{"taxonomy":"product_cat","embeddable":true,"href":"https:\/\/uj.adatbank.ro\/lexikon\/wp-json\/wp\/v2\/product_cat?post=17886"},{"taxonomy":"product_tag","embeddable":true,"href":"https:\/\/uj.adatbank.ro\/lexikon\/wp-json\/wp\/v2\/product_tag?post=17886"}],"curies":[{"name":"wp","href":"https:\/\/api.w.org\/{rel}","templated":true}]}}