{"id":17887,"date":"2025-07-16T10:31:46","date_gmt":"2025-07-16T08:31:46","guid":{"rendered":"https:\/\/uj.adatbank.ro\/lexikon\/termek\/perpessicius-eredeti-neve-dumitru-panaitescu\/"},"modified":"2025-07-16T10:31:46","modified_gmt":"2025-07-16T08:31:46","slug":"perpessicius-eredeti-neve-dumitru-panaitescu","status":"publish","type":"product","link":"https:\/\/uj.adatbank.ro\/lexikon\/termek\/perpessicius-eredeti-neve-dumitru-panaitescu\/","title":{"rendered":"PERPESSICIUS, eredeti neve Dumitru Panaitescu"},"content":{"rendered":"<p>Br\u0103ila, 1891. okt. 21., \u2020 Buk., 1971. m\u00e1rc. 29.: k\u00f6lt\u0151, irodalom kritikus- \u00e9s t\u00f6rt\u00e9n\u00e9sz. \u2013 Mv.-en tan\u00edtott (1920. jan. -szept.). <br \/><strong>Irod.:<\/strong> Dic\u0163ionar antologic de lit. 2.; DGLR; Perpessicius (antol., el\u0151sz\u00f3, bibliogr.Marcel Crihan\u0103; Buc., 1988)<\/br><\/p>\n","protected":false},"excerpt":{"rendered":"<p>Br\u0103ila, 1891. okt. 21., \u2020 Buk., 1971. m\u00e1rc. 29.: k\u00f6lt\u0151, irodalom kritikus- \u00e9s t\u00f6rt\u00e9n\u00e9sz. \u2013 Mv.-en tan\u00edtott (1920. jan. -szept.). Irod.: Dic\u0163ionar antologic de lit. 2.; DGLR; Perpessicius (antol., el\u0151sz\u00f3, bibliogr.Marcel Crihan\u0103; Buc., 1988)<\/p>\n","protected":false},"featured_media":0,"comment_status":"open","ping_status":"closed","template":"","meta":[],"product_brand":[],"product_cat":[137],"product_tag":[],"class_list":{"0":"post-17887","1":"product","2":"type-product","3":"status-publish","5":"product_cat-maros-megyei-eletrajzi-lexikon","7":"first","8":"instock","9":"shipping-taxable","10":"product-type-simple"},"_links":{"self":[{"href":"https:\/\/uj.adatbank.ro\/lexikon\/wp-json\/wp\/v2\/product\/17887","targetHints":{"allow":["GET"]}}],"collection":[{"href":"https:\/\/uj.adatbank.ro\/lexikon\/wp-json\/wp\/v2\/product"}],"about":[{"href":"https:\/\/uj.adatbank.ro\/lexikon\/wp-json\/wp\/v2\/types\/product"}],"replies":[{"embeddable":true,"href":"https:\/\/uj.adatbank.ro\/lexikon\/wp-json\/wp\/v2\/comments?post=17887"}],"wp:attachment":[{"href":"https:\/\/uj.adatbank.ro\/lexikon\/wp-json\/wp\/v2\/media?parent=17887"}],"wp:term":[{"taxonomy":"product_brand","embeddable":true,"href":"https:\/\/uj.adatbank.ro\/lexikon\/wp-json\/wp\/v2\/product_brand?post=17887"},{"taxonomy":"product_cat","embeddable":true,"href":"https:\/\/uj.adatbank.ro\/lexikon\/wp-json\/wp\/v2\/product_cat?post=17887"},{"taxonomy":"product_tag","embeddable":true,"href":"https:\/\/uj.adatbank.ro\/lexikon\/wp-json\/wp\/v2\/product_tag?post=17887"}],"curies":[{"name":"wp","href":"https:\/\/api.w.org\/{rel}","templated":true}]}}