{"id":17888,"date":"2025-07-16T10:31:49","date_gmt":"2025-07-16T08:31:49","guid":{"rendered":"https:\/\/uj.adatbank.ro\/lexikon\/termek\/perta-basil\/"},"modified":"2025-07-16T10:31:49","modified_gmt":"2025-07-16T08:31:49","slug":"perta-basil","status":"publish","type":"product","link":"https:\/\/uj.adatbank.ro\/lexikon\/termek\/perta-basil\/","title":{"rendered":"PER\u0162A, Basil"},"content":{"rendered":"<p>Segesv\u00e1r, 1880., \u2020\u00a0?: gy\u00f3gyszer\u00e9sz. \u2013 Apja \u00c1rvasz\u00e9ki eln\u00f6k volt. Az egyetemet Kv.-on v\u00e9gezte (1905). F\u00f6ldv\u00e1ron (Brass\u00f3) \u00f6n\u00e1ll\u00f3 gy\u00f3gyszer\u00e9sz (1907\u2013). A Gy\u00f3gyszer\u00e9sz Sz\u00f6vets\u00e9g, az ASTRA \u00e9s m\u00e1s egyes\u00fcletek tagja. Az eg\u00e9szs\u00e9g\u00fcgy ter\u00e9n szerzett \u00e9rdemei\u00e9rt a Rom\u00e1n Koronarend lovagi keresztj\u00e9val t\u00fcntett\u00e9k ki. Szabad idej\u00e9ben teniszezett, golfozott.. <br \/><strong>Irod.:<\/strong> Ki kicsoda\u00a0?<\/br><\/p>\n","protected":false},"excerpt":{"rendered":"<p>Segesv\u00e1r, 1880., \u2020\u00a0?: gy\u00f3gyszer\u00e9sz. \u2013 Apja \u00c1rvasz\u00e9ki eln\u00f6k volt. Az egyetemet Kv.-on v\u00e9gezte (1905). F\u00f6ldv\u00e1ron (Brass\u00f3) \u00f6n\u00e1ll\u00f3 gy\u00f3gyszer\u00e9sz (1907\u2013). A Gy\u00f3gyszer\u00e9sz Sz\u00f6vets\u00e9g, az ASTRA \u00e9s m\u00e1s egyes\u00fcletek tagja. Az eg\u00e9szs\u00e9g\u00fcgy ter\u00e9n szerzett \u00e9rdemei\u00e9rt a Rom\u00e1n Koronarend lovagi keresztj\u00e9val t\u00fcntett\u00e9k ki. Szabad idej\u00e9ben teniszezett, golfozott.. Irod.: Ki kicsoda\u00a0?<\/p>\n","protected":false},"featured_media":0,"comment_status":"open","ping_status":"closed","template":"","meta":[],"product_brand":[],"product_cat":[137],"product_tag":[],"class_list":{"0":"post-17888","1":"product","2":"type-product","3":"status-publish","5":"product_cat-maros-megyei-eletrajzi-lexikon","7":"first","8":"instock","9":"shipping-taxable","10":"product-type-simple"},"_links":{"self":[{"href":"https:\/\/uj.adatbank.ro\/lexikon\/wp-json\/wp\/v2\/product\/17888","targetHints":{"allow":["GET"]}}],"collection":[{"href":"https:\/\/uj.adatbank.ro\/lexikon\/wp-json\/wp\/v2\/product"}],"about":[{"href":"https:\/\/uj.adatbank.ro\/lexikon\/wp-json\/wp\/v2\/types\/product"}],"replies":[{"embeddable":true,"href":"https:\/\/uj.adatbank.ro\/lexikon\/wp-json\/wp\/v2\/comments?post=17888"}],"wp:attachment":[{"href":"https:\/\/uj.adatbank.ro\/lexikon\/wp-json\/wp\/v2\/media?parent=17888"}],"wp:term":[{"taxonomy":"product_brand","embeddable":true,"href":"https:\/\/uj.adatbank.ro\/lexikon\/wp-json\/wp\/v2\/product_brand?post=17888"},{"taxonomy":"product_cat","embeddable":true,"href":"https:\/\/uj.adatbank.ro\/lexikon\/wp-json\/wp\/v2\/product_cat?post=17888"},{"taxonomy":"product_tag","embeddable":true,"href":"https:\/\/uj.adatbank.ro\/lexikon\/wp-json\/wp\/v2\/product_tag?post=17888"}],"curies":[{"name":"wp","href":"https:\/\/api.w.org\/{rel}","templated":true}]}}