{"id":1789,"date":"2025-06-28T11:53:12","date_gmt":"2025-06-28T09:53:12","guid":{"rendered":"https:\/\/uj.adatbank.ro\/lexikon\/termek\/ambrus-gyozo\/"},"modified":"2025-06-28T11:53:12","modified_gmt":"2025-06-28T09:53:12","slug":"ambrus-gyozo","status":"publish","type":"product","link":"https:\/\/uj.adatbank.ro\/lexikon\/termek\/ambrus-gyozo\/","title":{"rendered":"AMBRUS Gy\u0151z\u0151"},"content":{"rendered":"<p>Mv.,1935. \u2020\u00a0?: grafikus. \u2013 Londonban telepedett le. A Royal\u0171le of Art-ban v\u00e9gzett. Munk\u00e1i\u00a0: illusztr\u00e1l\u00e1s, r\u00e9zkarcol\u00e1s \u00e9s litograf\u00e1l\u00e1s. <br \/><strong>Irod.:<\/strong> Szab\u00f3\u2013K\u00e1llai<\/br><\/p>\n","protected":false},"excerpt":{"rendered":"<p>Mv.,1935. \u2020\u00a0?: grafikus. \u2013 Londonban telepedett le. A Royal\u0171le of Art-ban v\u00e9gzett. Munk\u00e1i\u00a0: illusztr\u00e1l\u00e1s, r\u00e9zkarcol\u00e1s \u00e9s litograf\u00e1l\u00e1s. Irod.: Szab\u00f3\u2013K\u00e1llai<\/p>\n","protected":false},"featured_media":0,"comment_status":"open","ping_status":"closed","template":"","meta":[],"product_brand":[],"product_cat":[137],"product_tag":[],"class_list":{"0":"post-1789","1":"product","2":"type-product","3":"status-publish","5":"product_cat-maros-megyei-eletrajzi-lexikon","7":"first","8":"instock","9":"shipping-taxable","10":"product-type-simple"},"_links":{"self":[{"href":"https:\/\/uj.adatbank.ro\/lexikon\/wp-json\/wp\/v2\/product\/1789","targetHints":{"allow":["GET"]}}],"collection":[{"href":"https:\/\/uj.adatbank.ro\/lexikon\/wp-json\/wp\/v2\/product"}],"about":[{"href":"https:\/\/uj.adatbank.ro\/lexikon\/wp-json\/wp\/v2\/types\/product"}],"replies":[{"embeddable":true,"href":"https:\/\/uj.adatbank.ro\/lexikon\/wp-json\/wp\/v2\/comments?post=1789"}],"wp:attachment":[{"href":"https:\/\/uj.adatbank.ro\/lexikon\/wp-json\/wp\/v2\/media?parent=1789"}],"wp:term":[{"taxonomy":"product_brand","embeddable":true,"href":"https:\/\/uj.adatbank.ro\/lexikon\/wp-json\/wp\/v2\/product_brand?post=1789"},{"taxonomy":"product_cat","embeddable":true,"href":"https:\/\/uj.adatbank.ro\/lexikon\/wp-json\/wp\/v2\/product_cat?post=1789"},{"taxonomy":"product_tag","embeddable":true,"href":"https:\/\/uj.adatbank.ro\/lexikon\/wp-json\/wp\/v2\/product_tag?post=1789"}],"curies":[{"name":"wp","href":"https:\/\/api.w.org\/{rel}","templated":true}]}}