{"id":17890,"date":"2025-07-16T10:31:52","date_gmt":"2025-07-16T08:31:52","guid":{"rendered":"https:\/\/uj.adatbank.ro\/lexikon\/termek\/pescarus-teodor\/"},"modified":"2025-07-16T10:31:52","modified_gmt":"2025-07-16T08:31:52","slug":"pescarus-teodor","status":"publish","type":"product","link":"https:\/\/uj.adatbank.ro\/lexikon\/termek\/pescarus-teodor\/","title":{"rendered":"PESC\u0102RU\u015e, Teodor"},"content":{"rendered":"<p>1865., \u2020 ? : ort. tan\u00edt\u00f3. \u2013 Tanulm\u00e1nyai: 2 gimn.-i oszt. Versenyvizyg\u00e1lval nyerte a v\u00e9gleges tan\u00edt\u00f3i \u00e1ll\u00e1s\u00e1t G\u00f6rg\u00e9nys\u00f3akn\u00e1n, ahol tan\u00edt\u00f3 volt (1888\u201391). <br \/><strong>Irod.:<\/strong> Dobozi<\/br><\/p>\n","protected":false},"excerpt":{"rendered":"<p>1865., \u2020 ? : ort. tan\u00edt\u00f3. \u2013 Tanulm\u00e1nyai: 2 gimn.-i oszt. Versenyvizyg\u00e1lval nyerte a v\u00e9gleges tan\u00edt\u00f3i \u00e1ll\u00e1s\u00e1t G\u00f6rg\u00e9nys\u00f3akn\u00e1n, ahol tan\u00edt\u00f3 volt (1888\u201391). Irod.: Dobozi<\/p>\n","protected":false},"featured_media":0,"comment_status":"open","ping_status":"closed","template":"","meta":[],"product_brand":[],"product_cat":[137],"product_tag":[],"class_list":{"0":"post-17890","1":"product","2":"type-product","3":"status-publish","5":"product_cat-maros-megyei-eletrajzi-lexikon","7":"first","8":"instock","9":"shipping-taxable","10":"product-type-simple"},"_links":{"self":[{"href":"https:\/\/uj.adatbank.ro\/lexikon\/wp-json\/wp\/v2\/product\/17890","targetHints":{"allow":["GET"]}}],"collection":[{"href":"https:\/\/uj.adatbank.ro\/lexikon\/wp-json\/wp\/v2\/product"}],"about":[{"href":"https:\/\/uj.adatbank.ro\/lexikon\/wp-json\/wp\/v2\/types\/product"}],"replies":[{"embeddable":true,"href":"https:\/\/uj.adatbank.ro\/lexikon\/wp-json\/wp\/v2\/comments?post=17890"}],"wp:attachment":[{"href":"https:\/\/uj.adatbank.ro\/lexikon\/wp-json\/wp\/v2\/media?parent=17890"}],"wp:term":[{"taxonomy":"product_brand","embeddable":true,"href":"https:\/\/uj.adatbank.ro\/lexikon\/wp-json\/wp\/v2\/product_brand?post=17890"},{"taxonomy":"product_cat","embeddable":true,"href":"https:\/\/uj.adatbank.ro\/lexikon\/wp-json\/wp\/v2\/product_cat?post=17890"},{"taxonomy":"product_tag","embeddable":true,"href":"https:\/\/uj.adatbank.ro\/lexikon\/wp-json\/wp\/v2\/product_tag?post=17890"}],"curies":[{"name":"wp","href":"https:\/\/api.w.org\/{rel}","templated":true}]}}