{"id":17891,"date":"2025-07-16T10:31:53","date_gmt":"2025-07-16T08:31:53","guid":{"rendered":"https:\/\/uj.adatbank.ro\/lexikon\/termek\/pesthy-samuel\/"},"modified":"2025-07-16T10:31:53","modified_gmt":"2025-07-16T08:31:53","slug":"pesthy-samuel","status":"publish","type":"product","link":"https:\/\/uj.adatbank.ro\/lexikon\/termek\/pesthy-samuel\/","title":{"rendered":"PESTHY S\u00e1muel"},"content":{"rendered":"<p>?, \u2020\u00a0? 1717. j\u00fan. 15.: unit. pap. \u2013 Toroczkai Mih\u00e1ly fiainak nevel\u0151je Torock\u00f3szentgy\u00f6rgy\u00f6n (1687\u2013), majd visszat\u00e9rt a kv.-i iskol\u00e1ba, ahol koll.-i fel\u00fcgyel\u0151, iskolaf\u0151n\u00f6k (1690. m\u00e1j. 1. \u2013). Tord\u00e1n iskolaigazgat\u00f3 (1691. \u00e1pr. 30.\u201393), papp\u00e1 szentelt\u00e9k, mint a K\u00fck\u00fcll\u0151 megyei Kiss\u00e1ros, ma Magyars\u00e1ros lelkip\u00e1sztora (1693. m\u00e1j. 31.\u20131717). <br \/><strong>Irod.:<\/strong> K\u00e9nosi-Uzoni 1.<\/br><\/p>\n","protected":false},"excerpt":{"rendered":"<p>?, \u2020\u00a0? 1717. j\u00fan. 15.: unit. pap. \u2013 Toroczkai Mih\u00e1ly fiainak nevel\u0151je Torock\u00f3szentgy\u00f6rgy\u00f6n (1687\u2013), majd visszat\u00e9rt a kv.-i iskol\u00e1ba, ahol koll.-i fel\u00fcgyel\u0151, iskolaf\u0151n\u00f6k (1690. m\u00e1j. 1. \u2013). Tord\u00e1n iskolaigazgat\u00f3 (1691. \u00e1pr. 30.\u201393), papp\u00e1 szentelt\u00e9k, mint a K\u00fck\u00fcll\u0151 megyei Kiss\u00e1ros, ma Magyars\u00e1ros lelkip\u00e1sztora (1693. m\u00e1j. 31.\u20131717). Irod.: K\u00e9nosi-Uzoni 1.<\/p>\n","protected":false},"featured_media":0,"comment_status":"open","ping_status":"closed","template":"","meta":[],"product_brand":[],"product_cat":[137],"product_tag":[],"class_list":{"0":"post-17891","1":"product","2":"type-product","3":"status-publish","5":"product_cat-maros-megyei-eletrajzi-lexikon","7":"first","8":"instock","9":"shipping-taxable","10":"product-type-simple"},"_links":{"self":[{"href":"https:\/\/uj.adatbank.ro\/lexikon\/wp-json\/wp\/v2\/product\/17891","targetHints":{"allow":["GET"]}}],"collection":[{"href":"https:\/\/uj.adatbank.ro\/lexikon\/wp-json\/wp\/v2\/product"}],"about":[{"href":"https:\/\/uj.adatbank.ro\/lexikon\/wp-json\/wp\/v2\/types\/product"}],"replies":[{"embeddable":true,"href":"https:\/\/uj.adatbank.ro\/lexikon\/wp-json\/wp\/v2\/comments?post=17891"}],"wp:attachment":[{"href":"https:\/\/uj.adatbank.ro\/lexikon\/wp-json\/wp\/v2\/media?parent=17891"}],"wp:term":[{"taxonomy":"product_brand","embeddable":true,"href":"https:\/\/uj.adatbank.ro\/lexikon\/wp-json\/wp\/v2\/product_brand?post=17891"},{"taxonomy":"product_cat","embeddable":true,"href":"https:\/\/uj.adatbank.ro\/lexikon\/wp-json\/wp\/v2\/product_cat?post=17891"},{"taxonomy":"product_tag","embeddable":true,"href":"https:\/\/uj.adatbank.ro\/lexikon\/wp-json\/wp\/v2\/product_tag?post=17891"}],"curies":[{"name":"wp","href":"https:\/\/api.w.org\/{rel}","templated":true}]}}