{"id":17893,"date":"2025-07-16T10:31:59","date_gmt":"2025-07-16T08:31:59","guid":{"rendered":"https:\/\/uj.adatbank.ro\/lexikon\/termek\/pesti-janos\/"},"modified":"2025-07-16T10:31:59","modified_gmt":"2025-07-16T08:31:59","slug":"pesti-janos","status":"publish","type":"product","link":"https:\/\/uj.adatbank.ro\/lexikon\/termek\/pesti-janos\/","title":{"rendered":"PESTI J\u00e1nos"},"content":{"rendered":"<p>? \u2020 ?: ref. lelk\u00e9sz. \u2013 Kv.-on subscrib\u00e1lt (1665 k.). Uzdiszentp\u00e9terben szolg\u00e1lt (1669 ut\u00e1n), majd Maross\u00e1rpatakon (1679) volt lelk\u00e9sz. Az egyh\u00e1zmegy\u00e9ben szolg\u00e1lt (1682-ben, 1689 \u2013 1696). <br \/><strong>Irod.:<\/strong> \u0150sz<\/br><\/p>\n","protected":false},"excerpt":{"rendered":"<p>? \u2020 ?: ref. lelk\u00e9sz. \u2013 Kv.-on subscrib\u00e1lt (1665 k.). Uzdiszentp\u00e9terben szolg\u00e1lt (1669 ut\u00e1n), majd Maross\u00e1rpatakon (1679) volt lelk\u00e9sz. Az egyh\u00e1zmegy\u00e9ben szolg\u00e1lt (1682-ben, 1689 \u2013 1696). Irod.: \u0150sz<\/p>\n","protected":false},"featured_media":0,"comment_status":"open","ping_status":"closed","template":"","meta":[],"product_brand":[],"product_cat":[137],"product_tag":[],"class_list":{"0":"post-17893","1":"product","2":"type-product","3":"status-publish","5":"product_cat-maros-megyei-eletrajzi-lexikon","7":"first","8":"instock","9":"shipping-taxable","10":"product-type-simple"},"_links":{"self":[{"href":"https:\/\/uj.adatbank.ro\/lexikon\/wp-json\/wp\/v2\/product\/17893","targetHints":{"allow":["GET"]}}],"collection":[{"href":"https:\/\/uj.adatbank.ro\/lexikon\/wp-json\/wp\/v2\/product"}],"about":[{"href":"https:\/\/uj.adatbank.ro\/lexikon\/wp-json\/wp\/v2\/types\/product"}],"replies":[{"embeddable":true,"href":"https:\/\/uj.adatbank.ro\/lexikon\/wp-json\/wp\/v2\/comments?post=17893"}],"wp:attachment":[{"href":"https:\/\/uj.adatbank.ro\/lexikon\/wp-json\/wp\/v2\/media?parent=17893"}],"wp:term":[{"taxonomy":"product_brand","embeddable":true,"href":"https:\/\/uj.adatbank.ro\/lexikon\/wp-json\/wp\/v2\/product_brand?post=17893"},{"taxonomy":"product_cat","embeddable":true,"href":"https:\/\/uj.adatbank.ro\/lexikon\/wp-json\/wp\/v2\/product_cat?post=17893"},{"taxonomy":"product_tag","embeddable":true,"href":"https:\/\/uj.adatbank.ro\/lexikon\/wp-json\/wp\/v2\/product_tag?post=17893"}],"curies":[{"name":"wp","href":"https:\/\/api.w.org\/{rel}","templated":true}]}}