{"id":17894,"date":"2025-07-16T10:32:02","date_gmt":"2025-07-16T08:32:02","guid":{"rendered":"https:\/\/uj.adatbank.ro\/lexikon\/termek\/petcu-mercurie-%c2%a7\/"},"modified":"2025-07-16T10:32:02","modified_gmt":"2025-07-16T08:32:02","slug":"petcu-mercurie-%c2%a7","status":"publish","type":"product","link":"https:\/\/uj.adatbank.ro\/lexikon\/termek\/petcu-mercurie-%c2%a7\/","title":{"rendered":"PETCU, Mercurie, \u00a7"},"content":{"rendered":"<p>Hogine\u015fti (Besszar\u00e1bia), 1933. szept. 19., \u2020 Segesv\u00e1r, 1998. szept. 14.: tan\u00e1r, irodalomt\u00f6rt\u00e9n\u00e9sz, t\u00f6rt\u00e9n\u00e9sz. \u2013 Tanulm\u00e1nyait a \u201ePrincipele Nicolae\u201d L\u00edc.-ban Segesv\u00e1ron (1952), az egyetemet t\u00f6rt\u00e9nelem szakon Buk.-ben v\u00e9gezte (1957), I.-es tan\u00e1ri fokozati vizsg\u00e1t tett (1979). Segesv\u00e1ron tev\u00e9kenykedett mint igazgat\u00f3 a Rajoni M\u0171vel\u0151d\u00e9si H\u00e1zban, majd a Rajoni K\u00f6nyvt\u00e1rban, majd igazgat\u00f3 a T\u00f6rt\u00e9nelmi M\u00fazeumban (1957\u201367); \u00e9s fel\u00fcgyel\u0151 a Tan\u00fcgyi \u00e9s M\u0171vel\u0151d\u00e9s\u00fcgyi Oszt\u00e1lyon Segesv\u00e1r Rajon N\u00e9ptan\u00e1csa keret\u00e9ben (1963 \u201367), t\u00f6rt\u00e9nelemtan\u00e1r a \u201eMircea Eliade\u201d L\u00edc.-ban (1967\u201396), ekkor nyugd\u00edjazt\u00e1k, k\u00f6zben aligazgat\u00f3 (1968\u201370), igazgat\u00f3 is volt (1970\u201371). Munkat\u00e1rsa volt a Glasul Cet\u0103\u0163ii c. segesv\u00e1ri lapnak. <strong>F. m.:<\/strong> <strong>t\u00e1rssz.:<\/strong> ASTRA Sighi\u015forean\u0103 (1871\u20131950) \u015fi Horia Teculescu (1897\u20131942) (Gh. Gavril\u0103-val; Sighi\u015foara, 1999). <br \/><strong>Irod.:<\/strong> Cosma; Todea 2013<\/br><\/p>\n","protected":false},"excerpt":{"rendered":"<p>Hogine\u015fti (Besszar\u00e1bia), 1933. szept. 19., \u2020 Segesv\u00e1r, 1998. szept. 14.: tan\u00e1r, irodalomt\u00f6rt\u00e9n\u00e9sz, t\u00f6rt\u00e9n\u00e9sz. \u2013 Tanulm\u00e1nyait a \u201ePrincipele Nicolae\u201d L\u00edc.-ban Segesv\u00e1ron (1952), az egyetemet t\u00f6rt\u00e9nelem szakon Buk.-ben v\u00e9gezte (1957), I.-es tan\u00e1ri fokozati vizsg\u00e1t tett (1979). Segesv\u00e1ron tev\u00e9kenykedett mint igazgat\u00f3 a Rajoni M\u0171vel\u0151d\u00e9si H\u00e1zban, majd a Rajoni K\u00f6nyvt\u00e1rban, majd igazgat\u00f3 a T\u00f6rt\u00e9nelmi M\u00fazeumban (1957\u201367); \u00e9s fel\u00fcgyel\u0151 a [&hellip;]<\/p>\n","protected":false},"featured_media":0,"comment_status":"open","ping_status":"closed","template":"","meta":[],"product_brand":[],"product_cat":[137],"product_tag":[],"class_list":{"0":"post-17894","1":"product","2":"type-product","3":"status-publish","5":"product_cat-maros-megyei-eletrajzi-lexikon","7":"first","8":"instock","9":"shipping-taxable","10":"product-type-simple"},"_links":{"self":[{"href":"https:\/\/uj.adatbank.ro\/lexikon\/wp-json\/wp\/v2\/product\/17894","targetHints":{"allow":["GET"]}}],"collection":[{"href":"https:\/\/uj.adatbank.ro\/lexikon\/wp-json\/wp\/v2\/product"}],"about":[{"href":"https:\/\/uj.adatbank.ro\/lexikon\/wp-json\/wp\/v2\/types\/product"}],"replies":[{"embeddable":true,"href":"https:\/\/uj.adatbank.ro\/lexikon\/wp-json\/wp\/v2\/comments?post=17894"}],"wp:attachment":[{"href":"https:\/\/uj.adatbank.ro\/lexikon\/wp-json\/wp\/v2\/media?parent=17894"}],"wp:term":[{"taxonomy":"product_brand","embeddable":true,"href":"https:\/\/uj.adatbank.ro\/lexikon\/wp-json\/wp\/v2\/product_brand?post=17894"},{"taxonomy":"product_cat","embeddable":true,"href":"https:\/\/uj.adatbank.ro\/lexikon\/wp-json\/wp\/v2\/product_cat?post=17894"},{"taxonomy":"product_tag","embeddable":true,"href":"https:\/\/uj.adatbank.ro\/lexikon\/wp-json\/wp\/v2\/product_tag?post=17894"}],"curies":[{"name":"wp","href":"https:\/\/api.w.org\/{rel}","templated":true}]}}