{"id":17897,"date":"2025-07-16T10:32:08","date_gmt":"2025-07-16T08:32:08","guid":{"rendered":"https:\/\/uj.adatbank.ro\/lexikon\/termek\/pete-gyula\/"},"modified":"2025-07-16T10:32:08","modified_gmt":"2025-07-16T08:32:08","slug":"pete-gyula","status":"publish","type":"product","link":"https:\/\/uj.adatbank.ro\/lexikon\/termek\/pete-gyula\/","title":{"rendered":"PETE Gyula"},"content":{"rendered":"<p>Mez\u0151panit, 1885., \u2020\u00a0?: birtokos. \u2013 Feles\u00e9ge Ga\u00e1l Ilona. \u2013 Mez\u0151panitban volt birtokos \u00e9s 10 \u00e9vig a k\u00f6zs\u00e9gi b\u00edr\u00f3. Panitban malomtulajdonos is volt (1926). <br \/><strong>Irod.:<\/strong> Erd\u00e9lyi v\u00e1rmegy\u00e9k; Pan\u0103<\/br><\/p>\n","protected":false},"excerpt":{"rendered":"<p>Mez\u0151panit, 1885., \u2020\u00a0?: birtokos. \u2013 Feles\u00e9ge Ga\u00e1l Ilona. \u2013 Mez\u0151panitban volt birtokos \u00e9s 10 \u00e9vig a k\u00f6zs\u00e9gi b\u00edr\u00f3. Panitban malomtulajdonos is volt (1926). Irod.: Erd\u00e9lyi v\u00e1rmegy\u00e9k; Pan\u0103<\/p>\n","protected":false},"featured_media":0,"comment_status":"open","ping_status":"closed","template":"","meta":[],"product_brand":[],"product_cat":[137],"product_tag":[],"class_list":{"0":"post-17897","1":"product","2":"type-product","3":"status-publish","5":"product_cat-maros-megyei-eletrajzi-lexikon","7":"first","8":"instock","9":"shipping-taxable","10":"product-type-simple"},"_links":{"self":[{"href":"https:\/\/uj.adatbank.ro\/lexikon\/wp-json\/wp\/v2\/product\/17897","targetHints":{"allow":["GET"]}}],"collection":[{"href":"https:\/\/uj.adatbank.ro\/lexikon\/wp-json\/wp\/v2\/product"}],"about":[{"href":"https:\/\/uj.adatbank.ro\/lexikon\/wp-json\/wp\/v2\/types\/product"}],"replies":[{"embeddable":true,"href":"https:\/\/uj.adatbank.ro\/lexikon\/wp-json\/wp\/v2\/comments?post=17897"}],"wp:attachment":[{"href":"https:\/\/uj.adatbank.ro\/lexikon\/wp-json\/wp\/v2\/media?parent=17897"}],"wp:term":[{"taxonomy":"product_brand","embeddable":true,"href":"https:\/\/uj.adatbank.ro\/lexikon\/wp-json\/wp\/v2\/product_brand?post=17897"},{"taxonomy":"product_cat","embeddable":true,"href":"https:\/\/uj.adatbank.ro\/lexikon\/wp-json\/wp\/v2\/product_cat?post=17897"},{"taxonomy":"product_tag","embeddable":true,"href":"https:\/\/uj.adatbank.ro\/lexikon\/wp-json\/wp\/v2\/product_tag?post=17897"}],"curies":[{"name":"wp","href":"https:\/\/api.w.org\/{rel}","templated":true}]}}