{"id":17898,"date":"2025-07-16T10:32:10","date_gmt":"2025-07-16T08:32:10","guid":{"rendered":"https:\/\/uj.adatbank.ro\/lexikon\/termek\/pete-paniti\/"},"modified":"2025-07-16T10:32:10","modified_gmt":"2025-07-16T08:32:10","slug":"pete-paniti","status":"publish","type":"product","link":"https:\/\/uj.adatbank.ro\/lexikon\/termek\/pete-paniti\/","title":{"rendered":"PETE, paniti"},"content":{"rendered":"<p>A csal\u00e1db\u00f3l P. B\u00e1lint, M\u00e1ty\u00e1s \u00e9s J\u00e1nos, mint pixid\u00e1riusok lustr\u00e1ltak (1614); P. Bal\u00e1zs primipil\u00e1ris levelet nyert (1655). <br \/><strong>Irod.:<\/strong> P\u00e1lmay<\/p>\n","protected":false},"excerpt":{"rendered":"<p>A csal\u00e1db\u00f3l P. B\u00e1lint, M\u00e1ty\u00e1s \u00e9s J\u00e1nos, mint pixid\u00e1riusok lustr\u00e1ltak (1614); P. Bal\u00e1zs primipil\u00e1ris levelet nyert (1655). Irod.: P\u00e1lmay<\/p>\n","protected":false},"featured_media":0,"comment_status":"open","ping_status":"closed","template":"","meta":[],"product_brand":[],"product_cat":[137],"product_tag":[],"class_list":{"0":"post-17898","1":"product","2":"type-product","3":"status-publish","5":"product_cat-maros-megyei-eletrajzi-lexikon","7":"first","8":"instock","9":"shipping-taxable","10":"product-type-simple"},"_links":{"self":[{"href":"https:\/\/uj.adatbank.ro\/lexikon\/wp-json\/wp\/v2\/product\/17898","targetHints":{"allow":["GET"]}}],"collection":[{"href":"https:\/\/uj.adatbank.ro\/lexikon\/wp-json\/wp\/v2\/product"}],"about":[{"href":"https:\/\/uj.adatbank.ro\/lexikon\/wp-json\/wp\/v2\/types\/product"}],"replies":[{"embeddable":true,"href":"https:\/\/uj.adatbank.ro\/lexikon\/wp-json\/wp\/v2\/comments?post=17898"}],"wp:attachment":[{"href":"https:\/\/uj.adatbank.ro\/lexikon\/wp-json\/wp\/v2\/media?parent=17898"}],"wp:term":[{"taxonomy":"product_brand","embeddable":true,"href":"https:\/\/uj.adatbank.ro\/lexikon\/wp-json\/wp\/v2\/product_brand?post=17898"},{"taxonomy":"product_cat","embeddable":true,"href":"https:\/\/uj.adatbank.ro\/lexikon\/wp-json\/wp\/v2\/product_cat?post=17898"},{"taxonomy":"product_tag","embeddable":true,"href":"https:\/\/uj.adatbank.ro\/lexikon\/wp-json\/wp\/v2\/product_tag?post=17898"}],"curies":[{"name":"wp","href":"https:\/\/api.w.org\/{rel}","templated":true}]}}