{"id":17899,"date":"2025-07-16T10:32:12","date_gmt":"2025-07-16T08:32:12","guid":{"rendered":"https:\/\/uj.adatbank.ro\/lexikon\/termek\/pete-szocs-istvan-pete-szots\/"},"modified":"2025-07-16T10:32:12","modified_gmt":"2025-07-16T08:32:12","slug":"pete-szocs-istvan-pete-szots","status":"publish","type":"product","link":"https:\/\/uj.adatbank.ro\/lexikon\/termek\/pete-szocs-istvan-pete-szots\/","title":{"rendered":"PETE SZ\u0150CS Istv\u00e1n, Pete Sz\u0151ts"},"content":{"rendered":"<p>? \u2020\u00a0?: sz\u0171csmester. \u2013 A sz\u0171cs c\u00e9h mestere (1642, 1657). <br \/><strong>Irod.:<\/strong> B\u00f3nis J.: A mv.-i c\u00e9hek t\u00e1rgyi eml\u00e9kei = Mv. t\u00f6rt\u00e9net\u00e9b\u0151l; P\u00e1l-Antal 2006<\/br><\/p>\n","protected":false},"excerpt":{"rendered":"<p>? \u2020\u00a0?: sz\u0171csmester. \u2013 A sz\u0171cs c\u00e9h mestere (1642, 1657). Irod.: B\u00f3nis J.: A mv.-i c\u00e9hek t\u00e1rgyi eml\u00e9kei = Mv. t\u00f6rt\u00e9net\u00e9b\u0151l; P\u00e1l-Antal 2006<\/p>\n","protected":false},"featured_media":0,"comment_status":"open","ping_status":"closed","template":"","meta":[],"product_brand":[],"product_cat":[137],"product_tag":[],"class_list":{"0":"post-17899","1":"product","2":"type-product","3":"status-publish","5":"product_cat-maros-megyei-eletrajzi-lexikon","7":"first","8":"instock","9":"shipping-taxable","10":"product-type-simple"},"_links":{"self":[{"href":"https:\/\/uj.adatbank.ro\/lexikon\/wp-json\/wp\/v2\/product\/17899","targetHints":{"allow":["GET"]}}],"collection":[{"href":"https:\/\/uj.adatbank.ro\/lexikon\/wp-json\/wp\/v2\/product"}],"about":[{"href":"https:\/\/uj.adatbank.ro\/lexikon\/wp-json\/wp\/v2\/types\/product"}],"replies":[{"embeddable":true,"href":"https:\/\/uj.adatbank.ro\/lexikon\/wp-json\/wp\/v2\/comments?post=17899"}],"wp:attachment":[{"href":"https:\/\/uj.adatbank.ro\/lexikon\/wp-json\/wp\/v2\/media?parent=17899"}],"wp:term":[{"taxonomy":"product_brand","embeddable":true,"href":"https:\/\/uj.adatbank.ro\/lexikon\/wp-json\/wp\/v2\/product_brand?post=17899"},{"taxonomy":"product_cat","embeddable":true,"href":"https:\/\/uj.adatbank.ro\/lexikon\/wp-json\/wp\/v2\/product_cat?post=17899"},{"taxonomy":"product_tag","embeddable":true,"href":"https:\/\/uj.adatbank.ro\/lexikon\/wp-json\/wp\/v2\/product_tag?post=17899"}],"curies":[{"name":"wp","href":"https:\/\/api.w.org\/{rel}","templated":true}]}}