{"id":17900,"date":"2025-07-16T10:32:13","date_gmt":"2025-07-16T08:32:13","guid":{"rendered":"https:\/\/uj.adatbank.ro\/lexikon\/termek\/petelacz-abraham\/"},"modified":"2025-07-16T10:32:13","modified_gmt":"2025-07-16T08:32:13","slug":"petelacz-abraham","status":"publish","type":"product","link":"https:\/\/uj.adatbank.ro\/lexikon\/termek\/petelacz-abraham\/","title":{"rendered":"PETEL\u00c1CZ \u00c1brah\u00e1m"},"content":{"rendered":"<p>Petele, 1715., \u2020\u00a0?: keresked\u0151. \u2013 P. Jakab \u00e9s N. M\u00e9lik fia. \u2013 Gyergy\u00f3ban volt keresked\u0151. Feles\u00e9ge Jakab Mitfisz Ch\u00e1tum (1728-?). Gyermekeik: M\u00e1ria (1757-?; M\u00e9lik (1760-?); Ripszima (1762-?); Kata (1765-?); Mih\u00e1ly (1768-?); Jakab (1772-?). <br \/><strong>Irod.:<\/strong> Sz\u00e1va 2012<\/br><\/p>\n","protected":false},"excerpt":{"rendered":"<p>Petele, 1715., \u2020\u00a0?: keresked\u0151. \u2013 P. Jakab \u00e9s N. M\u00e9lik fia. \u2013 Gyergy\u00f3ban volt keresked\u0151. Feles\u00e9ge Jakab Mitfisz Ch\u00e1tum (1728-?). Gyermekeik: M\u00e1ria (1757-?; M\u00e9lik (1760-?); Ripszima (1762-?); Kata (1765-?); Mih\u00e1ly (1768-?); Jakab (1772-?). Irod.: Sz\u00e1va 2012<\/p>\n","protected":false},"featured_media":0,"comment_status":"open","ping_status":"closed","template":"","meta":[],"product_brand":[],"product_cat":[137],"product_tag":[],"class_list":{"0":"post-17900","1":"product","2":"type-product","3":"status-publish","5":"product_cat-maros-megyei-eletrajzi-lexikon","7":"first","8":"instock","9":"shipping-taxable","10":"product-type-simple"},"_links":{"self":[{"href":"https:\/\/uj.adatbank.ro\/lexikon\/wp-json\/wp\/v2\/product\/17900","targetHints":{"allow":["GET"]}}],"collection":[{"href":"https:\/\/uj.adatbank.ro\/lexikon\/wp-json\/wp\/v2\/product"}],"about":[{"href":"https:\/\/uj.adatbank.ro\/lexikon\/wp-json\/wp\/v2\/types\/product"}],"replies":[{"embeddable":true,"href":"https:\/\/uj.adatbank.ro\/lexikon\/wp-json\/wp\/v2\/comments?post=17900"}],"wp:attachment":[{"href":"https:\/\/uj.adatbank.ro\/lexikon\/wp-json\/wp\/v2\/media?parent=17900"}],"wp:term":[{"taxonomy":"product_brand","embeddable":true,"href":"https:\/\/uj.adatbank.ro\/lexikon\/wp-json\/wp\/v2\/product_brand?post=17900"},{"taxonomy":"product_cat","embeddable":true,"href":"https:\/\/uj.adatbank.ro\/lexikon\/wp-json\/wp\/v2\/product_cat?post=17900"},{"taxonomy":"product_tag","embeddable":true,"href":"https:\/\/uj.adatbank.ro\/lexikon\/wp-json\/wp\/v2\/product_tag?post=17900"}],"curies":[{"name":"wp","href":"https:\/\/api.w.org\/{rel}","templated":true}]}}