{"id":17902,"date":"2025-07-16T10:32:18","date_gmt":"2025-07-16T08:32:18","guid":{"rendered":"https:\/\/uj.adatbank.ro\/lexikon\/termek\/petelacz-marton\/"},"modified":"2025-07-16T10:32:18","modified_gmt":"2025-07-16T08:32:18","slug":"petelacz-marton","status":"publish","type":"product","link":"https:\/\/uj.adatbank.ro\/lexikon\/termek\/petelacz-marton\/","title":{"rendered":"PETEL\u00c1CZ M\u00e1rton"},"content":{"rendered":"<p>Petele, 1717., \u2020\u00a0?:keresked\u0151. \u2013 P. Jakab \u00e9s N. M\u00e9lik fia. Feles\u00e9ge: 1. Zerif Aranka (1726\u20131759), 5 gyermek\u00fck k\u00f6z\u00fcl Krist\u00f3f (1754-?), feles\u00e9ge Dur\u00e1k \u00c1gnes (1757-?), akivel Mv.-en \u00e9ltek, ahol M\u00e1rton fi\u00fak sz\u00fcletett (1786-?), az \u00edr\u00f3 Petelei Istv\u00e1n k\u00e9s\u0151bbi nagyapja; 2. Rebi (1759&#8211;?), K\u00e9pfarag\u00f3 J\u00e1nos feles\u00e9ge (1780\u2013); <\/br><\/p>\n","protected":false},"excerpt":{"rendered":"<p>Petele, 1717., \u2020\u00a0?:keresked\u0151. \u2013 P. Jakab \u00e9s N. M\u00e9lik fia. Feles\u00e9ge: 1. Zerif Aranka (1726\u20131759), 5 gyermek\u00fck k\u00f6z\u00fcl Krist\u00f3f (1754-?), feles\u00e9ge Dur\u00e1k \u00c1gnes (1757-?), akivel Mv.-en \u00e9ltek, ahol M\u00e1rton fi\u00fak sz\u00fcletett (1786-?), az \u00edr\u00f3 Petelei Istv\u00e1n k\u00e9s\u0151bbi nagyapja; 2. Rebi (1759&#8211;?), K\u00e9pfarag\u00f3 J\u00e1nos feles\u00e9ge (1780\u2013);<\/p>\n","protected":false},"featured_media":0,"comment_status":"open","ping_status":"closed","template":"","meta":[],"product_brand":[],"product_cat":[137],"product_tag":[],"class_list":{"0":"post-17902","1":"product","2":"type-product","3":"status-publish","5":"product_cat-maros-megyei-eletrajzi-lexikon","7":"first","8":"instock","9":"shipping-taxable","10":"product-type-simple"},"_links":{"self":[{"href":"https:\/\/uj.adatbank.ro\/lexikon\/wp-json\/wp\/v2\/product\/17902","targetHints":{"allow":["GET"]}}],"collection":[{"href":"https:\/\/uj.adatbank.ro\/lexikon\/wp-json\/wp\/v2\/product"}],"about":[{"href":"https:\/\/uj.adatbank.ro\/lexikon\/wp-json\/wp\/v2\/types\/product"}],"replies":[{"embeddable":true,"href":"https:\/\/uj.adatbank.ro\/lexikon\/wp-json\/wp\/v2\/comments?post=17902"}],"wp:attachment":[{"href":"https:\/\/uj.adatbank.ro\/lexikon\/wp-json\/wp\/v2\/media?parent=17902"}],"wp:term":[{"taxonomy":"product_brand","embeddable":true,"href":"https:\/\/uj.adatbank.ro\/lexikon\/wp-json\/wp\/v2\/product_brand?post=17902"},{"taxonomy":"product_cat","embeddable":true,"href":"https:\/\/uj.adatbank.ro\/lexikon\/wp-json\/wp\/v2\/product_cat?post=17902"},{"taxonomy":"product_tag","embeddable":true,"href":"https:\/\/uj.adatbank.ro\/lexikon\/wp-json\/wp\/v2\/product_tag?post=17902"}],"curies":[{"name":"wp","href":"https:\/\/api.w.org\/{rel}","templated":true}]}}