{"id":17903,"date":"2025-07-16T10:32:19","date_gmt":"2025-07-16T08:32:19","guid":{"rendered":"https:\/\/uj.adatbank.ro\/lexikon\/termek\/petelacz-marton-2\/"},"modified":"2025-07-16T10:32:19","modified_gmt":"2025-07-16T08:32:19","slug":"petelacz-marton-2","status":"publish","type":"product","link":"https:\/\/uj.adatbank.ro\/lexikon\/termek\/petelacz-marton-2\/","title":{"rendered":"PETEL\u00c1CZ M\u00e1rton"},"content":{"rendered":"<p>Mv., 1786., \u2020\u00a0Mv., 1860 k.: keresked\u0151 \u00e9s fogad\u00f3s. \u2013 P. Krist\u00f3f \u00e9s Dur\u00e1k \u00c1gnes fia. Feles\u00e9ge: Biluska Roz\u00e1lia (1795-?). Mv.-en sz\u00fclettek gyermekeik: R\u00f3za (1817-?); Mikl\u00f3s (1823&#8211;?); M\u00e1ria (1825-?); Istv\u00e1n, aki Petelei Istv\u00e1n n\u00e9ven ismert (1819\u20131900), feles\u00e9ge Istv\u00e1nfi M\u00e1ria (1824\u20131875), 1843-ban n\u0151s\u00fclt, az \u00edr\u00f3 Petelei Istv\u00e1n (1852\u20131910) sz\u00fclei. Mv.-en keresked\u0151 \u00e9s fogad\u00f3s volt. <br \/><strong>Irod.:<\/strong> Sz\u00e1va 2012<\/br><\/p>\n","protected":false},"excerpt":{"rendered":"<p>Mv., 1786., \u2020\u00a0Mv., 1860 k.: keresked\u0151 \u00e9s fogad\u00f3s. \u2013 P. Krist\u00f3f \u00e9s Dur\u00e1k \u00c1gnes fia. Feles\u00e9ge: Biluska Roz\u00e1lia (1795-?). Mv.-en sz\u00fclettek gyermekeik: R\u00f3za (1817-?); Mikl\u00f3s (1823&#8211;?); M\u00e1ria (1825-?); Istv\u00e1n, aki Petelei Istv\u00e1n n\u00e9ven ismert (1819\u20131900), feles\u00e9ge Istv\u00e1nfi M\u00e1ria (1824\u20131875), 1843-ban n\u0151s\u00fclt, az \u00edr\u00f3 Petelei Istv\u00e1n (1852\u20131910) sz\u00fclei. Mv.-en keresked\u0151 \u00e9s fogad\u00f3s volt. Irod.: Sz\u00e1va 2012<\/p>\n","protected":false},"featured_media":0,"comment_status":"open","ping_status":"closed","template":"","meta":[],"product_brand":[],"product_cat":[137],"product_tag":[],"class_list":{"0":"post-17903","1":"product","2":"type-product","3":"status-publish","5":"product_cat-maros-megyei-eletrajzi-lexikon","7":"first","8":"instock","9":"shipping-taxable","10":"product-type-simple"},"_links":{"self":[{"href":"https:\/\/uj.adatbank.ro\/lexikon\/wp-json\/wp\/v2\/product\/17903","targetHints":{"allow":["GET"]}}],"collection":[{"href":"https:\/\/uj.adatbank.ro\/lexikon\/wp-json\/wp\/v2\/product"}],"about":[{"href":"https:\/\/uj.adatbank.ro\/lexikon\/wp-json\/wp\/v2\/types\/product"}],"replies":[{"embeddable":true,"href":"https:\/\/uj.adatbank.ro\/lexikon\/wp-json\/wp\/v2\/comments?post=17903"}],"wp:attachment":[{"href":"https:\/\/uj.adatbank.ro\/lexikon\/wp-json\/wp\/v2\/media?parent=17903"}],"wp:term":[{"taxonomy":"product_brand","embeddable":true,"href":"https:\/\/uj.adatbank.ro\/lexikon\/wp-json\/wp\/v2\/product_brand?post=17903"},{"taxonomy":"product_cat","embeddable":true,"href":"https:\/\/uj.adatbank.ro\/lexikon\/wp-json\/wp\/v2\/product_cat?post=17903"},{"taxonomy":"product_tag","embeddable":true,"href":"https:\/\/uj.adatbank.ro\/lexikon\/wp-json\/wp\/v2\/product_tag?post=17903"}],"curies":[{"name":"wp","href":"https:\/\/api.w.org\/{rel}","templated":true}]}}