{"id":17904,"date":"2025-07-16T10:32:20","date_gmt":"2025-07-16T08:32:20","guid":{"rendered":"https:\/\/uj.adatbank.ro\/lexikon\/termek\/petelacz-nuridsan\/"},"modified":"2025-07-16T10:32:20","modified_gmt":"2025-07-16T08:32:20","slug":"petelacz-nuridsan","status":"publish","type":"product","link":"https:\/\/uj.adatbank.ro\/lexikon\/termek\/petelacz-nuridsan\/","title":{"rendered":"PETEL\u00c1CZ Nurids\u00e1n"},"content":{"rendered":"<p>Mv., 1725., \u2020\u00a0?. A gyermekei apjuk keresztnev\u00e9t a Nurids\u00e1n \u2013t vitt\u00e9k tov\u00e1bb mint csal\u00e1dnevet. <br \/><strong>Irod.:<\/strong> Sz\u00e1va<\/br><\/p>\n","protected":false},"excerpt":{"rendered":"<p>Mv., 1725., \u2020\u00a0?. A gyermekei apjuk keresztnev\u00e9t a Nurids\u00e1n \u2013t vitt\u00e9k tov\u00e1bb mint csal\u00e1dnevet. Irod.: Sz\u00e1va<\/p>\n","protected":false},"featured_media":0,"comment_status":"open","ping_status":"closed","template":"","meta":[],"product_brand":[],"product_cat":[137],"product_tag":[],"class_list":{"0":"post-17904","1":"product","2":"type-product","3":"status-publish","5":"product_cat-maros-megyei-eletrajzi-lexikon","7":"first","8":"instock","9":"shipping-taxable","10":"product-type-simple"},"_links":{"self":[{"href":"https:\/\/uj.adatbank.ro\/lexikon\/wp-json\/wp\/v2\/product\/17904","targetHints":{"allow":["GET"]}}],"collection":[{"href":"https:\/\/uj.adatbank.ro\/lexikon\/wp-json\/wp\/v2\/product"}],"about":[{"href":"https:\/\/uj.adatbank.ro\/lexikon\/wp-json\/wp\/v2\/types\/product"}],"replies":[{"embeddable":true,"href":"https:\/\/uj.adatbank.ro\/lexikon\/wp-json\/wp\/v2\/comments?post=17904"}],"wp:attachment":[{"href":"https:\/\/uj.adatbank.ro\/lexikon\/wp-json\/wp\/v2\/media?parent=17904"}],"wp:term":[{"taxonomy":"product_brand","embeddable":true,"href":"https:\/\/uj.adatbank.ro\/lexikon\/wp-json\/wp\/v2\/product_brand?post=17904"},{"taxonomy":"product_cat","embeddable":true,"href":"https:\/\/uj.adatbank.ro\/lexikon\/wp-json\/wp\/v2\/product_cat?post=17904"},{"taxonomy":"product_tag","embeddable":true,"href":"https:\/\/uj.adatbank.ro\/lexikon\/wp-json\/wp\/v2\/product_tag?post=17904"}],"curies":[{"name":"wp","href":"https:\/\/api.w.org\/{rel}","templated":true}]}}