{"id":17905,"date":"2025-07-16T10:32:24","date_gmt":"2025-07-16T08:32:24","guid":{"rendered":"https:\/\/uj.adatbank.ro\/lexikon\/termek\/petelacz-vazul\/"},"modified":"2025-07-16T10:32:24","modified_gmt":"2025-07-16T08:32:24","slug":"petelacz-vazul","status":"publish","type":"product","link":"https:\/\/uj.adatbank.ro\/lexikon\/termek\/petelacz-vazul\/","title":{"rendered":"PETEL\u00c1CZ Vazul"},"content":{"rendered":"<p>Petele, 1723., \u2020\u00a0Gyergy\u00f3, 1791.: keresked\u0151. \u2013 Petel\u00e1cz Jakab \u00e9s N. M\u00e9lik fia. Feles\u00e9ge Gergely Anna (1732-?); Gyergy\u00f3ban sz\u00fclettek gyermekeik: Jakab (1757-?), B\u00e1z\u00e1r (1758\u20131758), J\u00e1nos (1760\u20131761), Ripszima (1762\u20131764), M\u00e1ria (1764&#8211;?); Kata (1765\u20131786), Jakab (1769\u20131827), Gergely (1767\u20131836), aki 1798-ban n\u0151s\u00fclt, feles\u00e9ge Moldov\u00e1n M\u00e1ria (1779\u20131865); J\u00e1nos (1771-?), aki 1800-ban n\u0151s\u00fclt; feles\u00e9ge Dombi Katalin (1782\u20131847); Mih\u00e1ly (1774&#8211;?). <br \/><strong>Irod.:<\/strong> Sz\u00e1va 2012<\/br><\/p>\n","protected":false},"excerpt":{"rendered":"<p>Petele, 1723., \u2020\u00a0Gyergy\u00f3, 1791.: keresked\u0151. \u2013 Petel\u00e1cz Jakab \u00e9s N. M\u00e9lik fia. Feles\u00e9ge Gergely Anna (1732-?); Gyergy\u00f3ban sz\u00fclettek gyermekeik: Jakab (1757-?), B\u00e1z\u00e1r (1758\u20131758), J\u00e1nos (1760\u20131761), Ripszima (1762\u20131764), M\u00e1ria (1764&#8211;?); Kata (1765\u20131786), Jakab (1769\u20131827), Gergely (1767\u20131836), aki 1798-ban n\u0151s\u00fclt, feles\u00e9ge Moldov\u00e1n M\u00e1ria (1779\u20131865); J\u00e1nos (1771-?), aki 1800-ban n\u0151s\u00fclt; feles\u00e9ge Dombi Katalin (1782\u20131847); Mih\u00e1ly (1774&#8211;?). Irod.: Sz\u00e1va [&hellip;]<\/p>\n","protected":false},"featured_media":0,"comment_status":"open","ping_status":"closed","template":"","meta":[],"product_brand":[],"product_cat":[137],"product_tag":[],"class_list":{"0":"post-17905","1":"product","2":"type-product","3":"status-publish","5":"product_cat-maros-megyei-eletrajzi-lexikon","7":"first","8":"instock","9":"shipping-taxable","10":"product-type-simple"},"_links":{"self":[{"href":"https:\/\/uj.adatbank.ro\/lexikon\/wp-json\/wp\/v2\/product\/17905","targetHints":{"allow":["GET"]}}],"collection":[{"href":"https:\/\/uj.adatbank.ro\/lexikon\/wp-json\/wp\/v2\/product"}],"about":[{"href":"https:\/\/uj.adatbank.ro\/lexikon\/wp-json\/wp\/v2\/types\/product"}],"replies":[{"embeddable":true,"href":"https:\/\/uj.adatbank.ro\/lexikon\/wp-json\/wp\/v2\/comments?post=17905"}],"wp:attachment":[{"href":"https:\/\/uj.adatbank.ro\/lexikon\/wp-json\/wp\/v2\/media?parent=17905"}],"wp:term":[{"taxonomy":"product_brand","embeddable":true,"href":"https:\/\/uj.adatbank.ro\/lexikon\/wp-json\/wp\/v2\/product_brand?post=17905"},{"taxonomy":"product_cat","embeddable":true,"href":"https:\/\/uj.adatbank.ro\/lexikon\/wp-json\/wp\/v2\/product_cat?post=17905"},{"taxonomy":"product_tag","embeddable":true,"href":"https:\/\/uj.adatbank.ro\/lexikon\/wp-json\/wp\/v2\/product_tag?post=17905"}],"curies":[{"name":"wp","href":"https:\/\/api.w.org\/{rel}","templated":true}]}}