{"id":17907,"date":"2025-07-16T10:32:28","date_gmt":"2025-07-16T08:32:28","guid":{"rendered":"https:\/\/uj.adatbank.ro\/lexikon\/termek\/petelei-istvan\/"},"modified":"2025-07-16T10:32:28","modified_gmt":"2025-07-16T08:32:28","slug":"petelei-istvan","status":"publish","type":"product","link":"https:\/\/uj.adatbank.ro\/lexikon\/termek\/petelei-istvan\/","title":{"rendered":"PETELEI Istv\u00e1n"},"content":{"rendered":"<p>Mv., 1910. m\u00e1rc. 30., \u2020\u00a0Mv., 1996. j\u00fal. 12.: tan\u00e1r, sakkoz\u00f3. \u2013 Petelean Istv\u00e1n, m\u0171b\u00fatorasztalos \u00e9s Szab\u00f3 Ilona fia. Feles\u00e9ge: Kozma L\u00edvia (1915\u20131988), tan\u00e1r.Gyermekeik: Erzs\u00e9bet (1933) tan\u00e1r; Lili (1935) tan\u00e1r; Margit (1937), p\u00e9nz\u00fcgyi f\u0151ellen\u0151r; D\u00e9lia (1952), tan\u00e1r. \u2013 \u00c9retts\u00e9gizett (1930), a buk.-i K\u00e9pz\u0151m\u0171v\u00e9szeti Akad.-\u00e1n v\u00e9gzett (1934), majd a T. Maiorescu Egyetem K\u00e9zimunka-pedag\u00f3gus szak\u00e1t is elv\u00e9gezte. Dolgozott Buk.-ben a filmlaborat\u00f3riumban (1934\u201336); Nagyenyeden tan\u00edtott a Bethlen koll.-ban (1936\u201341); rajztan\u00e1r \u00e9s aligizgat\u00f3 a mv.-i F\u00e9mipari L\u00edc.-ban (1941\u201348) valamint a Faipari Technikai K\u00f6z\u00e9piskol\u00e1ban (1948\u201353); k\u00f6zben megyei tanfel\u00fcgyel\u0151 (1954); a Bolyai Farkas L\u00edc. ahol aligazgat\u00f3 is volt (1958\u201360).A rajztan\u00e1rok v\u00e1rosi pedag\u00f3giai k\u00f6r\u00e9nek vezet\u0151je. Bolyai mellszobra az iskola 1. emeleti f\u0151folyos\u00f3j\u00e1n tal\u00e1lhat\u00f3. \u00c9ltan\u00e1r \u2013 kit\u0171ntet\u00e9st kapott. <br \/><strong>Irod.:<\/strong> inf. Horv\u00e1th Szabolcs tan\u00e1rt\u00f3l; EMKK 2000; Incze G\u00e1bor: K\u00e9pek, szobrok vonz\u00e1sa (V. Z., 1983. j\u00fal. 14.); Mv.-i \u00f6rm\u00e9nyek; [Nekrol\u00f3g] (N\u00fa., 1996. j\u00fal. 16.); Omagiu; \u00d6rm\u00e9nyek; RMKK; Gyalui Farkas: Petelei Istv\u00e1nr\u00f3l \u00e9s feles\u00e9g\u00e9r\u0151l = \u00dcnnepi k\u00f6nyv<\/br><\/p>\n","protected":false},"excerpt":{"rendered":"<p>Mv., 1910. m\u00e1rc. 30., \u2020\u00a0Mv., 1996. j\u00fal. 12.: tan\u00e1r, sakkoz\u00f3. \u2013 Petelean Istv\u00e1n, m\u0171b\u00fatorasztalos \u00e9s Szab\u00f3 Ilona fia. Feles\u00e9ge: Kozma L\u00edvia (1915\u20131988), tan\u00e1r.Gyermekeik: Erzs\u00e9bet (1933) tan\u00e1r; Lili (1935) tan\u00e1r; Margit (1937), p\u00e9nz\u00fcgyi f\u0151ellen\u0151r; D\u00e9lia (1952), tan\u00e1r. \u2013 \u00c9retts\u00e9gizett (1930), a buk.-i K\u00e9pz\u0151m\u0171v\u00e9szeti Akad.-\u00e1n v\u00e9gzett (1934), majd a T. Maiorescu Egyetem K\u00e9zimunka-pedag\u00f3gus szak\u00e1t is elv\u00e9gezte. Dolgozott [&hellip;]<\/p>\n","protected":false},"featured_media":0,"comment_status":"open","ping_status":"closed","template":"","meta":[],"product_brand":[],"product_cat":[137],"product_tag":[],"class_list":{"0":"post-17907","1":"product","2":"type-product","3":"status-publish","5":"product_cat-maros-megyei-eletrajzi-lexikon","7":"first","8":"instock","9":"shipping-taxable","10":"product-type-simple"},"_links":{"self":[{"href":"https:\/\/uj.adatbank.ro\/lexikon\/wp-json\/wp\/v2\/product\/17907","targetHints":{"allow":["GET"]}}],"collection":[{"href":"https:\/\/uj.adatbank.ro\/lexikon\/wp-json\/wp\/v2\/product"}],"about":[{"href":"https:\/\/uj.adatbank.ro\/lexikon\/wp-json\/wp\/v2\/types\/product"}],"replies":[{"embeddable":true,"href":"https:\/\/uj.adatbank.ro\/lexikon\/wp-json\/wp\/v2\/comments?post=17907"}],"wp:attachment":[{"href":"https:\/\/uj.adatbank.ro\/lexikon\/wp-json\/wp\/v2\/media?parent=17907"}],"wp:term":[{"taxonomy":"product_brand","embeddable":true,"href":"https:\/\/uj.adatbank.ro\/lexikon\/wp-json\/wp\/v2\/product_brand?post=17907"},{"taxonomy":"product_cat","embeddable":true,"href":"https:\/\/uj.adatbank.ro\/lexikon\/wp-json\/wp\/v2\/product_cat?post=17907"},{"taxonomy":"product_tag","embeddable":true,"href":"https:\/\/uj.adatbank.ro\/lexikon\/wp-json\/wp\/v2\/product_tag?post=17907"}],"curies":[{"name":"wp","href":"https:\/\/api.w.org\/{rel}","templated":true}]}}