{"id":17908,"date":"2025-07-16T10:32:30","date_gmt":"2025-07-16T08:32:30","guid":{"rendered":"https:\/\/uj.adatbank.ro\/lexikon\/termek\/petelei-istvan-%c2%a7\/"},"modified":"2025-07-16T10:32:30","modified_gmt":"2025-07-16T08:32:30","slug":"petelei-istvan-%c2%a7","status":"publish","type":"product","link":"https:\/\/uj.adatbank.ro\/lexikon\/termek\/petelei-istvan-%c2%a7\/","title":{"rendered":"PETELEI Istv\u00e1n, \u00a7"},"content":{"rendered":"<p>Mv., 1852. szept. 13., \u2020 Kv., 1910. jan. 5. Mv.-en temett\u00e9k: \u00edr\u00f3, \u00fajs\u00e1g\u00edr\u00f3. \u2013 J\u00f3m\u00f3d\u00fa \u00f6rm\u00e9ny kat. birtokos csal\u00e1db\u00f3l sz\u00e1rmazott. P. Istv\u00e1n (1819\u20131900), neves keresked\u0151 \u00e9s Istv\u00e1nfi M\u00e1ria fia.Testv\u00e9rei: M\u00e1rton; P. M\u00e1ria Patrub\u00e1n Antaln\u00e9 Szenkovics Luk\u00e1csn\u00e9; P. J\u00e1nos, feles\u00e9ge Holmberg \u00c1m\u00e1lia; P. Katinka T\u00f6rp\u00e9nyi J\u00e1nosn\u00e9. Feles\u00e9ge: Korbuly Irma (1853\u20131922), els\u0151 f\u00e9rje Trauffer Ferenc, mv.-i \u00fcgyv\u00e9d \u00f6zvegye volt. Feles\u00e9g\u00e9t Zsuzsik\u00e1nak nevezte. Jegyaj\u00e1nd\u00e9kba kapott h\u00e1za a mv.-i De\u00e1k Farkas (ma Retyez\u00e1t) u.10. \u2013 Mv.-en, Kv.-on, Sz\u00e9kelyudvarhelyen a R. K. Gimn.-ban (\u00e9retts\u00e9gizett 1870), a budai m\u0171egy.-en (1870\u2013), a bp.-i egy. b\u00f6lcs\u00e9szettud. kar\u00e1n tanult (1872\u201376). A mv.-i sz\u00fcl\u0151i h\u00e1zn\u00e1l irodalommal \u00e9s zen\u00e9vel foglalkozott (1877\u201380). Tagja volt a Mv.-en megalakult els\u0151 kvartettnek (Mentovich Gyula I. heged\u0171, G\u00f6ldner K\u00e1roly II. heged\u0171, Petelei Istv\u00e1n m\u00e9lyheged\u0171, Fanfuri Gyula gordonka; 1878). Kv.-on A Kelet c. lap munkat\u00e1rsa (1880\u2013), a Kolozsv\u00e1ri K\u00f6zlem\u00e9nyek seg\u00e9dszerk. (1883\u2013). Saj\u00e1t lapot ind\u00edtott Kolozsv\u00e1r c. \u00e9s szerkeszt\u0151je (1886\u201391), munkat\u00e1rsai: Brassai S\u00e1muel, K\u0151v\u00e1ry L\u00e1szl\u00f3 \u00e9s Szil\u00e1gyi S\u00e1ndor \u2013 a bp.-i Sz\u00e1zadok f\u0151szerkeszt\u0151je, Sebesi J\u00f3b, Thury Zolt\u00e1n, Csern\u00e1toni Gyula, J\u00e9kely Alad\u00e1r. A Pet\u0151fi T\u00e1rsas\u00e1g tagja (r. 1880), az Erd\u00e9lyi Irodalmi T\u00e1rsas\u00e1g (alap\u00edt\u00f3ja 1888), az alapszab\u00e1ly\u00e1nak kidolgoz\u00f3ja, az EMKE tagja, a mv.-i KZST eln\u00f6ke, kiadta a t\u00e1rsas\u00e1g lapj\u00e1t Mv.-i F\u00fczetek c. Az Uni\u00f3 szabadk\u0151m\u0171ves p\u00e1holy tagja (1891 el\u0151tt). Az irodalmi \u00e9letben a Magyaro. \u00e9s Nagyvil\u00e1g c. lapban (1879) megjelent elbesz\u00e9l\u00e9seivel t\u00fcnt fel, \u00edr\u00f3i munk\u00e1ss\u00e1g\u00e1ra els\u0151sorban az orosz \u00edr\u00f3k (k\u00fcl\u00f6n\u00f6sen Gogol \u00e9s Turgenyev) hatottak. Novell\u00e1t, karcolatot, t\u00e1rc\u00e1t, vez\u00e9rcikket, sz\u00ednh\u00e1zi- \u00e9s zenekritik\u00e1t, utibesz\u00e1mol\u00f3t k\u00f6z\u00f6lt a Koszor\u00fa, Arad \u00e9s Vid\u00e9ke, Erd\u00e9lyi \u00cdr\u00f3k \u00e9s M\u0171v\u00e9szek Almanachja, Vas\u00e1rnapi \u00dajs\u00e1g, Orsz\u00e1g-Vil\u00e1g, Agr\u00e1r-Album, Pesti Napl\u00f3 k\u00f6z\u00f6lte. Gy\u00f3gy\u00edthatatlan idegbetegs\u00e9ge miatt lemondott szerk.-i tiszts\u00e9g\u00e9r\u0151l (1891), visszavonult Mv.-re, ahol irodalommal, kert\u00e9szked\u00e9ssel \u00e9s eszterg\u00e1l\u00e1ssal foglalkozott, gy\u0171jt\u00f6tte a sz\u00e9kely n\u00e9pi irodalmi term\u00e9keket. Remeteszegen volt a k\u00fari\u00e1ja. Megroml\u00f3 eg\u00e9szs\u00e9ge miatt Szov\u00e1t\u00e1ra k\u00f6lt\u00f6z\u00fctt (1891). Hal\u00e1la el\u0151tt n\u00e9h\u00e1ny nappal ker\u00fclt be a kv.-i egy. elmek\u00f3rtani klinik\u00e1j\u00e1ra, s ott is halt meg. S\u00edreml\u00e9ke a mv.-i r. k. temet\u0151ben tal\u00e1lhat\u00f3 a k\u00f6vetkez\u0151 felirattal: \u201cItt alussza \u00f6r\u00f6k \u00e1lm\u00e1t Petelei Istv\u00e1n sz. 1852. szept. 13. \u2013 1910. jan. 5. Lelje fel ott t\u00fal mindazt a sz\u00e9pet \u00e9s j\u00f3t, amir\u0151l itt \u00e9let\u00e9ben \u00e1lmodott.\u201c (1910), \u201eB\u201d kateg\u00f3ri\u00e1ba tartoz\u00f3 m\u0171eml\u00e9k A v\u00e1s\u00e1rhelyi h\u00e1z tulajdonjoga visszasz\u00e1llt feles\u00e9ge testv\u00e9re, Czak\u00f3 J\u00f3zsefn\u00e9 sz\u00fcl. Korbuly Erzs\u00e9betre. Feles\u00e9ge gondozta \u00edr\u00f3i hagyat\u00e9k\u00e1t, kezdem\u00e9nyez\u00e9s\u00e9re adt\u00e1k ki k\u00e9t k\u00f6tetben \u00f6sszegy\u00fcjt\u00f6tt novel\u00e1it, elbesz\u00e9l\u00e9seit (Kv., 1912). A sz\u00fcl\u0151h\u00e1z\u00e1n eml\u00e9kt\u00e1bl\u00e1t helyezett el a KZST (1928. szept. 13.), amikor a h\u00e1zat az a vesz\u00e9ly fenyegette hogy lebontj\u00e1k egy mag\u00e1nember leszerelte a t\u00e1bl\u00e1t \u00e9s k\u00e9s\u0151bb nem felt\u0171n\u0151 helyre visszatette (a Szentgy\u00f6rgy t\u00e9r \/ ma Republicii 6. sz.). Sz\u00fclet\u00e9se 150. \u00e9vfordul\u00f3j\u00e1n Szov\u00e1t\u00e1n a nyaral\u00f3ja hely\u00e9n \u00e1ll\u00f3 h\u00e1z fal\u00e1n eml\u00e9kt\u00e1bl\u00e1t lepleztek le (2002. szept). Mv.-en utca viseli a nev\u00e9t (1909\u20131920 \u00e9s 1941\u20131995). \u2013 <strong>F. m.:<\/strong> Keresztek (elb.; Bp., 1882); Mez\u0151s\u00e9gi \u00fat (\u00fatinapl\u00f3; Bp., 1884); A f\u00fclemile (reg.; Bp., 1886); Az \u00e9n utc\u00e1m (elb.; Bp., 1886); El\u00adbesz\u00e9l\u00e9sek (Bp., s.a.); Egy asszony\u00e9rt (t\u00f6rt. reg.; Kv. [napilap], 1887; Cluj-Kv., 1924); Jetti (elb.; Kv., 1893; Bp., 1894); Alkonyat (Bp, 1896); Felh\u0151k (elb.; Bp, 1897); Vid\u00e9ki emberek (elb.; Bp, 1898); Az \u00e9let, I\u2014II, (elb.; Bp, 1905, 1908); El\u00adbesz\u00e9l\u00e9sek, I\u2014II. (Kv., 1912); Egy arany\u00e9rt (reg\u00e9ny, 1924); A cs\u00edkos sz\u0151ttes (elb.; Brass\u00f3, 1937); A f\u00fcle\u00adm\u00fcle \u00e9s tizenegy elbesz\u00e9l\u00e9s (Bp, 1943); Lobban\u00e1s az alkonyaiban (elb.; Bp., 1955); V\u00e1loga\u00adtott elbesz\u00e9l\u00e9sek (Mv., 1955); A kakukkos \u00f3ra (nov.; el\u0151sz\u00f3, jegyz. M\u00e1th\u00e9 J\u00f3zsef; Buk., 1969); P. I. irodalmi levelez\u00e9se (Buk., 1980); A tiszta h\u00e1z. (elb.; Bp., 1981); A jutalom (nov.; Kv., 1986); G\u00e1t a lejt\u0151n (Mv., 2001); \u0150szi \u00e9jszaka. (v\u00e1l. m\u0171vek; Bp., 2002), <strong>antol\u00f3g.:<\/strong> Marosv\u00e1s\u00e1rhelyi f\u00fczetek (Mv., 1897); \u00c1lmok = A Mv.-i KZST \u00c9vk\u00f6nyve (Mv., 1914); Mez\u0151s\u00e9gi \u00fat: B\u00e1nd = Egyed \u00c1kos 1970 (szerk.); Mv. \u00e9s V\u00e1rtemploma (Mv., 1990); Szigetek a Holttengerben (Mv., 1998). <br \/><strong>Irod.:<\/strong> 1924\u20131944 Helikon; Adamovits S\u00e1ndor: Petelei-eml\u00e9kt\u00e1bla (N\u00fa., M\u00fazsa, 366. sz., 1998. okt. 17.); B\u00e1nhegyi; Bed\u0151h\u00e1zy J\u00e1nos: P. I.-r\u00f3l (Erd. M\u00faz., 1914), Benedek Marcell: A magyar irodalom t\u00f6rt\u00e9nete (Bp., 1938); Bern\u00e1dy; Bisztray Gyula: P. I. irodalmi levelez\u00e9se (Buk. 1980.); Cs\u00e1sz\u00e1r Elem\u00e9r : A magyar reg\u00e9ny t\u00f6rt\u00e9nete (Bp., 1939); D\u00e1vid Gyula: Az \u00fajra felfedezett P. I. (Igaz Sz\u00f3, 1956, 10.sz.); D\u00e9zsi Lajos : Magyar t\u00f6rt\u00e9neti t\u00e1rgy\u00fa sz\u00e9pirodalom (Bp., 1927); Egry Jen\u0151. P. I. kapuja (\u00daj \u00c9let, 6. sz., 1979); Egyed \u00c1kos: P. I. \u00e9s a c\u00e9hek (M\u0171vel\u0151d\u00e9s, 1985, 10.sz.); Erd\u00e9lyi csillagok (Kv., 1935); Erd\u00e9lyi panteon; Fodor S\u00e1ndor (S): M\u00e1rv\u00e1nyt\u00e1bla P. I. \u00edr\u00f3 sz\u00fcl\u0151h\u00e1z\u00e1n (N\u00fa., Sz\u00ednes Vil\u00e1g, 2008. j\u00fal. 12.); Gyalui Farkas: P.I.-r\u00f3l (Kv., 1912); Gyalui Farkas: P.I.-r\u00f3l \u00e9s feles\u00e9g\u00e9r\u0151l. \u2013 \u00dajabb r\u00e9szletek = \u00dcnnepi k\u00f6nyv :F\u00e9lsz\u00e1za\u00addos jubileuma eml\u00e9k\u00e9\u00fcl kiadta a KZST. (Mv., 1930); Gy\u00e1szjelent\u0151; Gy\u00f6rgy 1926; Helikon 1924\u20131944; Id\u0151t\u00e1r 2; Kelemen Lajos; KKMI; Ko\u00f3s Istv\u00e1n: Szubjekt\u00edv perspekt\u00edv\u00e1k vs. Objekt\u00edv t\u00e1rsadalom\u00e1br\u00e1zol\u00e1s (Korunk, 12. sz., 2016); Kozma Dezs\u0151: Egy erd\u00e9lyi novellista: P. I. (Buk., 1969); Kozma Dezs\u0151: Pszichol\u00f3giai ig\u00e9ny P. I. novell\u00e1iban (Hungarol\u00f3gia, 1994); Kozma Dezs\u0151: Regionalizmus \u00e9s egyetemss\u00e9g v\u00e1ltoz\u00f3 vil\u00e1gban (Sz\u00e9kelyf\u00f6ld, 2007. aug., 8. sz.); Kruzselyi Erzs\u00e9bet. F\u00e1tyolos hangtalans\u00e1g; Petelei Istv\u00e1nr\u00f3l \u00e9s feles\u00e9g\u00e9r\u0151l = \u00dcnnepi k\u00f6nyv; Lesty\u00e1n F.: Mv. katolikus m\u00faltja = Mv. t\u00f6rt\u00e9net\u00e9b\u0151l; M. irodalomt\u00f6rt\u00e9net (V\u00e9gh S\u00e1ndor: P. I.-r\u00f3l, Kv., 1939); M\u00e1ln\u00e1si; M\u00e1ri\u00e1s J\u00f3zsef: A Maros-vid\u00e9k szomor\u00fa po\u00e9t\u00e1ja (N\u00fa., M\u00fazsa, 2010. jan. 9.); M\u00e1rki S\u00e1ndor: Eml\u00e9kez\u00e9s P. I.-ra (P\u00e1sztort\u00fcz, 1924); Marosi-Helikon; Marosi-KZST; M\u00e1th\u00e9 J\u00f3zsef: Eml\u00e9kez\u00e9s P. I.-ra (V. Z., 1972. szept. 24.); M\u00c9L; MIIB; Mv. \u00e9s V\u00e1rtemploma; Mv. t\u00f6rt. 2.; Mv.-Bal\u00e1s; Mv.-i \u00f6rm\u00e9nyek; Nagy Istv\u00e1n: Egy feled\u00e9sbe mer\u00fclt erd\u00e9lyi novellista = Nagy Istv\u00e1n: A harc hev\u00e9ben (Mv., 1957); Nagy P\u00e1l: Forgatagos id\u0151kben: P\u00e1ly\u00e1k, m\u0171vek, arcok, eml\u00e9kek (Mv., 2004); Nagy P\u00e1l: \u201e\u00cdr\u00f3k \u00edr\u00f3ja\u201d: Petelei (Utunk, 1986. 28.sz.); \u00d6kr\u00f6s; \u00d6rm\u00e9nyek; Pint\u00e9r; Pomog\u00e1ts 1.; Pozsvai Gy\u00f6rgyi: K\u00f6dk\u00e9pek az elbesz\u00e9l\u00e9s l\u00e1that\u00e1r\u00e1n: P. I. A Csulakok c\u00edm\u0171 novell\u00e1j\u00e1r\u00f3l (Helikon, 7. sz., 2003. \u00e1pr. 10.); Profiluri mure\u015fene. 1.; RMIL; RNL; Rugonfalvi Kiss; S\u00e1ndor; Sz\u00e1va 2012; Sz\u00e1sz- Barab\u00e1s-Pusk\u00e1s;. Szerb; Szentgy\u00f6rgyi; Sz\u00e9pr\u00e9ti Lilla: P. I. eml\u00e9kt\u00e1bl\u00e1j\u00e1r\u00f3l (Erd\u00e9lyi Figyel\u0151, 5\u20136. sz., 1990); Szinnyei; Szentgy\u00f6rgyi; Sztojka L\u00e1szl\u00f3: P. I. eml\u00e9ke \u00f6zvegy\u00e9nek leveleiben (Irodalomtudom\u00e1nyi K\u00f6zlem\u00e9nyek, 1974, 2.sz.); \u00daj lexikon; \u00daM\u00c9L; \u00dcnnepi k\u00f6nyv (Mv., 1930); Transilvania; Valori mure\u015fene de patrimoniu; Ve\u00e9gh S\u00e1ndor: P. I.-r\u00f3l = Magyar irodalomt\u00f6rt\u00e9net, 1939: Eml\u00e9kk\u00f6nyv Krist\u00f3f Gy\u00f6rgy hatvanadik sz\u00fclet\u00e9snapj\u00e1ra (Kv., 1939); \u00dcnnepi k\u00f6nyv; Vigh; \u00dajabb eml\u00e9kt\u00e1bl\u00e1kat avatnak Mv.-en (N\u00fa., 2023. aug. 25.)<\/br><\/p>\n","protected":false},"excerpt":{"rendered":"<p>Mv., 1852. szept. 13., \u2020 Kv., 1910. jan. 5. Mv.-en temett\u00e9k: \u00edr\u00f3, \u00fajs\u00e1g\u00edr\u00f3. \u2013 J\u00f3m\u00f3d\u00fa \u00f6rm\u00e9ny kat. birtokos csal\u00e1db\u00f3l sz\u00e1rmazott. P. Istv\u00e1n (1819\u20131900), neves keresked\u0151 \u00e9s Istv\u00e1nfi M\u00e1ria fia.Testv\u00e9rei: M\u00e1rton; P. M\u00e1ria Patrub\u00e1n Antaln\u00e9 Szenkovics Luk\u00e1csn\u00e9; P. J\u00e1nos, feles\u00e9ge Holmberg \u00c1m\u00e1lia; P. Katinka T\u00f6rp\u00e9nyi J\u00e1nosn\u00e9. Feles\u00e9ge: Korbuly Irma (1853\u20131922), els\u0151 f\u00e9rje Trauffer Ferenc, mv.-i \u00fcgyv\u00e9d [&hellip;]<\/p>\n","protected":false},"featured_media":0,"comment_status":"open","ping_status":"closed","template":"","meta":[],"product_brand":[],"product_cat":[137],"product_tag":[],"class_list":{"0":"post-17908","1":"product","2":"type-product","3":"status-publish","5":"product_cat-maros-megyei-eletrajzi-lexikon","7":"first","8":"instock","9":"shipping-taxable","10":"product-type-simple"},"_links":{"self":[{"href":"https:\/\/uj.adatbank.ro\/lexikon\/wp-json\/wp\/v2\/product\/17908","targetHints":{"allow":["GET"]}}],"collection":[{"href":"https:\/\/uj.adatbank.ro\/lexikon\/wp-json\/wp\/v2\/product"}],"about":[{"href":"https:\/\/uj.adatbank.ro\/lexikon\/wp-json\/wp\/v2\/types\/product"}],"replies":[{"embeddable":true,"href":"https:\/\/uj.adatbank.ro\/lexikon\/wp-json\/wp\/v2\/comments?post=17908"}],"wp:attachment":[{"href":"https:\/\/uj.adatbank.ro\/lexikon\/wp-json\/wp\/v2\/media?parent=17908"}],"wp:term":[{"taxonomy":"product_brand","embeddable":true,"href":"https:\/\/uj.adatbank.ro\/lexikon\/wp-json\/wp\/v2\/product_brand?post=17908"},{"taxonomy":"product_cat","embeddable":true,"href":"https:\/\/uj.adatbank.ro\/lexikon\/wp-json\/wp\/v2\/product_cat?post=17908"},{"taxonomy":"product_tag","embeddable":true,"href":"https:\/\/uj.adatbank.ro\/lexikon\/wp-json\/wp\/v2\/product_tag?post=17908"}],"curies":[{"name":"wp","href":"https:\/\/api.w.org\/{rel}","templated":true}]}}