{"id":1791,"date":"2025-06-28T11:53:14","date_gmt":"2025-06-28T09:53:14","guid":{"rendered":"https:\/\/uj.adatbank.ro\/lexikon\/termek\/antal-imre\/"},"modified":"2025-06-28T11:53:14","modified_gmt":"2025-06-28T09:53:14","slug":"antal-imre","status":"publish","type":"product","link":"https:\/\/uj.adatbank.ro\/lexikon\/termek\/antal-imre\/","title":{"rendered":"ANTAL Imre"},"content":{"rendered":"<p>Gyimesfels\u0151lokon sz\u00fcl.1944. Mv.-en a M\u0171v\u00e9szeti L\u00edc.-ban v\u00e9gzett, Bordi Andr\u00e1s \u00e9s Nagy P\u00e1l voltak a tan\u00e1rai. Sz\u00fcl\u0151faluj\u00e1ban volt rajztan\u00e1r. Hazai ki\u00e1ll\u00edt\u00e1sokon \u00e9s k\u00fclf\u00f6ld\u00f6n szerepelt Magyarorsz\u00e1gon, Sv\u00e9dorsz\u00e1gban, N\u00e9meto.-ban, az USA-ban ismertette a gyimesi t\u00e1j z\u00e9ps\u00e9geit, a cs\u00e1ng\u00f3 n\u00e9pszok\u00e1sokat. <br \/><strong>Irod.:<\/strong> Szab\u00f3\u2013K\u00e1llai<\/br><\/p>\n","protected":false},"excerpt":{"rendered":"<p>Gyimesfels\u0151lokon sz\u00fcl.1944. Mv.-en a M\u0171v\u00e9szeti L\u00edc.-ban v\u00e9gzett, Bordi Andr\u00e1s \u00e9s Nagy P\u00e1l voltak a tan\u00e1rai. Sz\u00fcl\u0151faluj\u00e1ban volt rajztan\u00e1r. Hazai ki\u00e1ll\u00edt\u00e1sokon \u00e9s k\u00fclf\u00f6ld\u00f6n szerepelt Magyarorsz\u00e1gon, Sv\u00e9dorsz\u00e1gban, N\u00e9meto.-ban, az USA-ban ismertette a gyimesi t\u00e1j z\u00e9ps\u00e9geit, a cs\u00e1ng\u00f3 n\u00e9pszok\u00e1sokat. Irod.: Szab\u00f3\u2013K\u00e1llai<\/p>\n","protected":false},"featured_media":0,"comment_status":"open","ping_status":"closed","template":"","meta":[],"product_brand":[],"product_cat":[137],"product_tag":[],"class_list":{"0":"post-1791","1":"product","2":"type-product","3":"status-publish","5":"product_cat-maros-megyei-eletrajzi-lexikon","7":"first","8":"instock","9":"shipping-taxable","10":"product-type-simple"},"_links":{"self":[{"href":"https:\/\/uj.adatbank.ro\/lexikon\/wp-json\/wp\/v2\/product\/1791","targetHints":{"allow":["GET"]}}],"collection":[{"href":"https:\/\/uj.adatbank.ro\/lexikon\/wp-json\/wp\/v2\/product"}],"about":[{"href":"https:\/\/uj.adatbank.ro\/lexikon\/wp-json\/wp\/v2\/types\/product"}],"replies":[{"embeddable":true,"href":"https:\/\/uj.adatbank.ro\/lexikon\/wp-json\/wp\/v2\/comments?post=1791"}],"wp:attachment":[{"href":"https:\/\/uj.adatbank.ro\/lexikon\/wp-json\/wp\/v2\/media?parent=1791"}],"wp:term":[{"taxonomy":"product_brand","embeddable":true,"href":"https:\/\/uj.adatbank.ro\/lexikon\/wp-json\/wp\/v2\/product_brand?post=1791"},{"taxonomy":"product_cat","embeddable":true,"href":"https:\/\/uj.adatbank.ro\/lexikon\/wp-json\/wp\/v2\/product_cat?post=1791"},{"taxonomy":"product_tag","embeddable":true,"href":"https:\/\/uj.adatbank.ro\/lexikon\/wp-json\/wp\/v2\/product_tag?post=1791"}],"curies":[{"name":"wp","href":"https:\/\/api.w.org\/{rel}","templated":true}]}}