{"id":17911,"date":"2025-07-16T10:32:35","date_gmt":"2025-07-16T08:32:35","guid":{"rendered":"https:\/\/uj.adatbank.ro\/lexikon\/termek\/petelei-janos-jeno\/"},"modified":"2025-07-16T10:32:35","modified_gmt":"2025-07-16T08:32:35","slug":"petelei-janos-jeno","status":"publish","type":"product","link":"https:\/\/uj.adatbank.ro\/lexikon\/termek\/petelei-janos-jeno\/","title":{"rendered":"PETELEI J\u00e1nos \/ Jen\u0151"},"content":{"rendered":"<p>Mv., 1857., \u2020\u00a0Mv., 1910.: keresked\u0151. \u2013 P. Istv\u00e1n \u00e9s Istv\u00e1nfi M\u00e1ria fia. Feles\u00e9ge: Guggenberger \/Gubody Irma (1862-?). Gyermekeik: Istv\u00e1n (1882-?), Juli\u00e1nna, Jen\u0151, M\u00e1ria, Anna, Zsuzsanna, S\u00e1ndor Ferenc, igazgat\u00f3-tan\u00edt\u00f3 (1900-?). \u2013 Keresked\u0151 volt Mv.-en \u00e9s v\u00e1rosi t\u00f6rv\u00e9nyhat\u00f3s\u00e1gi bizotts\u00e1gi tag. <br \/><strong>Irod.:<\/strong> Bod\u00f3 \u00c1gnes: \u201e\u00c9l\u0151 eml\u00e9kezet\u201d: \u00d6rm\u00e9ny sz\u00e1rmaz\u00e1s\u00fa csal\u00e1dok Mv.-en 2. (Erd\u00e9lyi \u00d6rm\u00e9ny Gy\u00f6kerek, 220 sz., 2015. nov.-dec); Sz\u00e1va 2012<\/br><\/p>\n","protected":false},"excerpt":{"rendered":"<p>Mv., 1857., \u2020\u00a0Mv., 1910.: keresked\u0151. \u2013 P. Istv\u00e1n \u00e9s Istv\u00e1nfi M\u00e1ria fia. Feles\u00e9ge: Guggenberger \/Gubody Irma (1862-?). Gyermekeik: Istv\u00e1n (1882-?), Juli\u00e1nna, Jen\u0151, M\u00e1ria, Anna, Zsuzsanna, S\u00e1ndor Ferenc, igazgat\u00f3-tan\u00edt\u00f3 (1900-?). \u2013 Keresked\u0151 volt Mv.-en \u00e9s v\u00e1rosi t\u00f6rv\u00e9nyhat\u00f3s\u00e1gi bizotts\u00e1gi tag. Irod.: Bod\u00f3 \u00c1gnes: \u201e\u00c9l\u0151 eml\u00e9kezet\u201d: \u00d6rm\u00e9ny sz\u00e1rmaz\u00e1s\u00fa csal\u00e1dok Mv.-en 2. (Erd\u00e9lyi \u00d6rm\u00e9ny Gy\u00f6kerek, 220 sz., 2015. nov.-dec); [&hellip;]<\/p>\n","protected":false},"featured_media":0,"comment_status":"open","ping_status":"closed","template":"","meta":[],"product_brand":[],"product_cat":[137],"product_tag":[],"class_list":{"0":"post-17911","1":"product","2":"type-product","3":"status-publish","5":"product_cat-maros-megyei-eletrajzi-lexikon","7":"first","8":"instock","9":"shipping-taxable","10":"product-type-simple"},"_links":{"self":[{"href":"https:\/\/uj.adatbank.ro\/lexikon\/wp-json\/wp\/v2\/product\/17911","targetHints":{"allow":["GET"]}}],"collection":[{"href":"https:\/\/uj.adatbank.ro\/lexikon\/wp-json\/wp\/v2\/product"}],"about":[{"href":"https:\/\/uj.adatbank.ro\/lexikon\/wp-json\/wp\/v2\/types\/product"}],"replies":[{"embeddable":true,"href":"https:\/\/uj.adatbank.ro\/lexikon\/wp-json\/wp\/v2\/comments?post=17911"}],"wp:attachment":[{"href":"https:\/\/uj.adatbank.ro\/lexikon\/wp-json\/wp\/v2\/media?parent=17911"}],"wp:term":[{"taxonomy":"product_brand","embeddable":true,"href":"https:\/\/uj.adatbank.ro\/lexikon\/wp-json\/wp\/v2\/product_brand?post=17911"},{"taxonomy":"product_cat","embeddable":true,"href":"https:\/\/uj.adatbank.ro\/lexikon\/wp-json\/wp\/v2\/product_cat?post=17911"},{"taxonomy":"product_tag","embeddable":true,"href":"https:\/\/uj.adatbank.ro\/lexikon\/wp-json\/wp\/v2\/product_tag?post=17911"}],"curies":[{"name":"wp","href":"https:\/\/api.w.org\/{rel}","templated":true}]}}