{"id":17912,"date":"2025-07-16T10:32:38","date_gmt":"2025-07-16T08:32:38","guid":{"rendered":"https:\/\/uj.adatbank.ro\/lexikon\/termek\/petelei-jozsef\/"},"modified":"2025-07-16T10:32:38","modified_gmt":"2025-07-16T08:32:38","slug":"petelei-jozsef","status":"publish","type":"product","link":"https:\/\/uj.adatbank.ro\/lexikon\/termek\/petelei-jozsef\/","title":{"rendered":"PETELEI J\u00f3zsef"},"content":{"rendered":"<p>Mv., 1819. jan. 30., \u2020\u00a0Mv., 1890. jan 30.?. A mv.-i Keresztel\u0151 Szent J\u00e1nos-pl\u00e9b\u00e1nia kript\u00e1j\u00e1ba temett\u00e9k. Feles\u00e9ge: Filep Anna. Gyermekeik: J\u00e1nos, Andr\u00e1s, Istv\u00e1n, M\u00e1ria, L\u00e1z\u00e1r J\u00e1nosn\u00e9, a b\u00edr\u00f3 els\u0151 feles\u00e9ge. <br \/><strong>Irod.:<\/strong> Pusk\u00e1s Attila \u2013 s\u00edrfeliratok<\/br><\/p>\n","protected":false},"excerpt":{"rendered":"<p>Mv., 1819. jan. 30., \u2020\u00a0Mv., 1890. jan 30.?. A mv.-i Keresztel\u0151 Szent J\u00e1nos-pl\u00e9b\u00e1nia kript\u00e1j\u00e1ba temett\u00e9k. Feles\u00e9ge: Filep Anna. Gyermekeik: J\u00e1nos, Andr\u00e1s, Istv\u00e1n, M\u00e1ria, L\u00e1z\u00e1r J\u00e1nosn\u00e9, a b\u00edr\u00f3 els\u0151 feles\u00e9ge. Irod.: Pusk\u00e1s Attila \u2013 s\u00edrfeliratok<\/p>\n","protected":false},"featured_media":0,"comment_status":"open","ping_status":"closed","template":"","meta":[],"product_brand":[],"product_cat":[137],"product_tag":[],"class_list":{"0":"post-17912","1":"product","2":"type-product","3":"status-publish","5":"product_cat-maros-megyei-eletrajzi-lexikon","7":"first","8":"instock","9":"shipping-taxable","10":"product-type-simple"},"_links":{"self":[{"href":"https:\/\/uj.adatbank.ro\/lexikon\/wp-json\/wp\/v2\/product\/17912","targetHints":{"allow":["GET"]}}],"collection":[{"href":"https:\/\/uj.adatbank.ro\/lexikon\/wp-json\/wp\/v2\/product"}],"about":[{"href":"https:\/\/uj.adatbank.ro\/lexikon\/wp-json\/wp\/v2\/types\/product"}],"replies":[{"embeddable":true,"href":"https:\/\/uj.adatbank.ro\/lexikon\/wp-json\/wp\/v2\/comments?post=17912"}],"wp:attachment":[{"href":"https:\/\/uj.adatbank.ro\/lexikon\/wp-json\/wp\/v2\/media?parent=17912"}],"wp:term":[{"taxonomy":"product_brand","embeddable":true,"href":"https:\/\/uj.adatbank.ro\/lexikon\/wp-json\/wp\/v2\/product_brand?post=17912"},{"taxonomy":"product_cat","embeddable":true,"href":"https:\/\/uj.adatbank.ro\/lexikon\/wp-json\/wp\/v2\/product_cat?post=17912"},{"taxonomy":"product_tag","embeddable":true,"href":"https:\/\/uj.adatbank.ro\/lexikon\/wp-json\/wp\/v2\/product_tag?post=17912"}],"curies":[{"name":"wp","href":"https:\/\/api.w.org\/{rel}","templated":true}]}}