{"id":17914,"date":"2025-07-16T10:32:45","date_gmt":"2025-07-16T08:32:45","guid":{"rendered":"https:\/\/uj.adatbank.ro\/lexikon\/termek\/petelei-marton\/"},"modified":"2025-07-16T10:32:45","modified_gmt":"2025-07-16T08:32:45","slug":"petelei-marton","status":"publish","type":"product","link":"https:\/\/uj.adatbank.ro\/lexikon\/termek\/petelei-marton\/","title":{"rendered":"PETELEI M\u00e1rton"},"content":{"rendered":"<p>1786., \u2020 Mv., 1864. \u00e1pr. 5.: ?. \u2013 Gyermekeik: P. J\u00e1nos, feles\u00e9ge Holmberg \u00c1m\u00e1lia; P. Istv\u00e1n, feles\u00e9ge Istv\u00e1nfi M\u00e1ria; Petelei M\u00e1ria Szenkovics Luk\u00e1csn\u00e9. <br \/><strong>Irod.:<\/strong> Gy\u00e1szjelent\u0151<\/br><\/p>\n","protected":false},"excerpt":{"rendered":"<p>1786., \u2020 Mv., 1864. \u00e1pr. 5.: ?. \u2013 Gyermekeik: P. J\u00e1nos, feles\u00e9ge Holmberg \u00c1m\u00e1lia; P. Istv\u00e1n, feles\u00e9ge Istv\u00e1nfi M\u00e1ria; Petelei M\u00e1ria Szenkovics Luk\u00e1csn\u00e9. Irod.: Gy\u00e1szjelent\u0151<\/p>\n","protected":false},"featured_media":0,"comment_status":"open","ping_status":"closed","template":"","meta":[],"product_brand":[],"product_cat":[137],"product_tag":[],"class_list":{"0":"post-17914","1":"product","2":"type-product","3":"status-publish","5":"product_cat-maros-megyei-eletrajzi-lexikon","7":"first","8":"instock","9":"shipping-taxable","10":"product-type-simple"},"_links":{"self":[{"href":"https:\/\/uj.adatbank.ro\/lexikon\/wp-json\/wp\/v2\/product\/17914","targetHints":{"allow":["GET"]}}],"collection":[{"href":"https:\/\/uj.adatbank.ro\/lexikon\/wp-json\/wp\/v2\/product"}],"about":[{"href":"https:\/\/uj.adatbank.ro\/lexikon\/wp-json\/wp\/v2\/types\/product"}],"replies":[{"embeddable":true,"href":"https:\/\/uj.adatbank.ro\/lexikon\/wp-json\/wp\/v2\/comments?post=17914"}],"wp:attachment":[{"href":"https:\/\/uj.adatbank.ro\/lexikon\/wp-json\/wp\/v2\/media?parent=17914"}],"wp:term":[{"taxonomy":"product_brand","embeddable":true,"href":"https:\/\/uj.adatbank.ro\/lexikon\/wp-json\/wp\/v2\/product_brand?post=17914"},{"taxonomy":"product_cat","embeddable":true,"href":"https:\/\/uj.adatbank.ro\/lexikon\/wp-json\/wp\/v2\/product_cat?post=17914"},{"taxonomy":"product_tag","embeddable":true,"href":"https:\/\/uj.adatbank.ro\/lexikon\/wp-json\/wp\/v2\/product_tag?post=17914"}],"curies":[{"name":"wp","href":"https:\/\/api.w.org\/{rel}","templated":true}]}}