{"id":17915,"date":"2025-07-16T10:32:46","date_gmt":"2025-07-16T08:32:46","guid":{"rendered":"https:\/\/uj.adatbank.ro\/lexikon\/termek\/petelei-marton-2\/"},"modified":"2025-07-16T10:32:46","modified_gmt":"2025-07-16T08:32:46","slug":"petelei-marton-2","status":"publish","type":"product","link":"https:\/\/uj.adatbank.ro\/lexikon\/termek\/petelei-marton-2\/","title":{"rendered":"PETELEI M\u00e1rton"},"content":{"rendered":"<p>1796, \u2020 Mv.1851. febr. 2: keresked\u0151.- Neje Biluska Roz\u00e1lia. Gyermekei: M\u00e1ria (1813), J\u00e1nos (1816\u20131823), Istv\u00e1n (Mv., 1819), Antal (1822\u20131823), Katalin (1821\u20131822). \u2013 Mv.-en fogad\u00f3ja volt. <br \/><strong>Irod.:<\/strong> Bod\u00f3 \u00c1gnes: \u201e\u00c9l\u0151 eml\u00e9kezet\u201d: \u00d6rm\u00e9ny sz\u00e1rmaz\u00e1s\u00fa csal\u00e1dok Mv.-en 2. (Erd\u00e9lyi \u00d6rm\u00e9ny Gy\u00f6kerek, 220 sz., 2015. nov.-dec.); P\u00e1l-Antal S\u00e1ndor: \u00d6rm\u00e9nyek Mv.-en 1848 el\u0151tt = Pusk\u00e1s-Sz\u00e1sz \u00c1v\u00e9d<\/br><\/p>\n","protected":false},"excerpt":{"rendered":"<p>1796, \u2020 Mv.1851. febr. 2: keresked\u0151.- Neje Biluska Roz\u00e1lia. Gyermekei: M\u00e1ria (1813), J\u00e1nos (1816\u20131823), Istv\u00e1n (Mv., 1819), Antal (1822\u20131823), Katalin (1821\u20131822). \u2013 Mv.-en fogad\u00f3ja volt. Irod.: Bod\u00f3 \u00c1gnes: \u201e\u00c9l\u0151 eml\u00e9kezet\u201d: \u00d6rm\u00e9ny sz\u00e1rmaz\u00e1s\u00fa csal\u00e1dok Mv.-en 2. (Erd\u00e9lyi \u00d6rm\u00e9ny Gy\u00f6kerek, 220 sz., 2015. nov.-dec.); P\u00e1l-Antal S\u00e1ndor: \u00d6rm\u00e9nyek Mv.-en 1848 el\u0151tt = Pusk\u00e1s-Sz\u00e1sz \u00c1v\u00e9d<\/p>\n","protected":false},"featured_media":0,"comment_status":"open","ping_status":"closed","template":"","meta":[],"product_brand":[],"product_cat":[137],"product_tag":[],"class_list":{"0":"post-17915","1":"product","2":"type-product","3":"status-publish","5":"product_cat-maros-megyei-eletrajzi-lexikon","7":"first","8":"instock","9":"shipping-taxable","10":"product-type-simple"},"_links":{"self":[{"href":"https:\/\/uj.adatbank.ro\/lexikon\/wp-json\/wp\/v2\/product\/17915","targetHints":{"allow":["GET"]}}],"collection":[{"href":"https:\/\/uj.adatbank.ro\/lexikon\/wp-json\/wp\/v2\/product"}],"about":[{"href":"https:\/\/uj.adatbank.ro\/lexikon\/wp-json\/wp\/v2\/types\/product"}],"replies":[{"embeddable":true,"href":"https:\/\/uj.adatbank.ro\/lexikon\/wp-json\/wp\/v2\/comments?post=17915"}],"wp:attachment":[{"href":"https:\/\/uj.adatbank.ro\/lexikon\/wp-json\/wp\/v2\/media?parent=17915"}],"wp:term":[{"taxonomy":"product_brand","embeddable":true,"href":"https:\/\/uj.adatbank.ro\/lexikon\/wp-json\/wp\/v2\/product_brand?post=17915"},{"taxonomy":"product_cat","embeddable":true,"href":"https:\/\/uj.adatbank.ro\/lexikon\/wp-json\/wp\/v2\/product_cat?post=17915"},{"taxonomy":"product_tag","embeddable":true,"href":"https:\/\/uj.adatbank.ro\/lexikon\/wp-json\/wp\/v2\/product_tag?post=17915"}],"curies":[{"name":"wp","href":"https:\/\/api.w.org\/{rel}","templated":true}]}}