{"id":17916,"date":"2025-07-16T10:32:48","date_gmt":"2025-07-16T08:32:48","guid":{"rendered":"https:\/\/uj.adatbank.ro\/lexikon\/termek\/petelei-marton-3\/"},"modified":"2025-07-16T10:32:48","modified_gmt":"2025-07-16T08:32:48","slug":"petelei-marton-3","status":"publish","type":"product","link":"https:\/\/uj.adatbank.ro\/lexikon\/termek\/petelei-marton-3\/","title":{"rendered":"PETELEI M\u00e1rton"},"content":{"rendered":"<p>Mv., 1847. dec 25, \u2020 Mv., 1915. aug. 28.: keresked\u0151, r.k. egyh\u00e1zi tan\u00e1csos. \u2013 Petelei Istv\u00e1n (1819. szept. 18\u2013) \u00e9s Istv\u00e1nfi M\u00e1ria fia. Testv\u00e9rei: P. M\u00e1ria Patrub\u00e1ny Antaln\u00e9; P. Katalin T\u00f6rp\u00e9nyi J\u00e1nosn\u00e9. Feles\u00e9ge: szamos\u00fajv\u00e1ri \u00c1brah\u00e1m R\u00f3za (Szamos\u00fajv\u00e1r, 1857 \u2013 Mv., 1946). Le\u00e1nyaik Mv.-en sz\u00fclettek: Erzs\u00e9bet V\u00e9gh B\u00e9l\u00e1n\u00e9 (Mv., 1878 \u2013 Mv., 1915); Roz\u00e1lia, f\u00e9rje K\u00e1d\u00e1r K\u00e1lm\u00e1n, M\u00c1V f\u0151m\u00e9rn\u00f6k. \u2013 Mv.-en b\u0151r\u00e1r\u00fa, \u00e9s fegyver nagykeresked\u0151. A Mv.-i Keresked\u0151k T\u00e1rsulat\u00e1nak tb. aleln\u00f6ke, r. k.egyh\u00e1zi tan\u00e1csos, a Mv. Takar\u00e9kp\u00e9nzt\u00e1r rt. igazgat\u00f3s\u00e1gi tagja, az \u00f6nk\u00e9ntes T\u0171zolt\u00f3 Egylet p\u00e9nzt\u00e1rosa volt. <br \/><strong>Irod.:<\/strong> Bod\u00f3 \u00c1gnes: \u201e\u00c9l\u0151 eml\u00e9kezet\u201d: sz\u00e1rmaz\u00e1s\u00fa csal\u00e1dok Mv.-en 2. (Erd\u00e9lyi \u00d6rm\u00e9ny Gy\u00f6kerek, 220 sz., 2015. nov.-dec); Gy\u00e1szjelent\u0151; Mv.-i \u00f6rm\u00e9nyek; \u00d6rm\u00e9nyek; P\u00e1l-Antal S\u00e1ndor: \u00d6rm\u00e9nyek Mv.-en 1848 el\u0151tt = Pusk\u00e1s-Sz\u00e1sz \u00c1v\u00e9d; Sz\u00e1va 2012<\/br><\/p>\n","protected":false},"excerpt":{"rendered":"<p>Mv., 1847. dec 25, \u2020 Mv., 1915. aug. 28.: keresked\u0151, r.k. egyh\u00e1zi tan\u00e1csos. \u2013 Petelei Istv\u00e1n (1819. szept. 18\u2013) \u00e9s Istv\u00e1nfi M\u00e1ria fia. Testv\u00e9rei: P. M\u00e1ria Patrub\u00e1ny Antaln\u00e9; P. Katalin T\u00f6rp\u00e9nyi J\u00e1nosn\u00e9. Feles\u00e9ge: szamos\u00fajv\u00e1ri \u00c1brah\u00e1m R\u00f3za (Szamos\u00fajv\u00e1r, 1857 \u2013 Mv., 1946). Le\u00e1nyaik Mv.-en sz\u00fclettek: Erzs\u00e9bet V\u00e9gh B\u00e9l\u00e1n\u00e9 (Mv., 1878 \u2013 Mv., 1915); Roz\u00e1lia, f\u00e9rje K\u00e1d\u00e1r [&hellip;]<\/p>\n","protected":false},"featured_media":0,"comment_status":"open","ping_status":"closed","template":"","meta":[],"product_brand":[],"product_cat":[137],"product_tag":[],"class_list":{"0":"post-17916","1":"product","2":"type-product","3":"status-publish","5":"product_cat-maros-megyei-eletrajzi-lexikon","7":"first","8":"instock","9":"shipping-taxable","10":"product-type-simple"},"_links":{"self":[{"href":"https:\/\/uj.adatbank.ro\/lexikon\/wp-json\/wp\/v2\/product\/17916","targetHints":{"allow":["GET"]}}],"collection":[{"href":"https:\/\/uj.adatbank.ro\/lexikon\/wp-json\/wp\/v2\/product"}],"about":[{"href":"https:\/\/uj.adatbank.ro\/lexikon\/wp-json\/wp\/v2\/types\/product"}],"replies":[{"embeddable":true,"href":"https:\/\/uj.adatbank.ro\/lexikon\/wp-json\/wp\/v2\/comments?post=17916"}],"wp:attachment":[{"href":"https:\/\/uj.adatbank.ro\/lexikon\/wp-json\/wp\/v2\/media?parent=17916"}],"wp:term":[{"taxonomy":"product_brand","embeddable":true,"href":"https:\/\/uj.adatbank.ro\/lexikon\/wp-json\/wp\/v2\/product_brand?post=17916"},{"taxonomy":"product_cat","embeddable":true,"href":"https:\/\/uj.adatbank.ro\/lexikon\/wp-json\/wp\/v2\/product_cat?post=17916"},{"taxonomy":"product_tag","embeddable":true,"href":"https:\/\/uj.adatbank.ro\/lexikon\/wp-json\/wp\/v2\/product_tag?post=17916"}],"curies":[{"name":"wp","href":"https:\/\/api.w.org\/{rel}","templated":true}]}}