{"id":17917,"date":"2025-07-16T10:32:50","date_gmt":"2025-07-16T08:32:50","guid":{"rendered":"https:\/\/uj.adatbank.ro\/lexikon\/termek\/petelei-sandor-ferenc\/"},"modified":"2025-07-16T10:32:50","modified_gmt":"2025-07-16T08:32:50","slug":"petelei-sandor-ferenc","status":"publish","type":"product","link":"https:\/\/uj.adatbank.ro\/lexikon\/termek\/petelei-sandor-ferenc\/","title":{"rendered":"PETELEI S\u00e1ndor Ferenc"},"content":{"rendered":"<p>Mv., 1900., \u2020\u00a0?: igazgat\u00f3-tan\u00edt\u00f3, szobr\u00e1sz. \u2013 P. J\u00e1nos \u00e9s Guggenberger \/Gubody Irma fia. Feles\u00e9ge: Ruszn\u00e1k Anna. \u2013 Zilahon kapott tan\u00edt\u00f3i oklevelet (1918). Petrozs\u00e9nyban volt tan\u00edt\u00f3, majd Buk\u2013ben volt szobr\u00e1sz (16 \u00e9vig). Mez\u0151k\u00f6lp\u00e9nyben volt igazgat\u00f3-tan\u00edt\u00f3 (1940\u2013). <br \/><strong>Irod.:<\/strong> Sz\u00e1va 2012<\/br><\/p>\n","protected":false},"excerpt":{"rendered":"<p>Mv., 1900., \u2020\u00a0?: igazgat\u00f3-tan\u00edt\u00f3, szobr\u00e1sz. \u2013 P. J\u00e1nos \u00e9s Guggenberger \/Gubody Irma fia. Feles\u00e9ge: Ruszn\u00e1k Anna. \u2013 Zilahon kapott tan\u00edt\u00f3i oklevelet (1918). Petrozs\u00e9nyban volt tan\u00edt\u00f3, majd Buk\u2013ben volt szobr\u00e1sz (16 \u00e9vig). Mez\u0151k\u00f6lp\u00e9nyben volt igazgat\u00f3-tan\u00edt\u00f3 (1940\u2013). Irod.: Sz\u00e1va 2012<\/p>\n","protected":false},"featured_media":0,"comment_status":"open","ping_status":"closed","template":"","meta":[],"product_brand":[],"product_cat":[137],"product_tag":[],"class_list":{"0":"post-17917","1":"product","2":"type-product","3":"status-publish","5":"product_cat-maros-megyei-eletrajzi-lexikon","7":"first","8":"instock","9":"shipping-taxable","10":"product-type-simple"},"_links":{"self":[{"href":"https:\/\/uj.adatbank.ro\/lexikon\/wp-json\/wp\/v2\/product\/17917","targetHints":{"allow":["GET"]}}],"collection":[{"href":"https:\/\/uj.adatbank.ro\/lexikon\/wp-json\/wp\/v2\/product"}],"about":[{"href":"https:\/\/uj.adatbank.ro\/lexikon\/wp-json\/wp\/v2\/types\/product"}],"replies":[{"embeddable":true,"href":"https:\/\/uj.adatbank.ro\/lexikon\/wp-json\/wp\/v2\/comments?post=17917"}],"wp:attachment":[{"href":"https:\/\/uj.adatbank.ro\/lexikon\/wp-json\/wp\/v2\/media?parent=17917"}],"wp:term":[{"taxonomy":"product_brand","embeddable":true,"href":"https:\/\/uj.adatbank.ro\/lexikon\/wp-json\/wp\/v2\/product_brand?post=17917"},{"taxonomy":"product_cat","embeddable":true,"href":"https:\/\/uj.adatbank.ro\/lexikon\/wp-json\/wp\/v2\/product_cat?post=17917"},{"taxonomy":"product_tag","embeddable":true,"href":"https:\/\/uj.adatbank.ro\/lexikon\/wp-json\/wp\/v2\/product_tag?post=17917"}],"curies":[{"name":"wp","href":"https:\/\/api.w.org\/{rel}","templated":true}]}}