{"id":17936,"date":"2025-07-16T10:33:26","date_gmt":"2025-07-16T08:33:26","guid":{"rendered":"https:\/\/uj.adatbank.ro\/lexikon\/termek\/peter-19\/"},"modified":"2025-07-16T10:33:26","modified_gmt":"2025-07-16T08:33:26","slug":"peter-19","status":"publish","type":"product","link":"https:\/\/uj.adatbank.ro\/lexikon\/termek\/peter-19\/","title":{"rendered":"P\u00c9TER"},"content":{"rendered":"<p>? \u2020 ?: r. k. pap. \u2013 Erd\u0151szentgy\u00f6rgy els\u0151, n\u00e9v szerint ismert papja. P\u00e1pai tizedet fizetett (1333\u201334). <br \/><strong>Irod.:<\/strong> Ferenczi S\u00e1ndor 2009; Keresztes Gyula: Az erd\u0151szentgy\u00f6rgyi ref. templom (N\u00fa., 1998. j\u00fan. 6); Nagy-Bod\u00f3 Tibor: A kast\u00e9ly melletti Szent Gy\u00f6rgy templom (K\u00f6zpont, 2016. \u00e1pr. 7\u201313)<\/br><\/p>\n","protected":false},"excerpt":{"rendered":"<p>? \u2020 ?: r. k. pap. \u2013 Erd\u0151szentgy\u00f6rgy els\u0151, n\u00e9v szerint ismert papja. P\u00e1pai tizedet fizetett (1333\u201334). Irod.: Ferenczi S\u00e1ndor 2009; Keresztes Gyula: Az erd\u0151szentgy\u00f6rgyi ref. templom (N\u00fa., 1998. j\u00fan. 6); Nagy-Bod\u00f3 Tibor: A kast\u00e9ly melletti Szent Gy\u00f6rgy templom (K\u00f6zpont, 2016. \u00e1pr. 7\u201313)<\/p>\n","protected":false},"featured_media":0,"comment_status":"open","ping_status":"closed","template":"","meta":[],"product_brand":[],"product_cat":[137],"product_tag":[],"class_list":{"0":"post-17936","1":"product","2":"type-product","3":"status-publish","5":"product_cat-maros-megyei-eletrajzi-lexikon","7":"first","8":"instock","9":"shipping-taxable","10":"product-type-simple"},"_links":{"self":[{"href":"https:\/\/uj.adatbank.ro\/lexikon\/wp-json\/wp\/v2\/product\/17936","targetHints":{"allow":["GET"]}}],"collection":[{"href":"https:\/\/uj.adatbank.ro\/lexikon\/wp-json\/wp\/v2\/product"}],"about":[{"href":"https:\/\/uj.adatbank.ro\/lexikon\/wp-json\/wp\/v2\/types\/product"}],"replies":[{"embeddable":true,"href":"https:\/\/uj.adatbank.ro\/lexikon\/wp-json\/wp\/v2\/comments?post=17936"}],"wp:attachment":[{"href":"https:\/\/uj.adatbank.ro\/lexikon\/wp-json\/wp\/v2\/media?parent=17936"}],"wp:term":[{"taxonomy":"product_brand","embeddable":true,"href":"https:\/\/uj.adatbank.ro\/lexikon\/wp-json\/wp\/v2\/product_brand?post=17936"},{"taxonomy":"product_cat","embeddable":true,"href":"https:\/\/uj.adatbank.ro\/lexikon\/wp-json\/wp\/v2\/product_cat?post=17936"},{"taxonomy":"product_tag","embeddable":true,"href":"https:\/\/uj.adatbank.ro\/lexikon\/wp-json\/wp\/v2\/product_tag?post=17936"}],"curies":[{"name":"wp","href":"https:\/\/api.w.org\/{rel}","templated":true}]}}