{"id":17937,"date":"2025-07-16T10:33:30","date_gmt":"2025-07-16T08:33:30","guid":{"rendered":"https:\/\/uj.adatbank.ro\/lexikon\/termek\/peter-20\/"},"modified":"2025-07-16T10:33:30","modified_gmt":"2025-07-16T08:33:30","slug":"peter-20","status":"publish","type":"product","link":"https:\/\/uj.adatbank.ro\/lexikon\/termek\/peter-20\/","title":{"rendered":"P\u00c9TER"},"content":{"rendered":"<p>? \u2020\u00a0?: r. k. pap. \u2013 K\u00e1poszt\u00e1sszentmikl\u00f3s pl\u00e9b\u00e1niatemplom\u00e1nak papja, fizette a p\u00e1pai tizedet (1332\u201335). <br \/><strong>Irod.:<\/strong> Beke 1894; Ferenczi S\u00e1ndor 2009; L\u00e9sty\u00e1n \u2013 templomok 1.<\/br><\/p>\n","protected":false},"excerpt":{"rendered":"<p>? \u2020\u00a0?: r. k. pap. \u2013 K\u00e1poszt\u00e1sszentmikl\u00f3s pl\u00e9b\u00e1niatemplom\u00e1nak papja, fizette a p\u00e1pai tizedet (1332\u201335). Irod.: Beke 1894; Ferenczi S\u00e1ndor 2009; L\u00e9sty\u00e1n \u2013 templomok 1.<\/p>\n","protected":false},"featured_media":0,"comment_status":"open","ping_status":"closed","template":"","meta":[],"product_brand":[],"product_cat":[137],"product_tag":[],"class_list":{"0":"post-17937","1":"product","2":"type-product","3":"status-publish","5":"product_cat-maros-megyei-eletrajzi-lexikon","7":"first","8":"instock","9":"shipping-taxable","10":"product-type-simple"},"_links":{"self":[{"href":"https:\/\/uj.adatbank.ro\/lexikon\/wp-json\/wp\/v2\/product\/17937","targetHints":{"allow":["GET"]}}],"collection":[{"href":"https:\/\/uj.adatbank.ro\/lexikon\/wp-json\/wp\/v2\/product"}],"about":[{"href":"https:\/\/uj.adatbank.ro\/lexikon\/wp-json\/wp\/v2\/types\/product"}],"replies":[{"embeddable":true,"href":"https:\/\/uj.adatbank.ro\/lexikon\/wp-json\/wp\/v2\/comments?post=17937"}],"wp:attachment":[{"href":"https:\/\/uj.adatbank.ro\/lexikon\/wp-json\/wp\/v2\/media?parent=17937"}],"wp:term":[{"taxonomy":"product_brand","embeddable":true,"href":"https:\/\/uj.adatbank.ro\/lexikon\/wp-json\/wp\/v2\/product_brand?post=17937"},{"taxonomy":"product_cat","embeddable":true,"href":"https:\/\/uj.adatbank.ro\/lexikon\/wp-json\/wp\/v2\/product_cat?post=17937"},{"taxonomy":"product_tag","embeddable":true,"href":"https:\/\/uj.adatbank.ro\/lexikon\/wp-json\/wp\/v2\/product_tag?post=17937"}],"curies":[{"name":"wp","href":"https:\/\/api.w.org\/{rel}","templated":true}]}}