{"id":1794,"date":"2025-06-28T11:53:21","date_gmt":"2025-06-28T09:53:21","guid":{"rendered":"https:\/\/uj.adatbank.ro\/lexikon\/termek\/babei-gheorghe\/"},"modified":"2025-06-28T11:53:21","modified_gmt":"2025-06-28T09:53:21","slug":"babei-gheorghe","status":"publish","type":"product","link":"https:\/\/uj.adatbank.ro\/lexikon\/termek\/babei-gheorghe\/","title":{"rendered":"BABEI Gheorghe"},"content":{"rendered":"<p>? \u2020 ? : \u0151rnagy. \u2013 Mv.-en a Securitate Tartom\u00e1nyi Igazgat\u00f3s\u00e1g\u00e1nak f\u0151n\u00f6ke, \u0151rnagy (1951\u201352?). <br \/><strong>Irod.:<\/strong> Bartos 2012<\/br><\/p>\n","protected":false},"excerpt":{"rendered":"<p>? \u2020 ? : \u0151rnagy. \u2013 Mv.-en a Securitate Tartom\u00e1nyi Igazgat\u00f3s\u00e1g\u00e1nak f\u0151n\u00f6ke, \u0151rnagy (1951\u201352?). Irod.: Bartos 2012<\/p>\n","protected":false},"featured_media":0,"comment_status":"open","ping_status":"closed","template":"","meta":[],"product_brand":[],"product_cat":[137],"product_tag":[],"class_list":{"0":"post-1794","1":"product","2":"type-product","3":"status-publish","5":"product_cat-maros-megyei-eletrajzi-lexikon","7":"first","8":"instock","9":"shipping-taxable","10":"product-type-simple"},"_links":{"self":[{"href":"https:\/\/uj.adatbank.ro\/lexikon\/wp-json\/wp\/v2\/product\/1794","targetHints":{"allow":["GET"]}}],"collection":[{"href":"https:\/\/uj.adatbank.ro\/lexikon\/wp-json\/wp\/v2\/product"}],"about":[{"href":"https:\/\/uj.adatbank.ro\/lexikon\/wp-json\/wp\/v2\/types\/product"}],"replies":[{"embeddable":true,"href":"https:\/\/uj.adatbank.ro\/lexikon\/wp-json\/wp\/v2\/comments?post=1794"}],"wp:attachment":[{"href":"https:\/\/uj.adatbank.ro\/lexikon\/wp-json\/wp\/v2\/media?parent=1794"}],"wp:term":[{"taxonomy":"product_brand","embeddable":true,"href":"https:\/\/uj.adatbank.ro\/lexikon\/wp-json\/wp\/v2\/product_brand?post=1794"},{"taxonomy":"product_cat","embeddable":true,"href":"https:\/\/uj.adatbank.ro\/lexikon\/wp-json\/wp\/v2\/product_cat?post=1794"},{"taxonomy":"product_tag","embeddable":true,"href":"https:\/\/uj.adatbank.ro\/lexikon\/wp-json\/wp\/v2\/product_tag?post=1794"}],"curies":[{"name":"wp","href":"https:\/\/api.w.org\/{rel}","templated":true}]}}