{"id":17944,"date":"2025-07-16T10:33:47","date_gmt":"2025-07-16T08:33:47","guid":{"rendered":"https:\/\/uj.adatbank.ro\/lexikon\/termek\/peter-27\/"},"modified":"2025-07-16T10:33:47","modified_gmt":"2025-07-16T08:33:47","slug":"peter-27","status":"publish","type":"product","link":"https:\/\/uj.adatbank.ro\/lexikon\/termek\/peter-27\/","title":{"rendered":"P\u00c9TER"},"content":{"rendered":"<p>? \u2020\u00a0?: r. k. pap. \u2013 Marosszentkir\u00e1lyon a Boldogs\u00e1gos Sz\u0171z monostor papja (1452). Rendf\u0151n\u00f6kk\u00e9 v\u00e1lasztott\u00e1k \u201eBonefilli\u201d perjel.(1468). <br \/><strong>Irod.:<\/strong> Darvas-Kozma J\u00f3zsef: A p\u00e1losok Erd\u00e9lyben (N\u00fa., Sz\u00ednes Vil\u00e1g, 2011. m\u00e1j. 7.); Ferenczi S\u00e1ndor 2009<\/br><\/p>\n","protected":false},"excerpt":{"rendered":"<p>? \u2020\u00a0?: r. k. pap. \u2013 Marosszentkir\u00e1lyon a Boldogs\u00e1gos Sz\u0171z monostor papja (1452). Rendf\u0151n\u00f6kk\u00e9 v\u00e1lasztott\u00e1k \u201eBonefilli\u201d perjel.(1468). Irod.: Darvas-Kozma J\u00f3zsef: A p\u00e1losok Erd\u00e9lyben (N\u00fa., Sz\u00ednes Vil\u00e1g, 2011. m\u00e1j. 7.); Ferenczi S\u00e1ndor 2009<\/p>\n","protected":false},"featured_media":0,"comment_status":"open","ping_status":"closed","template":"","meta":[],"product_brand":[],"product_cat":[137],"product_tag":[],"class_list":{"0":"post-17944","1":"product","2":"type-product","3":"status-publish","5":"product_cat-maros-megyei-eletrajzi-lexikon","7":"first","8":"instock","9":"shipping-taxable","10":"product-type-simple"},"_links":{"self":[{"href":"https:\/\/uj.adatbank.ro\/lexikon\/wp-json\/wp\/v2\/product\/17944","targetHints":{"allow":["GET"]}}],"collection":[{"href":"https:\/\/uj.adatbank.ro\/lexikon\/wp-json\/wp\/v2\/product"}],"about":[{"href":"https:\/\/uj.adatbank.ro\/lexikon\/wp-json\/wp\/v2\/types\/product"}],"replies":[{"embeddable":true,"href":"https:\/\/uj.adatbank.ro\/lexikon\/wp-json\/wp\/v2\/comments?post=17944"}],"wp:attachment":[{"href":"https:\/\/uj.adatbank.ro\/lexikon\/wp-json\/wp\/v2\/media?parent=17944"}],"wp:term":[{"taxonomy":"product_brand","embeddable":true,"href":"https:\/\/uj.adatbank.ro\/lexikon\/wp-json\/wp\/v2\/product_brand?post=17944"},{"taxonomy":"product_cat","embeddable":true,"href":"https:\/\/uj.adatbank.ro\/lexikon\/wp-json\/wp\/v2\/product_cat?post=17944"},{"taxonomy":"product_tag","embeddable":true,"href":"https:\/\/uj.adatbank.ro\/lexikon\/wp-json\/wp\/v2\/product_tag?post=17944"}],"curies":[{"name":"wp","href":"https:\/\/api.w.org\/{rel}","templated":true}]}}