{"id":17946,"date":"2025-07-16T10:33:53","date_gmt":"2025-07-16T08:33:53","guid":{"rendered":"https:\/\/uj.adatbank.ro\/lexikon\/termek\/peter-albert\/"},"modified":"2025-07-16T10:33:53","modified_gmt":"2025-07-16T08:33:53","slug":"peter-albert","status":"publish","type":"product","link":"https:\/\/uj.adatbank.ro\/lexikon\/termek\/peter-albert\/","title":{"rendered":"P\u00c9TER Albert"},"content":{"rendered":"<p>Fels\u0151boldogfalva, 1889 \u2020 G\u00f6cs, : tan\u00edt\u00f3: A Tan\u00edt\u00f3k\u00e9pz\u0151t Sz\u00e9kelykereszt\u00faron v\u00e9gezte (1909). H\u00e9derf\u00e1j\u00e1ra (Maros) ker\u00fclt (1921\u20131940), onnan \u00c1kosfalv\u00e1ra(1940\u20131945), majd visszat\u00e9rt H\u00e9derf\u00e1j\u00e1ra, ahol m\u00e9g h\u00e1rom \u00e9vet tan\u00edtott. A k\u00e1ntori szolg\u00e1latot is \u0151 v\u00e9gezte. Megszerezte a l\u00e9vitai k\u00e9pes\u00edt\u00e9st, gyakran v\u00e9gzett lelk\u00e9szi teend\u0151ket is.A belmisszi\u00f3 buzg\u00f3 h\u00edve, aki a vas\u00e1rnapi iskol\u00e1t, a dal\u00e1rd\u00e1t \u00e9s az ifj\u00fas\u00e1gi egyletet is lelkesen vezette. K\u00f6zmegbecs\u00fcl\u00e9snek \u00f6rvendett.&#8211;<br \/><strong>Irod.:<\/strong> H\u00e9derf\u00e1ja \u00e9s egyh\u00e1za<\/br><\/p>\n","protected":false},"excerpt":{"rendered":"<p>Fels\u0151boldogfalva, 1889 \u2020 G\u00f6cs, : tan\u00edt\u00f3: A Tan\u00edt\u00f3k\u00e9pz\u0151t Sz\u00e9kelykereszt\u00faron v\u00e9gezte (1909). H\u00e9derf\u00e1j\u00e1ra (Maros) ker\u00fclt (1921\u20131940), onnan \u00c1kosfalv\u00e1ra(1940\u20131945), majd visszat\u00e9rt H\u00e9derf\u00e1j\u00e1ra, ahol m\u00e9g h\u00e1rom \u00e9vet tan\u00edtott. A k\u00e1ntori szolg\u00e1latot is \u0151 v\u00e9gezte. Megszerezte a l\u00e9vitai k\u00e9pes\u00edt\u00e9st, gyakran v\u00e9gzett lelk\u00e9szi teend\u0151ket is.A belmisszi\u00f3 buzg\u00f3 h\u00edve, aki a vas\u00e1rnapi iskol\u00e1t, a dal\u00e1rd\u00e1t \u00e9s az ifj\u00fas\u00e1gi egyletet is lelkesen [&hellip;]<\/p>\n","protected":false},"featured_media":0,"comment_status":"open","ping_status":"closed","template":"","meta":[],"product_brand":[],"product_cat":[137],"product_tag":[],"class_list":{"0":"post-17946","1":"product","2":"type-product","3":"status-publish","5":"product_cat-maros-megyei-eletrajzi-lexikon","7":"first","8":"instock","9":"shipping-taxable","10":"product-type-simple"},"_links":{"self":[{"href":"https:\/\/uj.adatbank.ro\/lexikon\/wp-json\/wp\/v2\/product\/17946","targetHints":{"allow":["GET"]}}],"collection":[{"href":"https:\/\/uj.adatbank.ro\/lexikon\/wp-json\/wp\/v2\/product"}],"about":[{"href":"https:\/\/uj.adatbank.ro\/lexikon\/wp-json\/wp\/v2\/types\/product"}],"replies":[{"embeddable":true,"href":"https:\/\/uj.adatbank.ro\/lexikon\/wp-json\/wp\/v2\/comments?post=17946"}],"wp:attachment":[{"href":"https:\/\/uj.adatbank.ro\/lexikon\/wp-json\/wp\/v2\/media?parent=17946"}],"wp:term":[{"taxonomy":"product_brand","embeddable":true,"href":"https:\/\/uj.adatbank.ro\/lexikon\/wp-json\/wp\/v2\/product_brand?post=17946"},{"taxonomy":"product_cat","embeddable":true,"href":"https:\/\/uj.adatbank.ro\/lexikon\/wp-json\/wp\/v2\/product_cat?post=17946"},{"taxonomy":"product_tag","embeddable":true,"href":"https:\/\/uj.adatbank.ro\/lexikon\/wp-json\/wp\/v2\/product_tag?post=17946"}],"curies":[{"name":"wp","href":"https:\/\/api.w.org\/{rel}","templated":true}]}}