{"id":17948,"date":"2025-07-16T10:33:57","date_gmt":"2025-07-16T08:33:57","guid":{"rendered":"https:\/\/uj.adatbank.ro\/lexikon\/termek\/peter-andras-szentistvani\/"},"modified":"2025-07-16T10:33:57","modified_gmt":"2025-07-16T08:33:57","slug":"peter-andras-szentistvani","status":"publish","type":"product","link":"https:\/\/uj.adatbank.ro\/lexikon\/termek\/peter-andras-szentistvani\/","title":{"rendered":"P\u00c9TER Andr\u00e1s, szentistv\u00e1ni"},"content":{"rendered":"<p>Szentistv\u00e1n, 1815., \u2020\u00a0? 1902.: f\u00f6ldm\u0171ves, n\u00e9pk\u00f6lt\u0151. \u2013 Sz\u00e9kely f\u00f6ldm\u0171vel\u0151, borvizet \u00e9s deszk\u00e1t fuvaroz\u00f3 h\u00edres sz\u00e9kely, n\u00e9pi po\u00e9ta volt. Megind\u00edtotta Sz\u00e9kely Napt\u00e1r c. n\u00e9pszer\u0171 kalend\u00e1riumsorozat\u00e1t (1892), amelyet k\u00e9s\u0151bb Kr\u00f3n Ern\u0151 vette \u00e1t (1912).Versei jelentek meg a mv.-i Kron Ern\u0151 kiad\u00e1s\u00e1ban. \u2013 <strong>F. m.:<\/strong> Versei \u00e9s saj\u00e1t \u00e9lete t\u00f6rt\u00e9nete, melyeket fels. urunk \u00e9s kir\u00e1lyunk I. Ferencz J\u00f3zsefnek megkoron\u00e1ztat\u00e1sa napj\u00e1nak eml\u00e9k\u00e9re nyomatott a sz\u00e9kely n\u00e9p sz\u00e1m\u00e1ra 1867. j\u00fan. 8. (Mv., 1867). (\u00c9let\u00e9nek balsors\u00e1t \u00edrja le versben.); Utaz\u00e1s a f\u00f6ld k\u00f6r\u00fcl, a pokolban \u00e9s menyorsz\u00e1gban \u00e9s egy kisebb k\u00f6ltem\u00e9ny. (Mv., 1882); <strong>K\u00e9ziratban:<\/strong> Szombatos \u00e9nekesk\u00f6nyve, 8 r\u00e9t 91 lev\u00e9l (a M. N. M\u00fazeumban). <br \/><strong>Irod.:<\/strong> \u00d6kr\u00f6s; Rugonfalvi Kiss; Sepsisz\u00e9ki; Szinnyei<\/br><\/p>\n","protected":false},"excerpt":{"rendered":"<p>Szentistv\u00e1n, 1815., \u2020\u00a0? 1902.: f\u00f6ldm\u0171ves, n\u00e9pk\u00f6lt\u0151. \u2013 Sz\u00e9kely f\u00f6ldm\u0171vel\u0151, borvizet \u00e9s deszk\u00e1t fuvaroz\u00f3 h\u00edres sz\u00e9kely, n\u00e9pi po\u00e9ta volt. Megind\u00edtotta Sz\u00e9kely Napt\u00e1r c. n\u00e9pszer\u0171 kalend\u00e1riumsorozat\u00e1t (1892), amelyet k\u00e9s\u0151bb Kr\u00f3n Ern\u0151 vette \u00e1t (1912).Versei jelentek meg a mv.-i Kron Ern\u0151 kiad\u00e1s\u00e1ban. \u2013 F. m.: Versei \u00e9s saj\u00e1t \u00e9lete t\u00f6rt\u00e9nete, melyeket fels. urunk \u00e9s kir\u00e1lyunk I. Ferencz J\u00f3zsefnek [&hellip;]<\/p>\n","protected":false},"featured_media":0,"comment_status":"open","ping_status":"closed","template":"","meta":[],"product_brand":[],"product_cat":[137],"product_tag":[],"class_list":{"0":"post-17948","1":"product","2":"type-product","3":"status-publish","5":"product_cat-maros-megyei-eletrajzi-lexikon","7":"first","8":"instock","9":"shipping-taxable","10":"product-type-simple"},"_links":{"self":[{"href":"https:\/\/uj.adatbank.ro\/lexikon\/wp-json\/wp\/v2\/product\/17948","targetHints":{"allow":["GET"]}}],"collection":[{"href":"https:\/\/uj.adatbank.ro\/lexikon\/wp-json\/wp\/v2\/product"}],"about":[{"href":"https:\/\/uj.adatbank.ro\/lexikon\/wp-json\/wp\/v2\/types\/product"}],"replies":[{"embeddable":true,"href":"https:\/\/uj.adatbank.ro\/lexikon\/wp-json\/wp\/v2\/comments?post=17948"}],"wp:attachment":[{"href":"https:\/\/uj.adatbank.ro\/lexikon\/wp-json\/wp\/v2\/media?parent=17948"}],"wp:term":[{"taxonomy":"product_brand","embeddable":true,"href":"https:\/\/uj.adatbank.ro\/lexikon\/wp-json\/wp\/v2\/product_brand?post=17948"},{"taxonomy":"product_cat","embeddable":true,"href":"https:\/\/uj.adatbank.ro\/lexikon\/wp-json\/wp\/v2\/product_cat?post=17948"},{"taxonomy":"product_tag","embeddable":true,"href":"https:\/\/uj.adatbank.ro\/lexikon\/wp-json\/wp\/v2\/product_tag?post=17948"}],"curies":[{"name":"wp","href":"https:\/\/api.w.org\/{rel}","templated":true}]}}