{"id":17949,"date":"2025-07-16T10:34:00","date_gmt":"2025-07-16T08:34:00","guid":{"rendered":"https:\/\/uj.adatbank.ro\/lexikon\/termek\/peter-antal\/"},"modified":"2025-07-16T10:34:00","modified_gmt":"2025-07-16T08:34:00","slug":"peter-antal","status":"publish","type":"product","link":"https:\/\/uj.adatbank.ro\/lexikon\/termek\/peter-antal\/","title":{"rendered":"P\u00c9TER Antal"},"content":{"rendered":"<p>Cs\u00f3ka, 1871., \u2020 Mv., 1923. jan. 8.: igazgat\u00f3-tan\u00edt\u00f3. \u2013 Feles\u00e9ge: Don\u00e1th Lenke. Gyermekeik: P. B\u00e9la, P. Lenke.Testv\u00e9rei: P. Domokos, Ilona, Viktor, Istv\u00e1n, Julcsa, dezs\u0151, R\u00f3zsika, K\u00e1roly, Giza. Sz\u00e9kely nemesi csal\u00e1db\u00f3l sz\u00e1rmazott, Nagyenyeden szerezte tan\u00edt\u00f3i oklevel\u00e9t, G\u00f6rg\u00e9nyszentimr\u00e9n (1898\u20131906), majd Mv.-en tan\u00edtott a Ref. Koll.-ban (1910\u201323). Ismert pedag\u00f3gus volt, sz\u00e1mos elismer\u00e9sben \u00e9s kit\u00fcntet\u00e9sben volt r\u00e9sze. <br \/><strong>Irod.:<\/strong> Gurghiul; Gy\u00e1szjelent\u0151; Mv. t\u00f6rt. 2.; Sz\u00e9kelyf\u00f6ld \u00ed.k.<\/br><\/p>\n","protected":false},"excerpt":{"rendered":"<p>Cs\u00f3ka, 1871., \u2020 Mv., 1923. jan. 8.: igazgat\u00f3-tan\u00edt\u00f3. \u2013 Feles\u00e9ge: Don\u00e1th Lenke. Gyermekeik: P. B\u00e9la, P. Lenke.Testv\u00e9rei: P. Domokos, Ilona, Viktor, Istv\u00e1n, Julcsa, dezs\u0151, R\u00f3zsika, K\u00e1roly, Giza. Sz\u00e9kely nemesi csal\u00e1db\u00f3l sz\u00e1rmazott, Nagyenyeden szerezte tan\u00edt\u00f3i oklevel\u00e9t, G\u00f6rg\u00e9nyszentimr\u00e9n (1898\u20131906), majd Mv.-en tan\u00edtott a Ref. Koll.-ban (1910\u201323). Ismert pedag\u00f3gus volt, sz\u00e1mos elismer\u00e9sben \u00e9s kit\u00fcntet\u00e9sben volt r\u00e9sze. Irod.: Gurghiul; [&hellip;]<\/p>\n","protected":false},"featured_media":0,"comment_status":"open","ping_status":"closed","template":"","meta":[],"product_brand":[],"product_cat":[137],"product_tag":[],"class_list":{"0":"post-17949","1":"product","2":"type-product","3":"status-publish","5":"product_cat-maros-megyei-eletrajzi-lexikon","7":"first","8":"instock","9":"shipping-taxable","10":"product-type-simple"},"_links":{"self":[{"href":"https:\/\/uj.adatbank.ro\/lexikon\/wp-json\/wp\/v2\/product\/17949","targetHints":{"allow":["GET"]}}],"collection":[{"href":"https:\/\/uj.adatbank.ro\/lexikon\/wp-json\/wp\/v2\/product"}],"about":[{"href":"https:\/\/uj.adatbank.ro\/lexikon\/wp-json\/wp\/v2\/types\/product"}],"replies":[{"embeddable":true,"href":"https:\/\/uj.adatbank.ro\/lexikon\/wp-json\/wp\/v2\/comments?post=17949"}],"wp:attachment":[{"href":"https:\/\/uj.adatbank.ro\/lexikon\/wp-json\/wp\/v2\/media?parent=17949"}],"wp:term":[{"taxonomy":"product_brand","embeddable":true,"href":"https:\/\/uj.adatbank.ro\/lexikon\/wp-json\/wp\/v2\/product_brand?post=17949"},{"taxonomy":"product_cat","embeddable":true,"href":"https:\/\/uj.adatbank.ro\/lexikon\/wp-json\/wp\/v2\/product_cat?post=17949"},{"taxonomy":"product_tag","embeddable":true,"href":"https:\/\/uj.adatbank.ro\/lexikon\/wp-json\/wp\/v2\/product_tag?post=17949"}],"curies":[{"name":"wp","href":"https:\/\/api.w.org\/{rel}","templated":true}]}}