{"id":17951,"date":"2025-07-16T10:34:04","date_gmt":"2025-07-16T08:34:04","guid":{"rendered":"https:\/\/uj.adatbank.ro\/lexikon\/termek\/peter-custos-peter\/"},"modified":"2025-07-16T10:34:04","modified_gmt":"2025-07-16T08:34:04","slug":"peter-custos-peter","status":"publish","type":"product","link":"https:\/\/uj.adatbank.ro\/lexikon\/termek\/peter-custos-peter\/","title":{"rendered":"P\u00c9TER, Custos P\u00e9ter"},"content":{"rendered":"<p>? \u2020\u00a0?: r. k. pap. \u2013 Val\u00f3sz\u00edn\u0171 Gobelinus erd\u00e9lyi p\u00fcsp\u00f6k k\u00e1pl\u00e1nja volt (1385). Segesv\u00e1r pl\u00e9b\u00e1niatemplom\u00e1nak pl\u00e9b\u00e1nosa (1393). <br \/><strong>Irod.:<\/strong> Ferenczi S\u00e1ndor 2009; L\u00e9sty\u00e1n \u2013 templomok 2.<\/br><\/p>\n","protected":false},"excerpt":{"rendered":"<p>? \u2020\u00a0?: r. k. pap. \u2013 Val\u00f3sz\u00edn\u0171 Gobelinus erd\u00e9lyi p\u00fcsp\u00f6k k\u00e1pl\u00e1nja volt (1385). Segesv\u00e1r pl\u00e9b\u00e1niatemplom\u00e1nak pl\u00e9b\u00e1nosa (1393). Irod.: Ferenczi S\u00e1ndor 2009; L\u00e9sty\u00e1n \u2013 templomok 2.<\/p>\n","protected":false},"featured_media":0,"comment_status":"open","ping_status":"closed","template":"","meta":[],"product_brand":[],"product_cat":[137],"product_tag":[],"class_list":{"0":"post-17951","1":"product","2":"type-product","3":"status-publish","5":"product_cat-maros-megyei-eletrajzi-lexikon","7":"first","8":"instock","9":"shipping-taxable","10":"product-type-simple"},"_links":{"self":[{"href":"https:\/\/uj.adatbank.ro\/lexikon\/wp-json\/wp\/v2\/product\/17951","targetHints":{"allow":["GET"]}}],"collection":[{"href":"https:\/\/uj.adatbank.ro\/lexikon\/wp-json\/wp\/v2\/product"}],"about":[{"href":"https:\/\/uj.adatbank.ro\/lexikon\/wp-json\/wp\/v2\/types\/product"}],"replies":[{"embeddable":true,"href":"https:\/\/uj.adatbank.ro\/lexikon\/wp-json\/wp\/v2\/comments?post=17951"}],"wp:attachment":[{"href":"https:\/\/uj.adatbank.ro\/lexikon\/wp-json\/wp\/v2\/media?parent=17951"}],"wp:term":[{"taxonomy":"product_brand","embeddable":true,"href":"https:\/\/uj.adatbank.ro\/lexikon\/wp-json\/wp\/v2\/product_brand?post=17951"},{"taxonomy":"product_cat","embeddable":true,"href":"https:\/\/uj.adatbank.ro\/lexikon\/wp-json\/wp\/v2\/product_cat?post=17951"},{"taxonomy":"product_tag","embeddable":true,"href":"https:\/\/uj.adatbank.ro\/lexikon\/wp-json\/wp\/v2\/product_tag?post=17951"}],"curies":[{"name":"wp","href":"https:\/\/api.w.org\/{rel}","templated":true}]}}