{"id":17952,"date":"2025-07-16T10:34:06","date_gmt":"2025-07-16T08:34:06","guid":{"rendered":"https:\/\/uj.adatbank.ro\/lexikon\/termek\/peter-domokos\/"},"modified":"2025-07-16T10:34:06","modified_gmt":"2025-07-16T08:34:06","slug":"peter-domokos","status":"publish","type":"product","link":"https:\/\/uj.adatbank.ro\/lexikon\/termek\/peter-domokos\/","title":{"rendered":"P\u00c9TER Domokos"},"content":{"rendered":"<p>Sz\u00e9kelycs\u00f3ka, 1865., \u2020\u00a0Lukailencfalva, 1941. okt. 18.: tan\u00edt\u00f3. \u2013 Feles\u00e9ge: Dem\u00e9ny Eszter. Gyermekeik: P. S\u00e1ndor, feles\u00e9ge Muzsnay Gizella; P. Domokos, feles\u00e9ge Simon Ilona; P Eszter Nemes Benedekn\u00e9; Lajos, feles\u00e9ge \u0150sz Ir\u00e9n; Margit, f\u00e9rje Kiss Ferenc. \u2013 Nagyenyeden szerzett tan\u00edt\u00f3i diplom\u00e1t, Lukafalv\u00e1n tan\u00edtott (1887\u2013), 43 \u00e9v eredm\u00e9nyes pedag\u00f3gusi munk\u00e1ss\u00e1g ut\u00e1n vonult nyugalomba. A gazdas\u00e1gi oktat\u00e1s \u00e9rdek\u00e9ben kifejtett munk\u00e1lkod\u00e1s\u00e1\u00e9rt 200 korona jutalomban r\u00e9szes\u00fclt. (Erd\u00e9lyi Protest\u00e1ns Lap, III. 1900.) <br \/><strong>Irod.:<\/strong> Benk\u0151 Samu; Gy\u00e1szjelent\u0151; Sz\u00e9kelyf\u00f6ld \u00ed.k.<\/br><\/p>\n","protected":false},"excerpt":{"rendered":"<p>Sz\u00e9kelycs\u00f3ka, 1865., \u2020\u00a0Lukailencfalva, 1941. okt. 18.: tan\u00edt\u00f3. \u2013 Feles\u00e9ge: Dem\u00e9ny Eszter. Gyermekeik: P. S\u00e1ndor, feles\u00e9ge Muzsnay Gizella; P. Domokos, feles\u00e9ge Simon Ilona; P Eszter Nemes Benedekn\u00e9; Lajos, feles\u00e9ge \u0150sz Ir\u00e9n; Margit, f\u00e9rje Kiss Ferenc. \u2013 Nagyenyeden szerzett tan\u00edt\u00f3i diplom\u00e1t, Lukafalv\u00e1n tan\u00edtott (1887\u2013), 43 \u00e9v eredm\u00e9nyes pedag\u00f3gusi munk\u00e1ss\u00e1g ut\u00e1n vonult nyugalomba. A gazdas\u00e1gi oktat\u00e1s \u00e9rdek\u00e9ben kifejtett [&hellip;]<\/p>\n","protected":false},"featured_media":0,"comment_status":"open","ping_status":"closed","template":"","meta":[],"product_brand":[],"product_cat":[137],"product_tag":[],"class_list":{"0":"post-17952","1":"product","2":"type-product","3":"status-publish","5":"product_cat-maros-megyei-eletrajzi-lexikon","7":"first","8":"instock","9":"shipping-taxable","10":"product-type-simple"},"_links":{"self":[{"href":"https:\/\/uj.adatbank.ro\/lexikon\/wp-json\/wp\/v2\/product\/17952","targetHints":{"allow":["GET"]}}],"collection":[{"href":"https:\/\/uj.adatbank.ro\/lexikon\/wp-json\/wp\/v2\/product"}],"about":[{"href":"https:\/\/uj.adatbank.ro\/lexikon\/wp-json\/wp\/v2\/types\/product"}],"replies":[{"embeddable":true,"href":"https:\/\/uj.adatbank.ro\/lexikon\/wp-json\/wp\/v2\/comments?post=17952"}],"wp:attachment":[{"href":"https:\/\/uj.adatbank.ro\/lexikon\/wp-json\/wp\/v2\/media?parent=17952"}],"wp:term":[{"taxonomy":"product_brand","embeddable":true,"href":"https:\/\/uj.adatbank.ro\/lexikon\/wp-json\/wp\/v2\/product_brand?post=17952"},{"taxonomy":"product_cat","embeddable":true,"href":"https:\/\/uj.adatbank.ro\/lexikon\/wp-json\/wp\/v2\/product_cat?post=17952"},{"taxonomy":"product_tag","embeddable":true,"href":"https:\/\/uj.adatbank.ro\/lexikon\/wp-json\/wp\/v2\/product_tag?post=17952"}],"curies":[{"name":"wp","href":"https:\/\/api.w.org\/{rel}","templated":true}]}}