{"id":17962,"date":"2025-07-16T10:34:24","date_gmt":"2025-07-16T08:34:24","guid":{"rendered":"https:\/\/uj.adatbank.ro\/lexikon\/termek\/peter-karoly\/"},"modified":"2025-07-16T10:34:24","modified_gmt":"2025-07-16T08:34:24","slug":"peter-karoly","status":"publish","type":"product","link":"https:\/\/uj.adatbank.ro\/lexikon\/termek\/peter-karoly\/","title":{"rendered":"P\u00c9TER K\u00e1roly"},"content":{"rendered":"<p>Rigm\u00e1ny, 1860. szept. 11. \u2020\u00a0?: tan\u00edt\u00f3. \u2013 Apja: Rigm\u00e1nyban volt k\u00e1ntor-tan\u00edt\u00f3.- Sz\u00fcl\u0151faluj\u00e1ba tanult (1870-ig), Mv.-en a ref. f\u0151tanod\u00e1n folytatta (1870\u201377), apja hal\u00e1la miatt min\u00e9l el\u0151bb akart v\u00e9gezni, ez\u00e9rt a tan\u00edt\u00f3k\u00e9z\u0151ben Nagyenyeden folytatta, ahol tan\u00edt\u00f3i oklevelet nyert (1880).Maj\u00e1n k\u00e1ntor-tan\u00edt\u00f3 (1881), Makfalv\u00e1n tan\u00edtott (1882\u20131929), megn\u0151s\u00fclt (1884). <br \/><strong>Irod.:<\/strong> Makfalvi okt. t\u00f6rt.; Vaday<\/br><\/p>\n","protected":false},"excerpt":{"rendered":"<p>Rigm\u00e1ny, 1860. szept. 11. \u2020\u00a0?: tan\u00edt\u00f3. \u2013 Apja: Rigm\u00e1nyban volt k\u00e1ntor-tan\u00edt\u00f3.- Sz\u00fcl\u0151faluj\u00e1ba tanult (1870-ig), Mv.-en a ref. f\u0151tanod\u00e1n folytatta (1870\u201377), apja hal\u00e1la miatt min\u00e9l el\u0151bb akart v\u00e9gezni, ez\u00e9rt a tan\u00edt\u00f3k\u00e9z\u0151ben Nagyenyeden folytatta, ahol tan\u00edt\u00f3i oklevelet nyert (1880).Maj\u00e1n k\u00e1ntor-tan\u00edt\u00f3 (1881), Makfalv\u00e1n tan\u00edtott (1882\u20131929), megn\u0151s\u00fclt (1884). Irod.: Makfalvi okt. t\u00f6rt.; Vaday<\/p>\n","protected":false},"featured_media":0,"comment_status":"open","ping_status":"closed","template":"","meta":[],"product_brand":[],"product_cat":[137],"product_tag":[],"class_list":{"0":"post-17962","1":"product","2":"type-product","3":"status-publish","5":"product_cat-maros-megyei-eletrajzi-lexikon","7":"first","8":"instock","9":"shipping-taxable","10":"product-type-simple"},"_links":{"self":[{"href":"https:\/\/uj.adatbank.ro\/lexikon\/wp-json\/wp\/v2\/product\/17962","targetHints":{"allow":["GET"]}}],"collection":[{"href":"https:\/\/uj.adatbank.ro\/lexikon\/wp-json\/wp\/v2\/product"}],"about":[{"href":"https:\/\/uj.adatbank.ro\/lexikon\/wp-json\/wp\/v2\/types\/product"}],"replies":[{"embeddable":true,"href":"https:\/\/uj.adatbank.ro\/lexikon\/wp-json\/wp\/v2\/comments?post=17962"}],"wp:attachment":[{"href":"https:\/\/uj.adatbank.ro\/lexikon\/wp-json\/wp\/v2\/media?parent=17962"}],"wp:term":[{"taxonomy":"product_brand","embeddable":true,"href":"https:\/\/uj.adatbank.ro\/lexikon\/wp-json\/wp\/v2\/product_brand?post=17962"},{"taxonomy":"product_cat","embeddable":true,"href":"https:\/\/uj.adatbank.ro\/lexikon\/wp-json\/wp\/v2\/product_cat?post=17962"},{"taxonomy":"product_tag","embeddable":true,"href":"https:\/\/uj.adatbank.ro\/lexikon\/wp-json\/wp\/v2\/product_tag?post=17962"}],"curies":[{"name":"wp","href":"https:\/\/api.w.org\/{rel}","templated":true}]}}