{"id":17963,"date":"2025-07-16T10:34:26","date_gmt":"2025-07-16T08:34:26","guid":{"rendered":"https:\/\/uj.adatbank.ro\/lexikon\/termek\/peter-lajos-nagyadorjani\/"},"modified":"2025-07-16T10:34:26","modified_gmt":"2025-07-16T08:34:26","slug":"peter-lajos-nagyadorjani","status":"publish","type":"product","link":"https:\/\/uj.adatbank.ro\/lexikon\/termek\/peter-lajos-nagyadorjani\/","title":{"rendered":"P\u00c9TER Lajos, nagyadorj\u00e1ni"},"content":{"rendered":"<p>Lukafalva, 1900. \u2020 Radn\u00f3tf\u00e1ja, 1987. j\u00fan. 23. Galambodon temett\u00e9k: ref. lelk\u00e9sz. \u2013 Apja Domokos ref. ig. tan\u00edt\u00f3. \u2013 Tanulm\u00e1nyait Nagyenyeden \u00e9s Kv.-on v\u00e9gezte, papp\u00e1 szentelt\u00e9k (1928). Havadon pap (1927\u2013). A MP k\u00f6rzeti megbizottja volt. <br \/><strong>Irod.:<\/strong> Ref. egyetemes n\u00e9vt\u00e1r; Sz\u00e9kelyf\u00f6ld \u00ed.k.; [Nekrol\u00f3g](V. Z., 1987. j\u00fan. 25.)<\/br><\/p>\n","protected":false},"excerpt":{"rendered":"<p>Lukafalva, 1900. \u2020 Radn\u00f3tf\u00e1ja, 1987. j\u00fan. 23. Galambodon temett\u00e9k: ref. lelk\u00e9sz. \u2013 Apja Domokos ref. ig. tan\u00edt\u00f3. \u2013 Tanulm\u00e1nyait Nagyenyeden \u00e9s Kv.-on v\u00e9gezte, papp\u00e1 szentelt\u00e9k (1928). Havadon pap (1927\u2013). A MP k\u00f6rzeti megbizottja volt. Irod.: Ref. egyetemes n\u00e9vt\u00e1r; Sz\u00e9kelyf\u00f6ld \u00ed.k.; [Nekrol\u00f3g](V. Z., 1987. j\u00fan. 25.)<\/p>\n","protected":false},"featured_media":0,"comment_status":"open","ping_status":"closed","template":"","meta":[],"product_brand":[],"product_cat":[137],"product_tag":[],"class_list":{"0":"post-17963","1":"product","2":"type-product","3":"status-publish","5":"product_cat-maros-megyei-eletrajzi-lexikon","7":"first","8":"instock","9":"shipping-taxable","10":"product-type-simple"},"_links":{"self":[{"href":"https:\/\/uj.adatbank.ro\/lexikon\/wp-json\/wp\/v2\/product\/17963","targetHints":{"allow":["GET"]}}],"collection":[{"href":"https:\/\/uj.adatbank.ro\/lexikon\/wp-json\/wp\/v2\/product"}],"about":[{"href":"https:\/\/uj.adatbank.ro\/lexikon\/wp-json\/wp\/v2\/types\/product"}],"replies":[{"embeddable":true,"href":"https:\/\/uj.adatbank.ro\/lexikon\/wp-json\/wp\/v2\/comments?post=17963"}],"wp:attachment":[{"href":"https:\/\/uj.adatbank.ro\/lexikon\/wp-json\/wp\/v2\/media?parent=17963"}],"wp:term":[{"taxonomy":"product_brand","embeddable":true,"href":"https:\/\/uj.adatbank.ro\/lexikon\/wp-json\/wp\/v2\/product_brand?post=17963"},{"taxonomy":"product_cat","embeddable":true,"href":"https:\/\/uj.adatbank.ro\/lexikon\/wp-json\/wp\/v2\/product_cat?post=17963"},{"taxonomy":"product_tag","embeddable":true,"href":"https:\/\/uj.adatbank.ro\/lexikon\/wp-json\/wp\/v2\/product_tag?post=17963"}],"curies":[{"name":"wp","href":"https:\/\/api.w.org\/{rel}","templated":true}]}}