{"id":17965,"date":"2025-07-16T10:34:30","date_gmt":"2025-07-16T08:34:30","guid":{"rendered":"https:\/\/uj.adatbank.ro\/lexikon\/termek\/peter-liviu\/"},"modified":"2025-07-16T10:34:30","modified_gmt":"2025-07-16T08:34:30","slug":"peter-liviu","status":"publish","type":"product","link":"https:\/\/uj.adatbank.ro\/lexikon\/termek\/peter-liviu\/","title":{"rendered":"PETER, Liviu"},"content":{"rendered":"<p>? \u2020\u00a0?:\u00a0tan\u00e1r. \u2013 Matematika, fizika-k\u00e9mia tan\u00e1r a mv.-i Fels\u0151bb Kereskedelmi Iskol\u00e1ban tan\u00edtott (1927\u201328), az Al.Papiu Ilarian L\u00edc.-ban. <br \/><strong>Irod.:<\/strong> \u00cenv. comercial econ.; M\u0103rtina\u015f Statutul Societ\u0103\u0163ii V\u00e2n\u0103torilor Diana Tg. Mure\u0163 (Tg. M., 1928)<\/br><\/p>\n","protected":false},"excerpt":{"rendered":"<p>? \u2020\u00a0?:\u00a0tan\u00e1r. \u2013 Matematika, fizika-k\u00e9mia tan\u00e1r a mv.-i Fels\u0151bb Kereskedelmi Iskol\u00e1ban tan\u00edtott (1927\u201328), az Al.Papiu Ilarian L\u00edc.-ban. Irod.: \u00cenv. comercial econ.; M\u0103rtina\u015f Statutul Societ\u0103\u0163ii V\u00e2n\u0103torilor Diana Tg. Mure\u0163 (Tg. M., 1928)<\/p>\n","protected":false},"featured_media":0,"comment_status":"open","ping_status":"closed","template":"","meta":[],"product_brand":[],"product_cat":[137],"product_tag":[],"class_list":{"0":"post-17965","1":"product","2":"type-product","3":"status-publish","5":"product_cat-maros-megyei-eletrajzi-lexikon","7":"first","8":"instock","9":"shipping-taxable","10":"product-type-simple"},"_links":{"self":[{"href":"https:\/\/uj.adatbank.ro\/lexikon\/wp-json\/wp\/v2\/product\/17965","targetHints":{"allow":["GET"]}}],"collection":[{"href":"https:\/\/uj.adatbank.ro\/lexikon\/wp-json\/wp\/v2\/product"}],"about":[{"href":"https:\/\/uj.adatbank.ro\/lexikon\/wp-json\/wp\/v2\/types\/product"}],"replies":[{"embeddable":true,"href":"https:\/\/uj.adatbank.ro\/lexikon\/wp-json\/wp\/v2\/comments?post=17965"}],"wp:attachment":[{"href":"https:\/\/uj.adatbank.ro\/lexikon\/wp-json\/wp\/v2\/media?parent=17965"}],"wp:term":[{"taxonomy":"product_brand","embeddable":true,"href":"https:\/\/uj.adatbank.ro\/lexikon\/wp-json\/wp\/v2\/product_brand?post=17965"},{"taxonomy":"product_cat","embeddable":true,"href":"https:\/\/uj.adatbank.ro\/lexikon\/wp-json\/wp\/v2\/product_cat?post=17965"},{"taxonomy":"product_tag","embeddable":true,"href":"https:\/\/uj.adatbank.ro\/lexikon\/wp-json\/wp\/v2\/product_tag?post=17965"}],"curies":[{"name":"wp","href":"https:\/\/api.w.org\/{rel}","templated":true}]}}