{"id":17966,"date":"2025-07-16T10:34:32","date_gmt":"2025-07-16T08:34:32","guid":{"rendered":"https:\/\/uj.adatbank.ro\/lexikon\/termek\/peter-mihaly-heinrich\/"},"modified":"2025-07-16T10:34:32","modified_gmt":"2025-07-16T08:34:32","slug":"peter-mihaly-heinrich","status":"publish","type":"product","link":"https:\/\/uj.adatbank.ro\/lexikon\/termek\/peter-mihaly-heinrich\/","title":{"rendered":"P\u00c9TER Mih\u00e1ly Heinrich"},"content":{"rendered":"<p>S\u00f3v\u00e1rad, 1929. m\u00e1j. 11., \u2020\u00a0?: egyetemi tan\u00e1r, dr., a MTA k\u00fcls\u0151 tagja. \u2013 A k\u00f6z\u00e9piskol\u00e1t Sz\u00e1szr\u00e9genben a n\u00e9met gimn\u00e1ziumban \u00e9s Mv.-en a R. K. Gimn\u00e1ziumban v\u00e9gezte (1948); a MOGYI \u00c1ltal\u00e1nos Orvosi Kar\u00e1n szerzett diplom\u00e1t (1948\u201354). K\u00f6rorvos B\u00f6g\u00f6z\u00f6n (1954\u201355), Mez\u0151cs\u00e1v\u00e1son (1955\u201356); a MOGYI Mikr\u00f3biol\u00f3giai Tansz\u00e9k\u00e9n dolgozott (1956\u2013), mint gyakornok, tan\u00e1rseg\u00e9d (1957\u2013), adjunktus (1966\u2013), el\u0151ad\u00f3tan\u00e1r (1972\u2013); prof. (1990\u2013); szakorvosi (1962), f\u0151orvosi (1965) vizsg\u00e1t tett; doktor\u00e1lt (1971); \u00f6szt\u00f6nd\u00edjask\u00e9nt a heidelbergi egyetem Mikr\u00f3biol\u00f3giai Tansz\u00e9k\u00e9n dolgozott (1973), Tanulm\u00e1nyuton volt Kielben , Bergenben Norv\u00e9gi\u00e1ban (1993) Els\u0151 szaktanulm\u00e1ny\u00e1t (1958-ban) az Orvosi Szeml\u00e9ben k\u00f6z\u00f6lte. T\u00f6bb mint m\u00e1sf\u00e9lsz\u00e1z szaktanulm\u00e1nyt fel\u00f6lel\u0151 tudom\u00e1nyos tev\u00e9kenys\u00e9ge az orvosi mikrobiol\u00f3gia t\u00f6bb ter\u00fclet\u00e9re terjed ki. \u00d6n\u00e1ll\u00f3 m\u00f3dszert dolgozott ki a h\u00fagycs\u0151-foly\u00e1sok laborat\u00f3riumi k\u00f3rjelz\u00e9s\u00e9re; kimutatta, hogy egyes sarjadz\u00f3 gomb\u00e1k \u00e9s b\u00e9lbakt\u00e9riumok k\u00f6lcs\u00f6n\u00f6sen er\u0151s\u00edtik k\u00f3rokoz\u00f3 k\u00e9pess\u00e9g\u00fcket; eredeti elj\u00e1r\u00e1st javasolt a sz\u00e1j mikrofl\u00f3r\u00e1j\u00e1nak bioc\u00f6n\u00f3zis-t\u00edpusokba val\u00f3 oszt\u00e1lyoz\u00e1s\u00e1ra; t\u00f6bb dolgozata a fel\u00fcleti vizek mikrob\u00e1s szennyez\u0151d\u00e9s\u00e9vel foglalkozik. K\u00f6zlem\u00e9nyei hazai (Orvosi Szemle-Revista Medical\u0103, Microbiologie, Dermato-Venerologia, Stomatologia, Igiena, Orvostudom\u00e1nyi \u00c9rtes\u00edt\u0151) \u00e9s k\u00fclf\u00f6ldi (Nature, Zeitschrift f\u00fcr Innere Medizin, Zentralblatt f\u00fcr Bakteriologie, Zentralblatt f\u00fcr Mikrobiologie, Dermatologische Monatschrift, Acta Stomatologica Internationalia, Orvosi Hetilap, Lege Artis Medicinae) szak\u00e9alpkban jelentek meg. R\u00e9szt vett t\u00f6bb mint 32 tudom\u00e1nyos tan\u00e1cskoz\u00e1son, t\u00f6bb mint 163 k\u00f6zlem\u00e9nye jelent meg magyar, n\u00e9met, angol, francia, orosz lapokban. Ismeretterjeszt\u0151 \u00edr\u00e1sait az El\u0151re, Korunk, A H\u00e9t, A H\u00e9t \u00c9vk\u00f6nyve, Hargita Kalens\u00e1rium k\u00f6z\u00f6lte. Kit\u0171ntet\u00e9sei\u00a0: Munka \u00c9rdemrend (1974), Kiv\u00e1l\u00f3 Egyetemi tan\u00e1r (1983), A MTA k\u00fcls\u0151tagja (1998); Genersich \u00c9rem (1998), P\u00e1pai P\u00e1riz Ferenc \u00c9rem (2002), Prof. de onoare (2004). Tagja a Rom\u00e1n Mikrobiol\u00f3giai T\u00e1rsas\u00e1gnak, a Magyar Mikr\u00f3biol\u00f3giai T\u00e1rsas\u00e1gnak, A Rom\u00e1niai Tud\u00f3sok T\u00e1rsas\u00e1g\u00e1nak; az EME Orvostudom\u00e1nyi Szakoszt\u00e1ly\u00e1nak, aleln\u00f6ke a Bolyai T\u00e1rsas\u00e1gnak. \u2013 <strong>F. m.:<\/strong> Orvosi mikrobiol\u00f3gia: Fogorvostan-hallgat\u00f3k r\u00e9sz\u00e9re (Mv., 1979, 1988, 1996); Microbiologie medical\u0103 : pentru studen\u0163ii Fac. de Stomatologie. 3. k\u00f6t. (TgM, 1978\u20131991); <strong>t\u00e1rssz.:<\/strong> Bakteriol\u00f3giai gyakorlatok (Mv. , 1958); Microbiologie medical\u0103. Vol. 2.: Micro-biologie special\u0103. (1976); Orvosi mikrobiol\u00f3gia 1\u20132 k\u00f6t. (Mv., 1976\u20131977); Lucr\u0103ri practice de microbiologie (Piros M. Sanda-, Domokos L.-sal; TgM, 1977, 1978); Bacteriologie medical\u0103. Vol. 1\u20132 (Buc., 1984\u20131985); K\u00f3rokoz\u00f3 mikroorganizmusok (L\u00e1szl\u00f3 J\u00e1nossal; Cluj-N., 1988); Microbiologie medical\u0103. \u2013 Ed. a 2-a. (TgM, 1990\u20131993); Orvosi mikrobiol\u00f3gia. \u2013 2., \u00e1tdolgozott kiad. (Mv., 1988\u20131990); \u00cendreptar de lucr\u0103ri practice de microbiologie : pentru studen\u0163ii Fac. de Medicin\u0103. (1994); Genersich Antal eml\u00e9kk\u00f6nyv sz\u00fclet\u00e9s\u00e9nek 150 \u00e9vfordul\u00f3ja alkalm\u00e1b\u00f3l : Adatok a rom\u00e1niai magyar orvosok \u00e9s gy\u00f3gyszer\u00e9szek munk\u00e1ss\u00e1g\u00e1r\u00f3l. (Mv., 1994); A Marosv\u00e1s\u00e1rhelyi magyar nyelv\u0171 orvos- \u00e9s gy\u00f3gyszer\u00e9szk\u00e9pz\u00e9s 50 \u00e9ve.( Budapest, [1995]); Marosv\u00e1s\u00e1rhelyi egyetemi t\u00e1j\u00e9koztat\u00f3. (Mv., 1996); Marosv\u00e1s\u00e1rhely t\u00f6rt\u00e9net\u00e9b\u0151l. ( Mv., 1999); Sz\u00e9kfoglal\u00f3k a Magyar Tudom\u00e1nyos Akad\u00e9mi\u00e1n 1995\u20131998 (Budapest, 2000); Maros megyei magyars\u00e1g t\u00f6rt\u00e9net\u00e9b\u0151l. (2001); Tizenk\u00e9t \u00e9v. (Kolozsv\u00e1r, 2002); Kib\u00e9di M\u00e1tyus Istv\u00e1n hal\u00e1l\u00e1nak 200. \u00e9vfodul\u00f3j\u00e1ra. (Sz\u00e9kelyudvarhely, 2002); Az EME Orvostudom\u00e1nyi Szakoszt\u00e1ly\u00e1nak sz\u00e1z\u00e9ves tev\u00e9kenys\u00e9ge 1906\u20132006. <br \/><strong>Irod.:<\/strong> Genersich; Ki kicsoda 2000; Mv.-i R.K.okt;. RMIL; RMKK; Todea\u2013F\u00fcl\u00f6p\u2013Avram<\/br><\/p>\n","protected":false},"excerpt":{"rendered":"<p>S\u00f3v\u00e1rad, 1929. m\u00e1j. 11., \u2020\u00a0?: egyetemi tan\u00e1r, dr., a MTA k\u00fcls\u0151 tagja. \u2013 A k\u00f6z\u00e9piskol\u00e1t Sz\u00e1szr\u00e9genben a n\u00e9met gimn\u00e1ziumban \u00e9s Mv.-en a R. K. Gimn\u00e1ziumban v\u00e9gezte (1948); a MOGYI \u00c1ltal\u00e1nos Orvosi Kar\u00e1n szerzett diplom\u00e1t (1948\u201354). K\u00f6rorvos B\u00f6g\u00f6z\u00f6n (1954\u201355), Mez\u0151cs\u00e1v\u00e1son (1955\u201356); a MOGYI Mikr\u00f3biol\u00f3giai Tansz\u00e9k\u00e9n dolgozott (1956\u2013), mint gyakornok, tan\u00e1rseg\u00e9d (1957\u2013), adjunktus (1966\u2013), el\u0151ad\u00f3tan\u00e1r (1972\u2013); prof. [&hellip;]<\/p>\n","protected":false},"featured_media":0,"comment_status":"open","ping_status":"closed","template":"","meta":[],"product_brand":[],"product_cat":[137],"product_tag":[],"class_list":{"0":"post-17966","1":"product","2":"type-product","3":"status-publish","5":"product_cat-maros-megyei-eletrajzi-lexikon","7":"first","8":"instock","9":"shipping-taxable","10":"product-type-simple"},"_links":{"self":[{"href":"https:\/\/uj.adatbank.ro\/lexikon\/wp-json\/wp\/v2\/product\/17966","targetHints":{"allow":["GET"]}}],"collection":[{"href":"https:\/\/uj.adatbank.ro\/lexikon\/wp-json\/wp\/v2\/product"}],"about":[{"href":"https:\/\/uj.adatbank.ro\/lexikon\/wp-json\/wp\/v2\/types\/product"}],"replies":[{"embeddable":true,"href":"https:\/\/uj.adatbank.ro\/lexikon\/wp-json\/wp\/v2\/comments?post=17966"}],"wp:attachment":[{"href":"https:\/\/uj.adatbank.ro\/lexikon\/wp-json\/wp\/v2\/media?parent=17966"}],"wp:term":[{"taxonomy":"product_brand","embeddable":true,"href":"https:\/\/uj.adatbank.ro\/lexikon\/wp-json\/wp\/v2\/product_brand?post=17966"},{"taxonomy":"product_cat","embeddable":true,"href":"https:\/\/uj.adatbank.ro\/lexikon\/wp-json\/wp\/v2\/product_cat?post=17966"},{"taxonomy":"product_tag","embeddable":true,"href":"https:\/\/uj.adatbank.ro\/lexikon\/wp-json\/wp\/v2\/product_tag?post=17966"}],"curies":[{"name":"wp","href":"https:\/\/api.w.org\/{rel}","templated":true}]}}