{"id":17968,"date":"2025-07-16T10:34:37","date_gmt":"2025-07-16T08:34:37","guid":{"rendered":"https:\/\/uj.adatbank.ro\/lexikon\/termek\/peter-odon\/"},"modified":"2025-07-16T10:34:37","modified_gmt":"2025-07-16T08:34:37","slug":"peter-odon","status":"publish","type":"product","link":"https:\/\/uj.adatbank.ro\/lexikon\/termek\/peter-odon\/","title":{"rendered":"P\u00c9TER \u00d6d\u00f6n"},"content":{"rendered":"<p>1918, \u2020\u00a0Rava, 1973., j\u00fal. 27,.Erd\u0151szentgy\u00f6rgy\u00f6n nyugszik.: unit. esperes. \u2013 Rav\u00e1ban szolg\u00e1lt (1949\u201373). <br \/><strong>Irod.:<\/strong> Rava<\/br><\/p>\n","protected":false},"excerpt":{"rendered":"<p>1918, \u2020\u00a0Rava, 1973., j\u00fal. 27,.Erd\u0151szentgy\u00f6rgy\u00f6n nyugszik.: unit. esperes. \u2013 Rav\u00e1ban szolg\u00e1lt (1949\u201373). Irod.: Rava<\/p>\n","protected":false},"featured_media":0,"comment_status":"open","ping_status":"closed","template":"","meta":[],"product_brand":[],"product_cat":[137],"product_tag":[],"class_list":{"0":"post-17968","1":"product","2":"type-product","3":"status-publish","5":"product_cat-maros-megyei-eletrajzi-lexikon","7":"first","8":"instock","9":"shipping-taxable","10":"product-type-simple"},"_links":{"self":[{"href":"https:\/\/uj.adatbank.ro\/lexikon\/wp-json\/wp\/v2\/product\/17968","targetHints":{"allow":["GET"]}}],"collection":[{"href":"https:\/\/uj.adatbank.ro\/lexikon\/wp-json\/wp\/v2\/product"}],"about":[{"href":"https:\/\/uj.adatbank.ro\/lexikon\/wp-json\/wp\/v2\/types\/product"}],"replies":[{"embeddable":true,"href":"https:\/\/uj.adatbank.ro\/lexikon\/wp-json\/wp\/v2\/comments?post=17968"}],"wp:attachment":[{"href":"https:\/\/uj.adatbank.ro\/lexikon\/wp-json\/wp\/v2\/media?parent=17968"}],"wp:term":[{"taxonomy":"product_brand","embeddable":true,"href":"https:\/\/uj.adatbank.ro\/lexikon\/wp-json\/wp\/v2\/product_brand?post=17968"},{"taxonomy":"product_cat","embeddable":true,"href":"https:\/\/uj.adatbank.ro\/lexikon\/wp-json\/wp\/v2\/product_cat?post=17968"},{"taxonomy":"product_tag","embeddable":true,"href":"https:\/\/uj.adatbank.ro\/lexikon\/wp-json\/wp\/v2\/product_tag?post=17968"}],"curies":[{"name":"wp","href":"https:\/\/api.w.org\/{rel}","templated":true}]}}