{"id":17971,"date":"2025-07-16T10:34:42","date_gmt":"2025-07-16T08:34:42","guid":{"rendered":"https:\/\/uj.adatbank.ro\/lexikon\/termek\/peter-peter-dr\/"},"modified":"2025-07-16T10:34:42","modified_gmt":"2025-07-16T08:34:42","slug":"peter-peter-dr","status":"publish","type":"product","link":"https:\/\/uj.adatbank.ro\/lexikon\/termek\/peter-peter-dr\/","title":{"rendered":"P\u00c9TER P\u00e9ter, dr."},"content":{"rendered":"<p>Mv., ? \u2020\u00a0?: prefektus. \u2013 K\u00f6zigazgat\u00e1si vez\u00e9rfel\u00fcgyel\u0151. Azel\u0151tt Nagyv\u00e1rad \u00e9s MT megye prefektusa (1923. j\u00fal. 26.\u20131923. nov. 19.). <br \/><strong>Irod.:<\/strong> Figuri pol.; inf. L\u00e1szl\u00f3 M\u00e1rtont\u00f3l<\/br><\/p>\n","protected":false},"excerpt":{"rendered":"<p>Mv., ? \u2020\u00a0?: prefektus. \u2013 K\u00f6zigazgat\u00e1si vez\u00e9rfel\u00fcgyel\u0151. Azel\u0151tt Nagyv\u00e1rad \u00e9s MT megye prefektusa (1923. j\u00fal. 26.\u20131923. nov. 19.). Irod.: Figuri pol.; inf. L\u00e1szl\u00f3 M\u00e1rtont\u00f3l<\/p>\n","protected":false},"featured_media":0,"comment_status":"open","ping_status":"closed","template":"","meta":[],"product_brand":[],"product_cat":[137],"product_tag":[],"class_list":{"0":"post-17971","1":"product","2":"type-product","3":"status-publish","5":"product_cat-maros-megyei-eletrajzi-lexikon","7":"first","8":"instock","9":"shipping-taxable","10":"product-type-simple"},"_links":{"self":[{"href":"https:\/\/uj.adatbank.ro\/lexikon\/wp-json\/wp\/v2\/product\/17971","targetHints":{"allow":["GET"]}}],"collection":[{"href":"https:\/\/uj.adatbank.ro\/lexikon\/wp-json\/wp\/v2\/product"}],"about":[{"href":"https:\/\/uj.adatbank.ro\/lexikon\/wp-json\/wp\/v2\/types\/product"}],"replies":[{"embeddable":true,"href":"https:\/\/uj.adatbank.ro\/lexikon\/wp-json\/wp\/v2\/comments?post=17971"}],"wp:attachment":[{"href":"https:\/\/uj.adatbank.ro\/lexikon\/wp-json\/wp\/v2\/media?parent=17971"}],"wp:term":[{"taxonomy":"product_brand","embeddable":true,"href":"https:\/\/uj.adatbank.ro\/lexikon\/wp-json\/wp\/v2\/product_brand?post=17971"},{"taxonomy":"product_cat","embeddable":true,"href":"https:\/\/uj.adatbank.ro\/lexikon\/wp-json\/wp\/v2\/product_cat?post=17971"},{"taxonomy":"product_tag","embeddable":true,"href":"https:\/\/uj.adatbank.ro\/lexikon\/wp-json\/wp\/v2\/product_tag?post=17971"}],"curies":[{"name":"wp","href":"https:\/\/api.w.org\/{rel}","templated":true}]}}