{"id":17972,"date":"2025-07-16T10:34:45","date_gmt":"2025-07-16T08:34:45","guid":{"rendered":"https:\/\/uj.adatbank.ro\/lexikon\/termek\/peter-samuel\/"},"modified":"2025-07-16T10:34:45","modified_gmt":"2025-07-16T08:34:45","slug":"peter-samuel","status":"publish","type":"product","link":"https:\/\/uj.adatbank.ro\/lexikon\/termek\/peter-samuel\/","title":{"rendered":"P\u00c9TER S\u00e1muel"},"content":{"rendered":"<p>? \u2020\u00a0? :kir. f\u0151\u00fcgy\u00e9sz. \u2013 Kir f\u0151\u00fcgy\u00e9sz volt Mv.-en, a Patronage egyes\u00fclet akkor alakult helyi fi\u00f3kj\u00e1nak eln\u00f6ke (1941). <br \/><strong>Irod.:<\/strong> Id\u0151t\u00e1r 3<\/br><\/p>\n","protected":false},"excerpt":{"rendered":"<p>? \u2020\u00a0? :kir. f\u0151\u00fcgy\u00e9sz. \u2013 Kir f\u0151\u00fcgy\u00e9sz volt Mv.-en, a Patronage egyes\u00fclet akkor alakult helyi fi\u00f3kj\u00e1nak eln\u00f6ke (1941). Irod.: Id\u0151t\u00e1r 3<\/p>\n","protected":false},"featured_media":0,"comment_status":"open","ping_status":"closed","template":"","meta":[],"product_brand":[],"product_cat":[137],"product_tag":[],"class_list":{"0":"post-17972","1":"product","2":"type-product","3":"status-publish","5":"product_cat-maros-megyei-eletrajzi-lexikon","7":"first","8":"instock","9":"shipping-taxable","10":"product-type-simple"},"_links":{"self":[{"href":"https:\/\/uj.adatbank.ro\/lexikon\/wp-json\/wp\/v2\/product\/17972","targetHints":{"allow":["GET"]}}],"collection":[{"href":"https:\/\/uj.adatbank.ro\/lexikon\/wp-json\/wp\/v2\/product"}],"about":[{"href":"https:\/\/uj.adatbank.ro\/lexikon\/wp-json\/wp\/v2\/types\/product"}],"replies":[{"embeddable":true,"href":"https:\/\/uj.adatbank.ro\/lexikon\/wp-json\/wp\/v2\/comments?post=17972"}],"wp:attachment":[{"href":"https:\/\/uj.adatbank.ro\/lexikon\/wp-json\/wp\/v2\/media?parent=17972"}],"wp:term":[{"taxonomy":"product_brand","embeddable":true,"href":"https:\/\/uj.adatbank.ro\/lexikon\/wp-json\/wp\/v2\/product_brand?post=17972"},{"taxonomy":"product_cat","embeddable":true,"href":"https:\/\/uj.adatbank.ro\/lexikon\/wp-json\/wp\/v2\/product_cat?post=17972"},{"taxonomy":"product_tag","embeddable":true,"href":"https:\/\/uj.adatbank.ro\/lexikon\/wp-json\/wp\/v2\/product_tag?post=17972"}],"curies":[{"name":"wp","href":"https:\/\/api.w.org\/{rel}","templated":true}]}}