{"id":17973,"date":"2025-07-16T10:34:49","date_gmt":"2025-07-16T08:34:49","guid":{"rendered":"https:\/\/uj.adatbank.ro\/lexikon\/termek\/peter-sandor\/"},"modified":"2025-07-16T10:34:49","modified_gmt":"2025-07-16T08:34:49","slug":"peter-sandor","status":"publish","type":"product","link":"https:\/\/uj.adatbank.ro\/lexikon\/termek\/peter-sandor\/","title":{"rendered":"P\u00c9TER S\u00e1ndor"},"content":{"rendered":"<p>Magyarbece, 1894., \u2020\u00a01970.: ref. lelk\u00e9sz. \u2013 Tanulm\u00e1nyait Kv.-on v\u00e9gezte, oklevelet szerzett (1914). Seg\u00e9dlelk\u00e9sz Mv.-en (1917), majd Ibr\u00e1ny, Mez\u0151b\u00e1nd, Koronka, Marosj\u00e1ra. Megv\u00e1lasztott lelk\u00e9sz Maroskereszt\u00faron (1921\u20131932). Marosszentkir\u00e1lyra h\u00edvt\u00e1k lelk\u00e9sznek, az egyh\u00e1zmegye p\u00e9nzt\u00e1rosa \u00e9s sz\u00e1mvev\u0151je (1964-ig). A Gazdak\u00f6r aleln\u00f6ke, a Hangya vezet\u0151je, a MP int\u00e9z\u0151bizotts\u00e1g\u00e1nak tagja volt. Minden kultur\u00e1lis \u00e9s vall\u00e1sos int\u00e9zm\u00e9ny vezet\u00e9s\u00e9ben r\u00e9szt vett. <br \/><strong>Irod.:<\/strong> Cs\u00e1ky; Sz\u00e9kelyf\u00f6ld \u00ed.k.<\/br><\/p>\n","protected":false},"excerpt":{"rendered":"<p>Magyarbece, 1894., \u2020\u00a01970.: ref. lelk\u00e9sz. \u2013 Tanulm\u00e1nyait Kv.-on v\u00e9gezte, oklevelet szerzett (1914). Seg\u00e9dlelk\u00e9sz Mv.-en (1917), majd Ibr\u00e1ny, Mez\u0151b\u00e1nd, Koronka, Marosj\u00e1ra. Megv\u00e1lasztott lelk\u00e9sz Maroskereszt\u00faron (1921\u20131932). Marosszentkir\u00e1lyra h\u00edvt\u00e1k lelk\u00e9sznek, az egyh\u00e1zmegye p\u00e9nzt\u00e1rosa \u00e9s sz\u00e1mvev\u0151je (1964-ig). A Gazdak\u00f6r aleln\u00f6ke, a Hangya vezet\u0151je, a MP int\u00e9z\u0151bizotts\u00e1g\u00e1nak tagja volt. Minden kultur\u00e1lis \u00e9s vall\u00e1sos int\u00e9zm\u00e9ny vezet\u00e9s\u00e9ben r\u00e9szt vett. Irod.: Cs\u00e1ky; Sz\u00e9kelyf\u00f6ld [&hellip;]<\/p>\n","protected":false},"featured_media":0,"comment_status":"open","ping_status":"closed","template":"","meta":[],"product_brand":[],"product_cat":[137],"product_tag":[],"class_list":{"0":"post-17973","1":"product","2":"type-product","3":"status-publish","5":"product_cat-maros-megyei-eletrajzi-lexikon","7":"first","8":"instock","9":"shipping-taxable","10":"product-type-simple"},"_links":{"self":[{"href":"https:\/\/uj.adatbank.ro\/lexikon\/wp-json\/wp\/v2\/product\/17973","targetHints":{"allow":["GET"]}}],"collection":[{"href":"https:\/\/uj.adatbank.ro\/lexikon\/wp-json\/wp\/v2\/product"}],"about":[{"href":"https:\/\/uj.adatbank.ro\/lexikon\/wp-json\/wp\/v2\/types\/product"}],"replies":[{"embeddable":true,"href":"https:\/\/uj.adatbank.ro\/lexikon\/wp-json\/wp\/v2\/comments?post=17973"}],"wp:attachment":[{"href":"https:\/\/uj.adatbank.ro\/lexikon\/wp-json\/wp\/v2\/media?parent=17973"}],"wp:term":[{"taxonomy":"product_brand","embeddable":true,"href":"https:\/\/uj.adatbank.ro\/lexikon\/wp-json\/wp\/v2\/product_brand?post=17973"},{"taxonomy":"product_cat","embeddable":true,"href":"https:\/\/uj.adatbank.ro\/lexikon\/wp-json\/wp\/v2\/product_cat?post=17973"},{"taxonomy":"product_tag","embeddable":true,"href":"https:\/\/uj.adatbank.ro\/lexikon\/wp-json\/wp\/v2\/product_tag?post=17973"}],"curies":[{"name":"wp","href":"https:\/\/api.w.org\/{rel}","templated":true}]}}