{"id":17977,"date":"2025-07-16T10:34:59","date_gmt":"2025-07-16T08:34:59","guid":{"rendered":"https:\/\/uj.adatbank.ro\/lexikon\/termek\/peterfalvi-jozsef\/"},"modified":"2025-07-16T10:34:59","modified_gmt":"2025-07-16T08:34:59","slug":"peterfalvi-jozsef","status":"publish","type":"product","link":"https:\/\/uj.adatbank.ro\/lexikon\/termek\/peterfalvi-jozsef\/","title":{"rendered":"P\u00c9TERFALVI J\u00f3zsef"},"content":{"rendered":"<p>? \u2020 ?: tan\u00edt\u00f3. \u2013 Mv.-en subscrib\u00e1lt (1768). Vajdaszentiv\u00e1nyban (1772\u201383), Als\u00f3b\u00f6lk\u00e9nyben (1785\u201387), Beresztelk\u00e9n (1788\u201390), Disznaj\u00f3n (1790) \u00e9s Magyars\u00fcly\u00e9ben (1795\u201396) volt mester..<br \/><strong>Irod.:<\/strong> K\u00fck\u00fcll\u0151i Ref. Egyh\u00e1zm. 3.; \u0150sz<\/br><\/p>\n","protected":false},"excerpt":{"rendered":"<p>? \u2020 ?: tan\u00edt\u00f3. \u2013 Mv.-en subscrib\u00e1lt (1768). Vajdaszentiv\u00e1nyban (1772\u201383), Als\u00f3b\u00f6lk\u00e9nyben (1785\u201387), Beresztelk\u00e9n (1788\u201390), Disznaj\u00f3n (1790) \u00e9s Magyars\u00fcly\u00e9ben (1795\u201396) volt mester..Irod.: K\u00fck\u00fcll\u0151i Ref. Egyh\u00e1zm. 3.; \u0150sz<\/p>\n","protected":false},"featured_media":0,"comment_status":"open","ping_status":"closed","template":"","meta":[],"product_brand":[],"product_cat":[137],"product_tag":[],"class_list":{"0":"post-17977","1":"product","2":"type-product","3":"status-publish","5":"product_cat-maros-megyei-eletrajzi-lexikon","7":"first","8":"instock","9":"shipping-taxable","10":"product-type-simple"},"_links":{"self":[{"href":"https:\/\/uj.adatbank.ro\/lexikon\/wp-json\/wp\/v2\/product\/17977","targetHints":{"allow":["GET"]}}],"collection":[{"href":"https:\/\/uj.adatbank.ro\/lexikon\/wp-json\/wp\/v2\/product"}],"about":[{"href":"https:\/\/uj.adatbank.ro\/lexikon\/wp-json\/wp\/v2\/types\/product"}],"replies":[{"embeddable":true,"href":"https:\/\/uj.adatbank.ro\/lexikon\/wp-json\/wp\/v2\/comments?post=17977"}],"wp:attachment":[{"href":"https:\/\/uj.adatbank.ro\/lexikon\/wp-json\/wp\/v2\/media?parent=17977"}],"wp:term":[{"taxonomy":"product_brand","embeddable":true,"href":"https:\/\/uj.adatbank.ro\/lexikon\/wp-json\/wp\/v2\/product_brand?post=17977"},{"taxonomy":"product_cat","embeddable":true,"href":"https:\/\/uj.adatbank.ro\/lexikon\/wp-json\/wp\/v2\/product_cat?post=17977"},{"taxonomy":"product_tag","embeddable":true,"href":"https:\/\/uj.adatbank.ro\/lexikon\/wp-json\/wp\/v2\/product_tag?post=17977"}],"curies":[{"name":"wp","href":"https:\/\/api.w.org\/{rel}","templated":true}]}}