{"id":17983,"date":"2025-07-16T10:35:11","date_gmt":"2025-07-16T08:35:11","guid":{"rendered":"https:\/\/uj.adatbank.ro\/lexikon\/termek\/peterffy-arpad\/"},"modified":"2025-07-16T10:35:11","modified_gmt":"2025-07-16T08:35:11","slug":"peterffy-arpad","status":"publish","type":"product","link":"https:\/\/uj.adatbank.ro\/lexikon\/termek\/peterffy-arpad\/","title":{"rendered":"P\u00c9TERFFY \u00c1rp\u00e1d"},"content":{"rendered":"<p>Kv., 1938. febr. 17.\u2020\u00a0Mv., 2022. aug. 10.: orvos, egyetemi tan\u00e1r.-P.P\u00e1l \u00e9s Erzs\u00e9bet fia. Feles\u00e9ge:Berit (1972) \u2013 Gyermekeik: Erzs\u00e9bet (1972), Annam\u00e1ria (1974), M\u00e1rton (1977), Mih\u00e1ly (1979), Adrienne (1985). \u2013 A MOGYE, orvos kar\u00e1n v\u00e9gzett (1960).k\u00f6r- \u00e9s \u00fczemorvos Kapnikb\u00e1nya (1960\u201363), seb\u00e9sz \u00e9s mellkasseb\u00e9sz alorvos Nagyb\u00e1ny\u00e1n, Bors\u00e1n, Nagyv\u00e1radon, Buk.-ben, mellkasseb\u00e9sz Nagyb\u00e1ny\u00e1n (1968). k\u00f3rh\u00e1zi seb\u00e9szorvos Eskilstuna-ban (Sv\u00e9do., 1969\u201374). Mellkas- \u00e9s sz\u00edvseb\u00e9sz szakorvos a stocholmi Karolinska k\u00f3rh\u00e1zban (1974\u201381), docens (1982\u201387). Tansz\u00e9kvezet\u0151 egyetemi tan\u00e1r a (1983\u201396), sz\u00edv- \u00e9s mellkas-seb\u00e9sz egyetemi klinikai f\u0151orvos (Link\u00f6pingben, 1989\u2013). \u2013 <strong>F. m.:<\/strong> Surgical management of Tricuspid Valvular Diesease (doktori \u00e9rtekez\u00e9s Karolinska Int\u00e9zet, 1980); Docensi habilli Karolinska Int\u00e9zet Stockholm, 1982). Kiadott k\u00f6nyvei sz\u00e1ma 150. D\u00edjai: Alkot\u00f3i d\u00edj (1989), Hatvani d\u00edj (1994), Dr.Tank\u00f3 B\u00e9la Eml\u00e9k d\u00edj (1996), Magyarorsz\u00e1g felemelked\u00e9s\u00e9\u00e9rt (1998). A Magyar Seb\u00e9sz T\u00e1rsas\u00e1g, M. Kardiol\u00f3gusok T\u00e1rs., a Sv\u00e9d- \u00e9s Skandin\u00e1v Mellkas-seb\u00e9sz T\u00e1rsas\u00e1g, Sz\u00edv- \u00e9s Mellkas-seb\u00e9szeti T\u00e1rs. tagja, a M. Sz\u00edvseb\u00e9szeti T\u00e1rs. eln\u00f6ke. <br \/><strong>Irod.:<\/strong> EMKK 2010; Gondolataim az ezel\u0151tt 50 \u00e9vvel v\u00e9gzett \u00e9vfolyamunkr\u00f3l (1954\u20131960) = B\u00e1r\u00e1nyi L\u00e1szl\u00f3 Ildik\u00f3: Kieg\u00e9sz\u00edt\u00e9s a sokaknak vil\u00e1g\u00edtottunk c.k\u00f6nyvh\u00f6z (Timi\u0219oara: Editura Excelsior Art, 2010.); Nekrol\u00f3g (N\u00fa., 2022. aug. 12.)<\/br><\/p>\n","protected":false},"excerpt":{"rendered":"<p>Kv., 1938. febr. 17.\u2020\u00a0Mv., 2022. aug. 10.: orvos, egyetemi tan\u00e1r.-P.P\u00e1l \u00e9s Erzs\u00e9bet fia. Feles\u00e9ge:Berit (1972) \u2013 Gyermekeik: Erzs\u00e9bet (1972), Annam\u00e1ria (1974), M\u00e1rton (1977), Mih\u00e1ly (1979), Adrienne (1985). \u2013 A MOGYE, orvos kar\u00e1n v\u00e9gzett (1960).k\u00f6r- \u00e9s \u00fczemorvos Kapnikb\u00e1nya (1960\u201363), seb\u00e9sz \u00e9s mellkasseb\u00e9sz alorvos Nagyb\u00e1ny\u00e1n, Bors\u00e1n, Nagyv\u00e1radon, Buk.-ben, mellkasseb\u00e9sz Nagyb\u00e1ny\u00e1n (1968). k\u00f3rh\u00e1zi seb\u00e9szorvos Eskilstuna-ban (Sv\u00e9do., 1969\u201374). Mellkas- [&hellip;]<\/p>\n","protected":false},"featured_media":0,"comment_status":"open","ping_status":"closed","template":"","meta":[],"product_brand":[],"product_cat":[137],"product_tag":[],"class_list":{"0":"post-17983","1":"product","2":"type-product","3":"status-publish","5":"product_cat-maros-megyei-eletrajzi-lexikon","7":"first","8":"instock","9":"shipping-taxable","10":"product-type-simple"},"_links":{"self":[{"href":"https:\/\/uj.adatbank.ro\/lexikon\/wp-json\/wp\/v2\/product\/17983","targetHints":{"allow":["GET"]}}],"collection":[{"href":"https:\/\/uj.adatbank.ro\/lexikon\/wp-json\/wp\/v2\/product"}],"about":[{"href":"https:\/\/uj.adatbank.ro\/lexikon\/wp-json\/wp\/v2\/types\/product"}],"replies":[{"embeddable":true,"href":"https:\/\/uj.adatbank.ro\/lexikon\/wp-json\/wp\/v2\/comments?post=17983"}],"wp:attachment":[{"href":"https:\/\/uj.adatbank.ro\/lexikon\/wp-json\/wp\/v2\/media?parent=17983"}],"wp:term":[{"taxonomy":"product_brand","embeddable":true,"href":"https:\/\/uj.adatbank.ro\/lexikon\/wp-json\/wp\/v2\/product_brand?post=17983"},{"taxonomy":"product_cat","embeddable":true,"href":"https:\/\/uj.adatbank.ro\/lexikon\/wp-json\/wp\/v2\/product_cat?post=17983"},{"taxonomy":"product_tag","embeddable":true,"href":"https:\/\/uj.adatbank.ro\/lexikon\/wp-json\/wp\/v2\/product_tag?post=17983"}],"curies":[{"name":"wp","href":"https:\/\/api.w.org\/{rel}","templated":true}]}}