{"id":17985,"date":"2025-07-16T10:35:16","date_gmt":"2025-07-16T08:35:16","guid":{"rendered":"https:\/\/uj.adatbank.ro\/lexikon\/termek\/peterffy-denes-kibedi\/"},"modified":"2025-07-16T10:35:16","modified_gmt":"2025-07-16T08:35:16","slug":"peterffy-denes-kibedi","status":"publish","type":"product","link":"https:\/\/uj.adatbank.ro\/lexikon\/termek\/peterffy-denes-kibedi\/","title":{"rendered":"P\u00c9TERFFY D\u00e9nes, kib\u00e9di"},"content":{"rendered":"<p>1874. m\u00e1j. 5., \u2020 Mv., 1930.: m\u0171\u00e9p\u00edt\u00e9sz m\u00e9rn\u00f6k. \u2013 apja p. d\u00e9nes (1836\u20131903). oklevel\u00e9t bp.-en a j\u00f3zsef n\u00e1dor m\u0171egyetemen szerezte majd mv.-en tev\u00e9kenykedett 30 \u00e9ven \u00e1t. az \u00e1llam\u00e9p\u00edt\u00e9szeti hivataln\u00e1l dolgozott, \u00e9s r\u00e9szt vett bern\u00e1dy gy\u00f6rgy nagym\u00e9ret\u0171 \u00e9p\u00edtkez\u00e9seiben. szecessz\u00f3s st\u00edlus\u00fa \u00e9p\u00edtm\u00e9nyei maradtak fenn. tervez\u0151je \u00e9s t\u00e1rskivitelez\u0151je volt a mv.-i r\u00e1k\u00f3czi h\u00eddnak (1910\u201311), a Kn\u00f6pfler Vilmos utcai zsinag\u00f3g\u00e1nak. Vid\u00e9ki templomokat is tervezett szecesszi\u00f3s st\u00edlusban. Az \u00c9p\u00edt\u0151iparosok Sz\u00f6vets\u00e9ge eln\u00f6ke (1921\u2013) Patrovocs K\u00e1lm\u00e1nnal k\u00f6z\u00f6s v\u00e1llalkoz\u00e1suk volt (1921\u201327) P\u00e9terffy \u00e9s Patrovics \u00c9p\u00edtkez\u00e1si Rt, felsz\u00e1molt\u00e1k a felhalmozott tartoz\u00e1s miatt.<br \/><strong>Irod.:<\/strong> Filep; Id\u0151t\u00e1r 3; Keresztes 2000, Man: Tg.M. 2; P\u00e1lmay<\/br><\/p>\n","protected":false},"excerpt":{"rendered":"<p>1874. m\u00e1j. 5., \u2020 Mv., 1930.: m\u0171\u00e9p\u00edt\u00e9sz m\u00e9rn\u00f6k. \u2013 apja p. d\u00e9nes (1836\u20131903). oklevel\u00e9t bp.-en a j\u00f3zsef n\u00e1dor m\u0171egyetemen szerezte majd mv.-en tev\u00e9kenykedett 30 \u00e9ven \u00e1t. az \u00e1llam\u00e9p\u00edt\u00e9szeti hivataln\u00e1l dolgozott, \u00e9s r\u00e9szt vett bern\u00e1dy gy\u00f6rgy nagym\u00e9ret\u0171 \u00e9p\u00edtkez\u00e9seiben. szecessz\u00f3s st\u00edlus\u00fa \u00e9p\u00edtm\u00e9nyei maradtak fenn. tervez\u0151je \u00e9s t\u00e1rskivitelez\u0151je volt a mv.-i r\u00e1k\u00f3czi h\u00eddnak (1910\u201311), a Kn\u00f6pfler Vilmos utcai [&hellip;]<\/p>\n","protected":false},"featured_media":0,"comment_status":"open","ping_status":"closed","template":"","meta":[],"product_brand":[],"product_cat":[137],"product_tag":[],"class_list":{"0":"post-17985","1":"product","2":"type-product","3":"status-publish","5":"product_cat-maros-megyei-eletrajzi-lexikon","7":"first","8":"instock","9":"shipping-taxable","10":"product-type-simple"},"_links":{"self":[{"href":"https:\/\/uj.adatbank.ro\/lexikon\/wp-json\/wp\/v2\/product\/17985","targetHints":{"allow":["GET"]}}],"collection":[{"href":"https:\/\/uj.adatbank.ro\/lexikon\/wp-json\/wp\/v2\/product"}],"about":[{"href":"https:\/\/uj.adatbank.ro\/lexikon\/wp-json\/wp\/v2\/types\/product"}],"replies":[{"embeddable":true,"href":"https:\/\/uj.adatbank.ro\/lexikon\/wp-json\/wp\/v2\/comments?post=17985"}],"wp:attachment":[{"href":"https:\/\/uj.adatbank.ro\/lexikon\/wp-json\/wp\/v2\/media?parent=17985"}],"wp:term":[{"taxonomy":"product_brand","embeddable":true,"href":"https:\/\/uj.adatbank.ro\/lexikon\/wp-json\/wp\/v2\/product_brand?post=17985"},{"taxonomy":"product_cat","embeddable":true,"href":"https:\/\/uj.adatbank.ro\/lexikon\/wp-json\/wp\/v2\/product_cat?post=17985"},{"taxonomy":"product_tag","embeddable":true,"href":"https:\/\/uj.adatbank.ro\/lexikon\/wp-json\/wp\/v2\/product_tag?post=17985"}],"curies":[{"name":"wp","href":"https:\/\/api.w.org\/{rel}","templated":true}]}}