{"id":17986,"date":"2025-07-16T10:35:19","date_gmt":"2025-07-16T08:35:19","guid":{"rendered":"https:\/\/uj.adatbank.ro\/lexikon\/termek\/peterffy-gyula-%c2%a7\/"},"modified":"2025-07-16T10:35:19","modified_gmt":"2025-07-16T08:35:19","slug":"peterffy-gyula-%c2%a7","status":"publish","type":"product","link":"https:\/\/uj.adatbank.ro\/lexikon\/termek\/peterffy-gyula-%c2%a7\/","title":{"rendered":"P\u00c9TERFFY Gyula, \u00a7"},"content":{"rendered":"<p>Mv., 1935. j\u00fal. 9., \u2020 Bp., 1980. febr. 10.: sz\u00edn\u00e9sz. Mv.-i ref. temet\u0151ben nyugszik. \u2013 M\u00e9rn\u00f6kember fiak\u00e9nt \u00e9vekig egy \u00e9p\u00edtkez\u00e9si v\u00e1llalat m\u0171szaki tisztvisel\u0151je volt. A mv.-i Szentgy\u00f6rgyi Istv\u00e1n Sz\u00ednm\u0171v. Int.-ben szerzett oklevelet (1961). A kv.-i \u00c1ll. M. Sz\u00ednh\u00e1z tagja (1961\u2013). Dr\u00e1mai ereje, szuggesztivit\u00e1sa, elm\u00e9ly\u00fclt jellem\u00e1br\u00e1\u00adzol\u00f3 k\u00e9pess\u00e9ge h\u0151s- \u00e9s karakterszerepekben egyar\u00e1nt \u00e9rv\u00e9nyes\u00fclt. J\u00e1t\u00e9k\u00e1t fanyar humora, intellektualit\u00e1sa, szenved\u00e9lyess\u00e9ge is \u00e1rnyal\u00adta. A t\u00e1rsas\u00e1g 1980-as bp.-i vend\u00e9gj\u00e1t\u00e9k\u00e1n nagybetegen j\u00e1tszotta el szerep\u00e9t, \u00e9s k\u00e9t nap m\u00falva meghalt. \u2013 <strong>F. sz.:<\/strong> Theseus (Racine: Phaedra); Tybalt (Shakespeare: R\u00f3me\u00f3 \u00e9s J\u00falia); Wurm (Fr. Schiller: \u00c1rm\u00e1ny \u00e9s sze\u00adrelem); Thurz\u00f3 f\u0151hadnagy (B\u00edr\u00f3 Lajos: S\u00e1rga li\u00adliom); D\u2019Estivet (Shaw: Szent Johanna); Prom\u00e9theusz (V. Eftimiu: Prom\u00e9theusz); Lucifer (Ma\u00add\u00e1ch I.: Az ember trag\u00e9di\u00e1ja); George(Ion B\u0103ie\u015fu: Megbocs\u00e1jt\u00e1s); Polixenes (Shakespeare: T\u00e9li rege); Noszty P\u00e1l (Miksz\u00e1th: A Noszty fi\u00fa esete&#8230;); B\u00e1nffy gubern\u00e1tor (Szab\u00f3 Lajos: Ments\u00e9g); Ligurio (Machiavel\u00adli: Mandragora); M\u00fcller Ferenc (S\u00fct\u0151 A.: Egy l\u00f3csisz\u00e1r vir\u00e1gvas\u00e1rnapja); Sz\u00edn\u00e9sz (M. Gor\u00adkij: \u00c9jjeli mened\u00e9khely); Bore\u00e1sz (P\u00e1sk\u00e1ndi G\u00e9za: A kir\u00e1ly k\u00f6ve). <br \/><strong>Irod.:<\/strong> Csekme; Darvai Nagy Adrienn: 60 \u00e9ves lenne P. Gy. (Erd\u00e9lyi Figyel\u0151, 6. sz., 1995); Gy\u00e1rf\u00e1s 2013; Medgyessy \u00c9va: Mindhal\u00e1lig sz\u00edn\u00e9sz (P. Gy. 1935\u20131980) (Kv., 2010); A H\u00e9t \u00c9vk\u00f6nyve; Jancs\u00f3 Mik\u00f3s: P. Gy. (Helikon, 16. sz., 1992. j\u00fal. 31.); Katona Szab\u00f3 Istv\u00e1n: Az \u00daj \u00c9let lexikona, 121. (\u00daj \u00c9let, 14. sz., 1975); M\u00c9L; MSZL; Msz\u00ednL; Mv.-i ref. temet\u0151; Nagy P\u00e1l: P. Gy. [Nekrol\u00f3g] (\u00daj \u00c9let, 4.sz. 1980.); \u00daM\u00c9L<\/br><\/p>\n","protected":false},"excerpt":{"rendered":"<p>Mv., 1935. j\u00fal. 9., \u2020 Bp., 1980. febr. 10.: sz\u00edn\u00e9sz. Mv.-i ref. temet\u0151ben nyugszik. \u2013 M\u00e9rn\u00f6kember fiak\u00e9nt \u00e9vekig egy \u00e9p\u00edtkez\u00e9si v\u00e1llalat m\u0171szaki tisztvisel\u0151je volt. A mv.-i Szentgy\u00f6rgyi Istv\u00e1n Sz\u00ednm\u0171v. Int.-ben szerzett oklevelet (1961). A kv.-i \u00c1ll. M. Sz\u00ednh\u00e1z tagja (1961\u2013). Dr\u00e1mai ereje, szuggesztivit\u00e1sa, elm\u00e9ly\u00fclt jellem\u00e1br\u00e1\u00adzol\u00f3 k\u00e9pess\u00e9ge h\u0151s- \u00e9s karakterszerepekben egyar\u00e1nt \u00e9rv\u00e9nyes\u00fclt. J\u00e1t\u00e9k\u00e1t fanyar humora, intellektualit\u00e1sa, [&hellip;]<\/p>\n","protected":false},"featured_media":0,"comment_status":"open","ping_status":"closed","template":"","meta":[],"product_brand":[],"product_cat":[137],"product_tag":[],"class_list":{"0":"post-17986","1":"product","2":"type-product","3":"status-publish","5":"product_cat-maros-megyei-eletrajzi-lexikon","7":"first","8":"instock","9":"shipping-taxable","10":"product-type-simple"},"_links":{"self":[{"href":"https:\/\/uj.adatbank.ro\/lexikon\/wp-json\/wp\/v2\/product\/17986","targetHints":{"allow":["GET"]}}],"collection":[{"href":"https:\/\/uj.adatbank.ro\/lexikon\/wp-json\/wp\/v2\/product"}],"about":[{"href":"https:\/\/uj.adatbank.ro\/lexikon\/wp-json\/wp\/v2\/types\/product"}],"replies":[{"embeddable":true,"href":"https:\/\/uj.adatbank.ro\/lexikon\/wp-json\/wp\/v2\/comments?post=17986"}],"wp:attachment":[{"href":"https:\/\/uj.adatbank.ro\/lexikon\/wp-json\/wp\/v2\/media?parent=17986"}],"wp:term":[{"taxonomy":"product_brand","embeddable":true,"href":"https:\/\/uj.adatbank.ro\/lexikon\/wp-json\/wp\/v2\/product_brand?post=17986"},{"taxonomy":"product_cat","embeddable":true,"href":"https:\/\/uj.adatbank.ro\/lexikon\/wp-json\/wp\/v2\/product_cat?post=17986"},{"taxonomy":"product_tag","embeddable":true,"href":"https:\/\/uj.adatbank.ro\/lexikon\/wp-json\/wp\/v2\/product_tag?post=17986"}],"curies":[{"name":"wp","href":"https:\/\/api.w.org\/{rel}","templated":true}]}}