{"id":17987,"date":"2025-07-16T10:35:21","date_gmt":"2025-07-16T08:35:21","guid":{"rendered":"https:\/\/uj.adatbank.ro\/lexikon\/termek\/peterffy-istvan-%c2%a7-kibedi\/"},"modified":"2025-07-16T10:35:21","modified_gmt":"2025-07-16T08:35:21","slug":"peterffy-istvan-%c2%a7-kibedi","status":"publish","type":"product","link":"https:\/\/uj.adatbank.ro\/lexikon\/termek\/peterffy-istvan-%c2%a7-kibedi\/","title":{"rendered":"P\u00c9TERFFY Istv\u00e1n, \u00a7, kib\u00e9di"},"content":{"rendered":"<p>? \u2020\u00a0?: orvos. \u2013 Apja P. Ferenc marosv\u00e9csi ref. lelk\u00e9sz. \u2013 Mv.-en \u00e9s Kv.-on v\u00e9gezte tanulm\u00e1nyait. J\u00e1r\u00e1si tisztiorvos volt (1897\u20131910); Mv.-en gyakorl\u00f3 orvos OTI f\u0151orvos volt (1911\u2013), iskolaorvos a mv.-i Ref. Koll.-ban (1911\u201318), \u00f3raad\u00f3 tan\u00e1r (1920\u201343). Marosv\u00e9csen \u00e9lt. Az els\u0151 vh.-ban 4 \u00e9ven \u00e1t k\u00f3rh\u00e1zvezet\u0151 seb\u00e9sz orvos volt a mv.-i fels\u0151bb le\u00e1nyiskol\u00e1ban berendezett cs. \u00e9s kir. tartal\u00e9k-k\u00f3rh\u00e1zban. Minden t\u00e1rsadalmi \u00e9s kultur\u00e1lis int\u00e9zet tev\u00e9kenys\u00e9g\u00e9ben r\u00e9szt vett. A Magyar Sz\u00f6vets\u00e9g helyi tagozat\u00e1nak vezet\u0151s\u00e9gi tagja (1921), A MSE eln\u00f6ke (1924\u2013).A Bethlen Szabadk\u0151m\u0171ves p\u00e1holy nagymestere. H\u00e1za Mv.-en \u201eB\u201d kateg\u00f3ri\u00e1s m\u0171eml\u00e9k (P\u0163a. Trandafirilor \/ F\u0151t\u00e9r 51. sz.). <br \/><strong>Irod.:<\/strong> Id\u0151t\u00e1r 3; Keresztes Gyula: A f\u0151t\u00e9ri h\u00e1zakr\u00f3l (N\u00fa., 1991. \u00e1pr. 6.); Kl\u00f3sz\u2013Tolok\u00e1n; Molter 2., 3.; Mv. \u00e9s a h\u00e1bor\u00fa 1\u20132.; Mv. t\u00f6rt. 2; Sz\u00e9kelyf\u00f6ld \u00ed.k.; Valori mure\u015fene de patrimoniu<\/br><\/p>\n","protected":false},"excerpt":{"rendered":"<p>? \u2020\u00a0?: orvos. \u2013 Apja P. Ferenc marosv\u00e9csi ref. lelk\u00e9sz. \u2013 Mv.-en \u00e9s Kv.-on v\u00e9gezte tanulm\u00e1nyait. J\u00e1r\u00e1si tisztiorvos volt (1897\u20131910); Mv.-en gyakorl\u00f3 orvos OTI f\u0151orvos volt (1911\u2013), iskolaorvos a mv.-i Ref. Koll.-ban (1911\u201318), \u00f3raad\u00f3 tan\u00e1r (1920\u201343). Marosv\u00e9csen \u00e9lt. Az els\u0151 vh.-ban 4 \u00e9ven \u00e1t k\u00f3rh\u00e1zvezet\u0151 seb\u00e9sz orvos volt a mv.-i fels\u0151bb le\u00e1nyiskol\u00e1ban berendezett cs. \u00e9s [&hellip;]<\/p>\n","protected":false},"featured_media":0,"comment_status":"open","ping_status":"closed","template":"","meta":[],"product_brand":[],"product_cat":[137],"product_tag":[],"class_list":{"0":"post-17987","1":"product","2":"type-product","3":"status-publish","5":"product_cat-maros-megyei-eletrajzi-lexikon","7":"first","8":"instock","9":"shipping-taxable","10":"product-type-simple"},"_links":{"self":[{"href":"https:\/\/uj.adatbank.ro\/lexikon\/wp-json\/wp\/v2\/product\/17987","targetHints":{"allow":["GET"]}}],"collection":[{"href":"https:\/\/uj.adatbank.ro\/lexikon\/wp-json\/wp\/v2\/product"}],"about":[{"href":"https:\/\/uj.adatbank.ro\/lexikon\/wp-json\/wp\/v2\/types\/product"}],"replies":[{"embeddable":true,"href":"https:\/\/uj.adatbank.ro\/lexikon\/wp-json\/wp\/v2\/comments?post=17987"}],"wp:attachment":[{"href":"https:\/\/uj.adatbank.ro\/lexikon\/wp-json\/wp\/v2\/media?parent=17987"}],"wp:term":[{"taxonomy":"product_brand","embeddable":true,"href":"https:\/\/uj.adatbank.ro\/lexikon\/wp-json\/wp\/v2\/product_brand?post=17987"},{"taxonomy":"product_cat","embeddable":true,"href":"https:\/\/uj.adatbank.ro\/lexikon\/wp-json\/wp\/v2\/product_cat?post=17987"},{"taxonomy":"product_tag","embeddable":true,"href":"https:\/\/uj.adatbank.ro\/lexikon\/wp-json\/wp\/v2\/product_tag?post=17987"}],"curies":[{"name":"wp","href":"https:\/\/api.w.org\/{rel}","templated":true}]}}