{"id":17989,"date":"2025-07-16T10:35:24","date_gmt":"2025-07-16T08:35:24","guid":{"rendered":"https:\/\/uj.adatbank.ro\/lexikon\/termek\/peterffy-kalman-kibedi\/"},"modified":"2025-07-16T10:35:24","modified_gmt":"2025-07-16T08:35:24","slug":"peterffy-kalman-kibedi","status":"publish","type":"product","link":"https:\/\/uj.adatbank.ro\/lexikon\/termek\/peterffy-kalman-kibedi\/","title":{"rendered":"P\u00c9TERFFY K\u00e1lm\u00e1n, kib\u00e9di"},"content":{"rendered":"<p>Ving\u00e1rd, 1906., \u2020\u00a0? : ref. lelk\u00e9sz.- Tanult Nagyenyeden \u00e9s Gyulafeh\u00e9rv\u00e1rt. \u00c9retts\u00e9gi vizsg\u00e1ja ut\u00e1n mint g\u00e9plakatos fel is szabadult, majd 5 \u00e9vig gazd\u00e1lkodott. Lelk\u00e9szi oklevel\u00e9t Kv.-on szerezte. M\u0171k\u00f6d\u00f6tt K\u00e1ny\u00e1don, Sz\u00e9kelyudvarhelyen, Torboszl\u00f3n, majd Gyulakut\u00e1n v\u00e1lasztott\u00e1k meg papnak (1937\u201344). Gy\u00fclekezeti munk\u00e1ja sokir\u00e1ny\u00fa volt. C\u00e9lja volt:a lelki \u00e9let fejl\u0151d\u00e9se, a gy\u00fclekezet fegyelmezetts\u00e9ge, az egyh\u00e1zi \u00e9p\u00fcletek renov\u00e1l\u00e1sa, a h\u00edvek gazdas\u00e1gi \u00e9let\u00e9nek fellend\u00edt\u00e9se, a sz\u00e9kely n\u00e9pviselet \u00e9s n\u00e9pi hagyom\u00e1nyok meg\u0151rz\u00e9se. Zene\u00e9rt\u0151, de a g\u00e9pek kezel\u00e9s\u00e9hez is \u00e9rtett, j\u00e1rtas volt a gy\u00f3gyf\u00fcvekkel val\u00f3 gy\u00f3gy\u00edt\u00e1sban (orvos hi\u00e1ny\u00e1ban testi-lelki gy\u00f3gy\u00edt\u00f3ja, seg\u00edt\u0151je is\u201d olvashat\u00f3 a bekeretezett c\u00edmere alatt, amely a ref. templom orgona karzat\u00e1t d\u00edsz\u00edti), azok termeszt\u00e9s\u00e9ben \u00e9s az \u00e1llatteny\u00e9szt\u00e9sben. Belmisszi\u00f3i munk\u00e1t is v\u00e9gzett f\u0151leg az asszonyok k\u00f6r\u00e9ben. Kult\u00farm\u0171sorokat tan\u00edtott be, el\u0151ad\u00e1sokat szervezett. El\u0151sz\u00f6r hitelsz\u00f6vetkezetet alak\u00edtott, amib\u0151l kin\u0151tt a Hangya \u00e9s a Tejsz\u00f6vetkezet. Hittan\u00f3r\u00e1kon a magyar \u00edr\u00e1s\u00e1olvas\u00e1s tan\u00edt\u00e1s\u00e1val siker\u00fclt az analfab\u00e9tizmust felsz\u00e1molnia. A MP, majd k\u00e9s\u0151bb a N\u00e9pk\u00f6z\u00f6ss\u00e9g megszervez\u00e9s\u00e9 \u00e9rdek\u00e9ben nagy er\u0151fesz\u00edt\u00e9seket tett. Magyars\u00e1ga \u00e9s ellen\u00e1ll\u00e1sa miatt t\u00f6bbsz\u00f6r b\u00fcntett\u00e9k, megfigyel\u00e9s alatt tartott\u00e1k. Minden kultur\u00e1lis, vall\u00e1sos, szoci\u00e1lis egyes\u00fclet lelkes t\u00e1mogat\u00f3ja \u00e9s vezet\u0151s\u00e9gi tagja volt. A bevonul\u00e1skor n\u00e1la megsz\u00e1ll\u00f3 nyilaskeresztes honv\u00e9dtiszt hat\u00e1s\u00e1ra akt\u00edv tagja lett ennek a p\u00e1rtnak, ami r\u00e1nyomta b\u00e9lyeg\u00e9t tov\u00e1bbi munk\u00e1j\u00e1ra is.T\u00f6bb szem\u00e9lyis\u00e9g al\u00e1\u00edr\u00e1s\u00e1val figyelmeztet\u0151 levelet kapott, de nem tudt\u00e1k jobb bel\u00e1t\u00e1sra b\u00edrni (1943 j\u00fan.) Ezt k\u00f6vette az esperesi hivatalos felsz\u00f3l\u00edt\u00e1s, h. politikai p\u00e1rtjelv\u00e9nyt, z\u00f6ld inget ne hordjon, de ez is hat\u00e1stalan maradt. 1944 szept.-ben vaj\u00fad\u00f3 feles\u00e9g\u00e9t \u00e9s gyermekeit h\u00e1trahagyva nyugatra t\u00e1vozott. <br \/><strong>Irod.:<\/strong> Gyulakuta \u00e9s egyh\u00e1za; Sepsisz\u00e9ki; Sz\u00e9kelyf\u00f6ld \u00ed.k., Visnai<\/br><\/p>\n","protected":false},"excerpt":{"rendered":"<p>Ving\u00e1rd, 1906., \u2020\u00a0? : ref. lelk\u00e9sz.- Tanult Nagyenyeden \u00e9s Gyulafeh\u00e9rv\u00e1rt. \u00c9retts\u00e9gi vizsg\u00e1ja ut\u00e1n mint g\u00e9plakatos fel is szabadult, majd 5 \u00e9vig gazd\u00e1lkodott. Lelk\u00e9szi oklevel\u00e9t Kv.-on szerezte. M\u0171k\u00f6d\u00f6tt K\u00e1ny\u00e1don, Sz\u00e9kelyudvarhelyen, Torboszl\u00f3n, majd Gyulakut\u00e1n v\u00e1lasztott\u00e1k meg papnak (1937\u201344). Gy\u00fclekezeti munk\u00e1ja sokir\u00e1ny\u00fa volt. C\u00e9lja volt:a lelki \u00e9let fejl\u0151d\u00e9se, a gy\u00fclekezet fegyelmezetts\u00e9ge, az egyh\u00e1zi \u00e9p\u00fcletek renov\u00e1l\u00e1sa, a h\u00edvek gazdas\u00e1gi [&hellip;]<\/p>\n","protected":false},"featured_media":0,"comment_status":"open","ping_status":"closed","template":"","meta":[],"product_brand":[],"product_cat":[137],"product_tag":[],"class_list":{"0":"post-17989","1":"product","2":"type-product","3":"status-publish","5":"product_cat-maros-megyei-eletrajzi-lexikon","7":"first","8":"instock","9":"shipping-taxable","10":"product-type-simple"},"_links":{"self":[{"href":"https:\/\/uj.adatbank.ro\/lexikon\/wp-json\/wp\/v2\/product\/17989","targetHints":{"allow":["GET"]}}],"collection":[{"href":"https:\/\/uj.adatbank.ro\/lexikon\/wp-json\/wp\/v2\/product"}],"about":[{"href":"https:\/\/uj.adatbank.ro\/lexikon\/wp-json\/wp\/v2\/types\/product"}],"replies":[{"embeddable":true,"href":"https:\/\/uj.adatbank.ro\/lexikon\/wp-json\/wp\/v2\/comments?post=17989"}],"wp:attachment":[{"href":"https:\/\/uj.adatbank.ro\/lexikon\/wp-json\/wp\/v2\/media?parent=17989"}],"wp:term":[{"taxonomy":"product_brand","embeddable":true,"href":"https:\/\/uj.adatbank.ro\/lexikon\/wp-json\/wp\/v2\/product_brand?post=17989"},{"taxonomy":"product_cat","embeddable":true,"href":"https:\/\/uj.adatbank.ro\/lexikon\/wp-json\/wp\/v2\/product_cat?post=17989"},{"taxonomy":"product_tag","embeddable":true,"href":"https:\/\/uj.adatbank.ro\/lexikon\/wp-json\/wp\/v2\/product_tag?post=17989"}],"curies":[{"name":"wp","href":"https:\/\/api.w.org\/{rel}","templated":true}]}}