{"id":17991,"date":"2025-07-16T10:35:26","date_gmt":"2025-07-16T08:35:26","guid":{"rendered":"https:\/\/uj.adatbank.ro\/lexikon\/termek\/peterffy-lajos\/"},"modified":"2025-07-16T10:35:26","modified_gmt":"2025-07-16T08:35:26","slug":"peterffy-lajos","status":"publish","type":"product","link":"https:\/\/uj.adatbank.ro\/lexikon\/termek\/peterffy-lajos\/","title":{"rendered":"P\u00c9TERFFY Lajos"},"content":{"rendered":"<p>Kib\u00e9d, 1911. \u00e1pr. 13. \u2020 Krzywor\u00f3wnia, 1944. j\u00fal. 25.: honv\u00e9d. \u2013 Anyja Tam\u00e1s Anna. \u2013 Honv\u00e9d a 27. vonatparancsnoks\u00e1gn\u00e1l. Partiz\u00e1n k\u00e9zigr\u00e1n\u00e1tt\u00f3l s\u00e9r\u00fclt. A krzywor\u00f3wniai h\u0151si temet\u0151ben van eltemetve. <br \/><strong>Irod.:<\/strong> Berekm\u00e9ri 2015<\/br><\/p>\n","protected":false},"excerpt":{"rendered":"<p>Kib\u00e9d, 1911. \u00e1pr. 13. \u2020 Krzywor\u00f3wnia, 1944. j\u00fal. 25.: honv\u00e9d. \u2013 Anyja Tam\u00e1s Anna. \u2013 Honv\u00e9d a 27. vonatparancsnoks\u00e1gn\u00e1l. Partiz\u00e1n k\u00e9zigr\u00e1n\u00e1tt\u00f3l s\u00e9r\u00fclt. A krzywor\u00f3wniai h\u0151si temet\u0151ben van eltemetve. Irod.: Berekm\u00e9ri 2015<\/p>\n","protected":false},"featured_media":0,"comment_status":"open","ping_status":"closed","template":"","meta":[],"product_brand":[],"product_cat":[137],"product_tag":[],"class_list":{"0":"post-17991","1":"product","2":"type-product","3":"status-publish","5":"product_cat-maros-megyei-eletrajzi-lexikon","7":"first","8":"instock","9":"shipping-taxable","10":"product-type-simple"},"_links":{"self":[{"href":"https:\/\/uj.adatbank.ro\/lexikon\/wp-json\/wp\/v2\/product\/17991","targetHints":{"allow":["GET"]}}],"collection":[{"href":"https:\/\/uj.adatbank.ro\/lexikon\/wp-json\/wp\/v2\/product"}],"about":[{"href":"https:\/\/uj.adatbank.ro\/lexikon\/wp-json\/wp\/v2\/types\/product"}],"replies":[{"embeddable":true,"href":"https:\/\/uj.adatbank.ro\/lexikon\/wp-json\/wp\/v2\/comments?post=17991"}],"wp:attachment":[{"href":"https:\/\/uj.adatbank.ro\/lexikon\/wp-json\/wp\/v2\/media?parent=17991"}],"wp:term":[{"taxonomy":"product_brand","embeddable":true,"href":"https:\/\/uj.adatbank.ro\/lexikon\/wp-json\/wp\/v2\/product_brand?post=17991"},{"taxonomy":"product_cat","embeddable":true,"href":"https:\/\/uj.adatbank.ro\/lexikon\/wp-json\/wp\/v2\/product_cat?post=17991"},{"taxonomy":"product_tag","embeddable":true,"href":"https:\/\/uj.adatbank.ro\/lexikon\/wp-json\/wp\/v2\/product_tag?post=17991"}],"curies":[{"name":"wp","href":"https:\/\/api.w.org\/{rel}","templated":true}]}}