{"id":17996,"date":"2025-07-16T10:35:36","date_gmt":"2025-07-16T08:35:36","guid":{"rendered":"https:\/\/uj.adatbank.ro\/lexikon\/termek\/peterffy-pal-peterffi-pal\/"},"modified":"2025-07-16T10:35:36","modified_gmt":"2025-07-16T08:35:36","slug":"peterffy-pal-peterffi-pal","status":"publish","type":"product","link":"https:\/\/uj.adatbank.ro\/lexikon\/termek\/peterffy-pal-peterffi-pal\/","title":{"rendered":"P\u00c9TERFFY P\u00e1l, P\u00e9terffi P\u00e1l"},"content":{"rendered":"<p>Ving\u00e1rd, 1904. m\u00e1j. 10., \u2020 Mv., 1984. szept. 25.: orvos, egyetemi el\u0151ad\u00f3 tan\u00e1r. \u2013 Feles\u00e9ge Borka Erzs\u00e9bet (1912\u20131992. \u00e1pr. 17). K\u00f6z\u00e9piskol\u00e1t a nagyenyedi Bethlen Koll.-ban, majd Gyulafeh\u00e9rv\u00e1ron a R\u00f3m. Kat. Majl\u00e1th F\u0151gimn\u00e1ziumban v\u00e9gzett (1922). Orvosi diplom\u00e1t Kv.-on az I. Ferdin\u00e1nd Kir\u00e1lyi Egyetemen szerzett (1930). Orvosi p\u00e1ly\u00e1j\u00e1t a bp.-i Szent L\u00e1szl\u00f3 K\u00f3rh\u00e1zban kezdte, majd Debrecenben klinikai m\u0171t\u0151s; a kv.-i Ref. Diakonissza K\u00f3rh\u00e1zban seb\u00e9szorvos (1935\u2013); a Seb\u00e9szeti, M\u0171t\u00e9ttani \u00e9s Urol\u00f3giai Klinika f\u0151orvosa (1941\u2013). Az orvosi egyetem Mv.-re val\u00f3 k\u00f6lt\u00f6z\u00e9sekor \u0151 is \u00e1ttelepedett, Mv.-en k\u00f3rh\u00e1zi seb\u00e9szf\u0151orvos a Seb\u00e9szeti Klinok\u00e1n (1945\u2013); az OGYI 1. sz\u00e1m\u00fa Seb\u00e9szeti Klinik\u00e1j\u00e1n el\u0151ad\u00f3tan\u00e1r (1948\u2013); Gyergy\u00f3szentmikl\u00f3son k\u00f3rh\u00e1zigazgat\u00f3 (1952\u2013); visszat\u00e9rve Mv.-re az \u00fajonnan megalakul\u00f3 Sz\u00e1jseb\u00e9szeti \u00e9s Onkol\u00f3giai Oszt\u00e1ly f\u0151orvosa. Az orvostudom\u00e1ny doktora (1969). F\u0151leg a gyomor \u00e9s b\u00e9lcsatorna k\u00f3ros folyamataival, a prosztata elv\u00e1ltoz\u00e1saival \u00e9s az eml\u0151r\u00e1kkal foglalkozott. Dolgozatai a Zentralblatt f\u00fcr Chirurgie, Orvosi Hetilap, Magyar Urol\u00f3gia, EME Orvosi \u00c9rtes\u00edt\u0151, Orvosi Szemle\u2013Revista Medical\u0103, Chirurgia, Magyar Seb\u00e9szet, Archiv de l&#8217;Union M\u00e9dicale Balcanique \u00e9s m\u00e1s szaklapok has\u00e1bjain, valamint kongresszusi k\u00f6tetekben jelentek meg. M\u00e1r a kv.-i tart\u00f3zkod\u00e1sa alatt bekapcsol\u00f3dott az EME Orvostudom\u00e1nyi Szakoszt\u00e1ly\u00e1nak tev\u00e9kenys\u00e9g\u00e9be-el\u0151ad\u00e1sokat tartott, a szakoszt\u00e1ly p\u00e9nzt\u00e1rosa (1942). \u2013 <strong>F. m.:<\/strong> A gyomor \u00e9s nyomb\u00e9l els\u0151 harmad\u00e1nak betegs\u00e9gei (Mv. 1950), <strong>t\u00e1rssz.:<\/strong> Szem\u00e9szeti funkcion\u00e1lis vizsg\u00e1latok (Fodor F., -el, Bp., 1989). <br \/><strong>Irod.:<\/strong> Genersich; Nagy L; [Nekrol\u00f3g] (V. Z., 1984. szept. 26.); P\u00e9ter; P\u00e9ter Mih\u00e1ly 2006; P\u00e9terffy 2016; Kiss-P.-P.; P\u00e9terffy \u00c1.- P.P.; RMIL; Todea\u2013F\u00fcl\u00f6p\u2013Avram<\/br><\/p>\n","protected":false},"excerpt":{"rendered":"<p>Ving\u00e1rd, 1904. m\u00e1j. 10., \u2020 Mv., 1984. szept. 25.: orvos, egyetemi el\u0151ad\u00f3 tan\u00e1r. \u2013 Feles\u00e9ge Borka Erzs\u00e9bet (1912\u20131992. \u00e1pr. 17). K\u00f6z\u00e9piskol\u00e1t a nagyenyedi Bethlen Koll.-ban, majd Gyulafeh\u00e9rv\u00e1ron a R\u00f3m. Kat. Majl\u00e1th F\u0151gimn\u00e1ziumban v\u00e9gzett (1922). Orvosi diplom\u00e1t Kv.-on az I. Ferdin\u00e1nd Kir\u00e1lyi Egyetemen szerzett (1930). Orvosi p\u00e1ly\u00e1j\u00e1t a bp.-i Szent L\u00e1szl\u00f3 K\u00f3rh\u00e1zban kezdte, majd Debrecenben klinikai [&hellip;]<\/p>\n","protected":false},"featured_media":0,"comment_status":"open","ping_status":"closed","template":"","meta":[],"product_brand":[],"product_cat":[137],"product_tag":[],"class_list":{"0":"post-17996","1":"product","2":"type-product","3":"status-publish","5":"product_cat-maros-megyei-eletrajzi-lexikon","7":"first","8":"instock","9":"shipping-taxable","10":"product-type-simple"},"_links":{"self":[{"href":"https:\/\/uj.adatbank.ro\/lexikon\/wp-json\/wp\/v2\/product\/17996","targetHints":{"allow":["GET"]}}],"collection":[{"href":"https:\/\/uj.adatbank.ro\/lexikon\/wp-json\/wp\/v2\/product"}],"about":[{"href":"https:\/\/uj.adatbank.ro\/lexikon\/wp-json\/wp\/v2\/types\/product"}],"replies":[{"embeddable":true,"href":"https:\/\/uj.adatbank.ro\/lexikon\/wp-json\/wp\/v2\/comments?post=17996"}],"wp:attachment":[{"href":"https:\/\/uj.adatbank.ro\/lexikon\/wp-json\/wp\/v2\/media?parent=17996"}],"wp:term":[{"taxonomy":"product_brand","embeddable":true,"href":"https:\/\/uj.adatbank.ro\/lexikon\/wp-json\/wp\/v2\/product_brand?post=17996"},{"taxonomy":"product_cat","embeddable":true,"href":"https:\/\/uj.adatbank.ro\/lexikon\/wp-json\/wp\/v2\/product_cat?post=17996"},{"taxonomy":"product_tag","embeddable":true,"href":"https:\/\/uj.adatbank.ro\/lexikon\/wp-json\/wp\/v2\/product_tag?post=17996"}],"curies":[{"name":"wp","href":"https:\/\/api.w.org\/{rel}","templated":true}]}}